{"id":2078,"date":"2024-05-10T16:27:21","date_gmt":"2024-05-10T15:27:21","guid":{"rendered":"https:\/\/www.autoskolakristan.cz\/cz\/?page_id=2078"},"modified":"2024-05-26T08:23:25","modified_gmt":"2024-05-26T07:23:25","slug":"nakladni-automobil-prives","status":"publish","type":"page","link":"https:\/\/www.autoskolakristan.cz\/cz\/praha\/nakladni-automobil-prives\/","title":{"rendered":"N\u00e1kladn\u00ed automobil s p\u0159\u00edv\u011bsem"},"content":{"rendered":"\n\n\t\t<h1>\n\t\t\tN\u00c1KLADN\u00cd AUTOMOBIL S P\u0158\u00cdV\u011aSEM\n\t\t\t\t\t\t\t\t\t\t\tPRAHA\n\t\t<\/h1>\n\t\t\t<p>Nen\u00ed auto\u0161kola jako auto\u0161kola<\/p>\t\t\n<h4>\n\t\t\u0158IDI\u010cSK\u00dd PR\u016eKAZ SKUPINY C+E\n\t<\/h4>\n<h2>\n\t\tN\u00e1kladn\u00ed automobil s p\u0159\u00edv\u011bsem\n\t<\/h2>\n\t<p>\u0158idi\u010dsk\u00fd pr\u016fkaz skupiny C+E oprav\u0148uje k \u0159\u00edzen\u00ed soupravy motorov\u00fdch vozidel tvo\u0159en\u00e9 n\u00e1kladn\u00edm automobilem a p\u0159\u00edv\u011bsem nebo n\u00e1v\u011bsem bez omezen\u00ed hmotnosti soupravy (tj. kamion s p\u0159\u00edv\u011bsem nebo n\u00e1v\u011bsem)<\/p>\n<p>D\u00e1le tak\u00e9 j\u00edzdn\u00ed souprava za\u0159azen\u00e1 do skupiny D+E, pokud m\u00e1 dr\u017eitel \u0159idi\u010dsk\u00e9 opr\u00e1vn\u011bn\u00ed pro skupinu D (v praxi to znamen\u00e1, \u017ee dr\u017eitel skupin C a D p\u0159i roz\u0161\u00ed\u0159en\u00ed na C+E automaticky z\u00edsk\u00e1 D+E stejn\u011b tak dr\u017eitel C+E p\u0159i roz\u0161\u00ed\u0159en\u00ed na D z\u00edsk\u00e1 D+E).<\/p>\n\t\t\t\t\t\t\t\t\t<img decoding=\"async\" src=\"http:\/\/www.autoskolakristan.cz\/wp-content\/uploads\/2021\/03\/nakladni.jpg\" alt=\"nakladni\" itemprop=\"image\" srcset=\"https:\/\/www.autoskolakristan.cz\/wp-content\/uploads\/2021\/03\/nakladni.jpg 601w, https:\/\/www.autoskolakristan.cz\/wp-content\/uploads\/2021\/03\/nakladni-300x194.jpg 300w, https:\/\/www.autoskolakristan.cz\/wp-content\/uploads\/2021\/03\/nakladni-16x10.jpg 16w\" sizes=\"(max-width: 601px) 100vw, 601px\" title=\"nakladni\" onerror=\"this.style.display='none'\"  \/>\n\t\t\t<a href=\"#vycvik-c\" target=\"_self\" rel=\"noopener\">\n\t\t\t\t\t\t\tJAK VYPAD\u00c1 V\u00ddCVIK?\n\t\t\t\t\t<\/a>\n<h2>\n\t\tN\u00c1KLADN\u00cd AUTOMOBIL S P\u0158\u00cdV\u011aSEM C+E\n\t<\/h2>\n\t<p>Bude\u0161 moci \u0159\u00eddit vozidla skupiny C s p\u0159\u00edpojn\u00fdm vozidlem nad 750 kg<\/p>\n\t\t<h3>PRO\u010c AUTO\u0160KOLA K\u0158I\u0160\u0164AN?<\/h3><p>1. individu\u00e1ln\u00ed p\u0159\u00edstup,<\/p>\n<p>2. kvalitn\u00ed vozidla,<\/p>\n<p>3. mo\u017enosti konzultace,<\/p>\n<p>4. p\u0159es 25 let tradice<\/p>\n\t\t<h3>PODM\u00cdNKY UD\u011aLEN\u00cd<\/h3><p>1. v\u011bk 21 let,<\/p>\n<p>2. platn\u00e1 l\u00e9ka\u0159sk\u00e1 prohl\u00eddka,<\/p>\n<p>3. \u017eadatel je dr\u017eitelem \u0159idi\u010dsk\u00e9ho opr\u00e1vn\u011bn\u00ed skupiny C,<\/p>\n<p>4. obvykl\u00e9 bydli\u0161t\u011b na \u00fazem\u00ed \u010cesk\u00e9 republiky nebo studium v \u010cR alespo\u0148 6 m\u011bs\u00edc\u016f.<\/p>\n\t\t<h3>V\u011aKOV\u00c1 V\u00ddJIMKA<\/h3><p><strong>\u0158idi\u010dsk\u00e9 opr\u00e1vn\u011bn\u00ed pro skupiny C+E lze ud\u011blit rovn\u011b\u017e osob\u011b, kter\u00e1 dos\u00e1hla v\u011bku 18 let. Toto \u0159idi\u010dsk\u00e9 opr\u00e1vn\u011bn\u00ed oprav\u0148uje do dosa\u017een\u00ed v\u011bku 21 let jeho dr\u017eitele k \u0159\u00edzen\u00ed:<\/strong><\/p>\n<p>a) v r\u00e1mci vstupn\u00edho \u0161kolen\u00ed podle zvl\u00e1\u0161tn\u00edho pr\u00e1vn\u00edho p\u0159edpisu,<\/p>\n<p>b) pokud je dr\u017eitelem pr\u016fkazu profesn\u00ed zp\u016fsobilosti \u0159idi\u010de a podrobil se vstupn\u00edmu \u0161kolen\u00ed podle zvl\u00e1\u0161tn\u00edho pr\u00e1vn\u00edho p\u0159edpisu v roz\u0161\u00ed\u0159en\u00e9m rozsahu<\/p>\n\t<a href=\"https:\/\/www.autoskolakristan.cz\/praha\/online-prihlaska\/\" target=\"_self\" role=\"button\" aria-label=\"OBJEDNAT\" rel=\"noopener\">\n\t\t\t\t\t\tOBJEDNAT\n\t\t\t<\/a>\n<h4>\n\t\tJAK V\u00ddCVIK VYPAD\u00c1?\n\t<\/h4>\n\t\t\t\tD\u00c9LKA V\u00ddCVIKU\n\t\t\t\t\tD\u00e9lka v\u00fdcviku z\u00e1vis\u00ed na schopnostech \u017eadatele (b\u011b\u017en\u011b m\u011bs\u00edc). Individu\u00e1ln\u00ed zrychlen\u00fd v\u00fdcvik je mo\u017en\u00e9 stihnout za 16 dn\u00ed. Jedna vyu\u010dovac\u00ed hodina trv\u00e1 45 minut. Uchaze\u010d se objedn\u00e1v\u00e1 na j\u00edzdn\u00ed hodiny dle sv\u00fdch \u010dasov\u00fdch mo\u017enost\u00ed, m\u016f\u017ee absolvovat nejv\u00fd\u0161e dv\u011b praktick\u00e9 hodiny denn\u011b. V\u00fdcvik se prov\u00e1d\u00ed na vozidle LIAZ s p\u0159ipojen\u00fdm n\u00e1kladn\u00edm p\u0159\u00edv\u011bsem.\n\t\t\t\t12 HODIN PRAXE\n<p><strong>8<\/strong> hodin: v\u00fdcvik v \u0159\u00edzen\u00ed vozidla<\/p>\n<p><strong>2<\/strong> hodiny: v\u00fdcvik praktick\u00e9 \u00fadr\u017eby<\/p>\n<p><strong>2<\/strong> hodiny: praktick\u00fd v\u00fdcvik zdravotnick\u00e9 p\u0159\u00edpravy<\/p>\n\u00a0\n\t\t\t\t6 HODIN TEORIE\n<p><strong>1<\/strong> hodiny: v\u00fduka p\u0159edpis\u016f o\u00a0provozu vozidel<\/p>\n<p><strong>1<\/strong> hodiny: v\u00fduka o\u00a0ovl\u00e1d\u00e1n\u00ed a \u00fadr\u017eb\u011b vozidla<\/p>\n<p><strong>2<\/strong> hodiny: v\u00fduku teorie \u0159\u00edzen\u00ed a z\u00e1sad bezpe\u010dn\u00e9 j\u00edzdy<\/p>\n<p><strong>1<\/strong>\u00a0hodina: v\u00fduku zdravotnick\u00e9 p\u0159\u00edpravy<\/p>\n<p><strong>1<\/strong>\u00a0hodina: opakov\u00e1n\u00ed a p\u0159ezkou\u0161en\u00ed<\/p>\n\t\t\t\tZKOU\u0160KA\n<p>Z\u00e1v\u011bre\u010dn\u00e9 zkou\u0161ky se skl\u00e1daj\u00ed obvykle v\u00a0s\u00eddle auto\u0161koly. Zkou\u0161ky se konaj\u00ed ka\u017ed\u00fd t\u00fdden, pravideln\u011b za\u010d\u00ednaj\u00ed v\u00a07\u00a0hodin r\u00e1no. \u017dadatel mus\u00ed m\u00edt s\u00a0sebou platn\u00fd ob\u010dansk\u00fd pr\u016fkaz, pop\u0159\u00edpad\u011b \u0158P, pokud jej vlastn\u00ed + magistr\u00e1tn\u00ed poplatek. Zkou\u0161ky jsou rozd\u011bleny do 3\u00a0\u010d\u00e1st\u00ed:<\/p>\n<ul>\n<li>zkou\u0161ka z\u00a0p\u0159edpis\u016f o\u00a0provozu na pozemn\u00edch komunikac\u00edch (1\u00a0test)<\/li>\n<li>zkou\u0161ka z\u00a0praktick\u00e9 j\u00edzdy<\/li>\n<li>zkou\u0161ka z\u00a0ovl\u00e1d\u00e1n\u00ed a \u00fadr\u017eby vozidla (3\u00a0ot\u00e1zky)<\/li>\n<\/ul>\n<h4>\n\t\tSKV\u011aL\u00dd V\u00ddCVIK MUS\u00cd BAVIT\n\t<\/h4>\n<h2>\n\t\tTakto vypad\u00e1 pohodov\u00e1 auto\u0161kola\n\t<\/h2>\n\t\t\t\t<a\n\t\t\thref=\"https:\/\/www.autoskolakristan.cz\/wp-content\/uploads\/2021\/03\/IMG_5249-1-1024x768.jpg\"\n\t\t\t\t\t\tdata-fancybox=\"images\" \n\t\t\ttitle=\"IMG_5249\" \n\t\t\t\t\t\tdata-description=\"\" \n\t\t\titemprop=\"contentUrl\">\n\t\t\t<img loading=\"lazy\" decoding=\"async\" src=\"https:\/\/www.autoskolakristan.cz\/wp-content\/uploads\/2021\/03\/IMG_5249-1-1024x768.jpg\" alt=\"\" data-no-lazy=\"1\" itemprop=\"thumbnail\" width=\"1024\" height=\"768\" \/>\n\t\t\t<!-- Overlay Wrapper -->\n\t\t\t <!-- Overlay Wrapper Closed -->\n\t\t\t\t<\/a>\n\t\t\t\t\t\t\t<meta itemprop=\"width\" content=\"1024\" \/>\n\t\t\t<meta itemprop=\"height\" content=\"768\" \/>\n\t\t\t\t<a\n\t\t\thref=\"https:\/\/www.autoskolakristan.cz\/wp-content\/uploads\/2021\/03\/IMG_4120-1-1024x768.jpg\"\n\t\t\t\t\t\tdata-fancybox=\"images\" \n\t\t\ttitle=\"IMG_4120\" \n\t\t\t\t\t\tdata-description=\"\" \n\t\t\titemprop=\"contentUrl\">\n\t\t\t<img loading=\"lazy\" decoding=\"async\" src=\"https:\/\/www.autoskolakristan.cz\/wp-content\/uploads\/2021\/03\/IMG_4120-1-1024x768.jpg\" alt=\"\" data-no-lazy=\"1\" itemprop=\"thumbnail\" width=\"1024\" height=\"768\" \/>\n\t\t\t<!-- Overlay Wrapper -->\n\t\t\t <!-- Overlay Wrapper Closed -->\n\t\t\t\t<\/a>\n\t\t\t\t\t\t\t<meta itemprop=\"width\" content=\"1024\" \/>\n\t\t\t<meta itemprop=\"height\" content=\"768\" \/>\n\t\t\t\t<a\n\t\t\thref=\"https:\/\/www.autoskolakristan.cz\/wp-content\/uploads\/2020\/07\/car02.jpg\"\n\t\t\t\t\t\tdata-fancybox=\"images\" \n\t\t\ttitle=\"car02\" \n\t\t\t\t\t\tdata-description=\"\" \n\t\t\titemprop=\"contentUrl\">\n\t\t\t<img loading=\"lazy\" decoding=\"async\" src=\"https:\/\/www.autoskolakristan.cz\/wp-content\/uploads\/2020\/07\/car02.jpg\" alt=\"\" data-no-lazy=\"1\" itemprop=\"thumbnail\" width=\"768\" height=\"576\" \/>\n\t\t\t<!-- Overlay Wrapper -->\n\t\t\t <!-- Overlay Wrapper Closed -->\n\t\t\t\t<\/a>\n\t\t\t\t\t\t\t<meta itemprop=\"width\" content=\"768\" \/>\n\t\t\t<meta itemprop=\"height\" content=\"576\" \/>\n\t\t\t\t<a\n\t\t\thref=\"https:\/\/www.autoskolakristan.cz\/wp-content\/uploads\/2021\/03\/IMG_4282-1024x768.jpg\"\n\t\t\t\t\t\tdata-fancybox=\"images\" \n\t\t\ttitle=\"IMG_4282\" \n\t\t\t\t\t\tdata-description=\"\" \n\t\t\titemprop=\"contentUrl\">\n\t\t\t<img loading=\"lazy\" decoding=\"async\" src=\"https:\/\/www.autoskolakristan.cz\/wp-content\/uploads\/2021\/03\/IMG_4282-1024x768.jpg\" alt=\"\" data-no-lazy=\"1\" itemprop=\"thumbnail\" width=\"1024\" height=\"768\" \/>\n\t\t\t<!-- Overlay Wrapper -->\n\t\t\t <!-- Overlay Wrapper Closed -->\n\t\t\t\t<\/a>\n\t\t\t\t\t\t\t<meta itemprop=\"width\" content=\"1024\" \/>\n\t\t\t<meta itemprop=\"height\" content=\"768\" \/>\n\t\t\t\t<a\n\t\t\thref=\"https:\/\/www.autoskolakristan.cz\/wp-content\/uploads\/2021\/03\/daniela_pouzit-1024x768.jpg\"\n\t\t\t\t\t\tdata-fancybox=\"images\" \n\t\t\ttitle=\"daniela_pouzit\" \n\t\t\t\t\t\tdata-description=\"\" \n\t\t\titemprop=\"contentUrl\">\n\t\t\t<img loading=\"lazy\" decoding=\"async\" src=\"https:\/\/www.autoskolakristan.cz\/wp-content\/uploads\/2021\/03\/daniela_pouzit-1024x768.jpg\" alt=\"\" data-no-lazy=\"1\" itemprop=\"thumbnail\" width=\"1024\" height=\"768\" \/>\n\t\t\t<!-- Overlay Wrapper -->\n\t\t\t <!-- Overlay Wrapper Closed -->\n\t\t\t\t<\/a>\n\t\t\t\t\t\t\t<meta itemprop=\"width\" content=\"1024\" \/>\n\t\t\t<meta itemprop=\"height\" content=\"768\" \/>\n\t\t\t\t<a\n\t\t\thref=\"https:\/\/www.autoskolakristan.cz\/wp-content\/uploads\/2021\/03\/IMG_5677-1024x768.jpg\"\n\t\t\t\t\t\tdata-fancybox=\"images\" \n\t\t\ttitle=\"IMG_5677\" \n\t\t\t\t\t\tdata-description=\"\" \n\t\t\titemprop=\"contentUrl\">\n\t\t\t<img loading=\"lazy\" decoding=\"async\" src=\"https:\/\/www.autoskolakristan.cz\/wp-content\/uploads\/2021\/03\/IMG_5677-1024x768.jpg\" alt=\"\" data-no-lazy=\"1\" itemprop=\"thumbnail\" width=\"1024\" height=\"768\" \/>\n\t\t\t<!-- Overlay Wrapper -->\n\t\t\t <!-- Overlay Wrapper Closed -->\n\t\t\t\t<\/a>\n\t\t\t\t\t\t\t<meta itemprop=\"width\" content=\"1024\" \/>\n\t\t\t<meta itemprop=\"height\" content=\"768\" \/>\n\t\t\t\t<a\n\t\t\thref=\"https:\/\/www.autoskolakristan.cz\/wp-content\/uploads\/2021\/03\/IMG_6369-1024x768.jpg\"\n\t\t\t\t\t\tdata-fancybox=\"images\" \n\t\t\ttitle=\"IMG_6369\" \n\t\t\t\t\t\tdata-description=\"\" \n\t\t\titemprop=\"contentUrl\">\n\t\t\t<img loading=\"lazy\" decoding=\"async\" src=\"https:\/\/www.autoskolakristan.cz\/wp-content\/uploads\/2021\/03\/IMG_6369-1024x768.jpg\" alt=\"\" data-no-lazy=\"1\" itemprop=\"thumbnail\" width=\"1024\" height=\"768\" \/>\n\t\t\t<!-- Overlay Wrapper -->\n\t\t\t <!-- Overlay Wrapper Closed -->\n\t\t\t\t<\/a>\n\t\t\t\t\t\t\t<meta itemprop=\"width\" content=\"1024\" \/>\n\t\t\t<meta itemprop=\"height\" content=\"768\" \/>\n\t\t\t\t<a\n\t\t\thref=\"https:\/\/www.autoskolakristan.cz\/wp-content\/uploads\/2021\/03\/IMG_4387-1024x768.jpg\"\n\t\t\t\t\t\tdata-fancybox=\"images\" \n\t\t\ttitle=\"IMG_4387\" \n\t\t\t\t\t\tdata-description=\"\" \n\t\t\titemprop=\"contentUrl\">\n\t\t\t<img loading=\"lazy\" decoding=\"async\" src=\"https:\/\/www.autoskolakristan.cz\/wp-content\/uploads\/2021\/03\/IMG_4387-1024x768.jpg\" alt=\"\" data-no-lazy=\"1\" itemprop=\"thumbnail\" width=\"1024\" height=\"768\" \/>\n\t\t\t<!-- Overlay Wrapper -->\n\t\t\t <!-- Overlay Wrapper Closed -->\n\t\t\t\t<\/a>\n\t\t\t\t\t\t\t<meta itemprop=\"width\" content=\"1024\" \/>\n\t\t\t<meta itemprop=\"height\" content=\"768\" \/>\n\t\t\t\t<a href=\"#\">Dal\u0161\u00ed obr\u00e1zky<\/a>\n\t<a href=\"https:\/\/www.autoskolakristan.cz\/praha\/osobni-automobil\/\" target=\"_self\" role=\"button\" aria-label=\"OSOBN\u00cd AUTOMOBIL\" rel=\"noopener\">\n\t\t\t\t\t\tOSOBN\u00cd AUTOMOBIL\n\t\t\t\t\t<\/a>\n\t<a href=\"#kral-silnic\" target=\"_self\" role=\"button\" aria-label=\"OSTATN\u00cd\" rel=\"noopener\">\n\t\t\t\t\t\tOSTATN\u00cd\n\t\t\t\t\t<\/a>\n\t<p>Osobn\u00ed auto s n\u00e1mi ovl\u00e1dne\u0161 naprosto skv\u011ble a z\u00edsk\u00e1\u0161 p\u0159i tom \u0159idi\u010dsk\u00e9 opr\u00e1vn\u011bn\u00ed skupiny B, kter\u00e9 ti umo\u017en\u00ed jezdit auty po cel\u00e9m sv\u011bt\u011b.<\/p>\n<p>Samoz\u0159ejm\u011b stejn\u011b skv\u011ble u\u010d\u00edme \u0159\u00edzen\u00ed v\u011bt\u0161\u00edch vozidel jako je n\u00e1kladn\u00ed v\u016fz (C), autobus (D) a k nim i p\u0159\u00edv\u011bs (E). A pokud t\u011b l\u00e1k\u00e1 dravost motorky, tak nev\u00e1hej a nau\u010d se ji osedlat u n\u00e1s!<\/p>\n\t\t<h4>\n\t\t\tModal Box\n\t\t\t\t\t<\/h4>\n\t\t<h5>modal-<\/h5>\n\t\tClick here to edit the &#8222;modal-box&#8220; settings. This text is only for editing and will not appear after you publish the changes.\t\n\t\t\t\t\t\tPreview\n\t\t\tmodal-\n\t\t\t\t\t\t\t\t\t<img loading=\"lazy\" decoding=\"async\" width=\"280\" height=\"280\" src=\"http:\/\/www.autoskolakristan.cz\/wp-content\/uploads\/2021\/01\/kristan_logo_header.png\" alt=\"kristan_logo_header\" itemprop=\"image\" srcset=\"https:\/\/www.autoskolakristan.cz\/wp-content\/uploads\/2021\/01\/kristan_logo_header.png 280w, https:\/\/www.autoskolakristan.cz\/wp-content\/uploads\/2021\/01\/kristan_logo_header-150x150.png 150w, https:\/\/www.autoskolakristan.cz\/wp-content\/uploads\/2021\/01\/kristan_logo_header-12x12.png 12w\" sizes=\"auto, (max-width: 280px) 100vw, 280px\" title=\"kristan_logo_header\" onerror=\"this.style.display='none'\"  \/>\n\t\t<h1>\n\t\tNOV\u011a \u0158IDI\u010c\u00c1K JI\u017d OD 17 LET!\n\t<\/h1>\n\t<p>Od ledna 2024 m\u016f\u017eete slo\u017eit z\u00e1v\u011bre\u010dnou zkou\u0161ku a z\u00edskat \u0159idi\u010dsk\u00e9 opr\u00e1vn\u011bn\u00ed ode dne dovr\u0161en\u00ed 17. roku v tzv. re\u017eimu L17. V\u00fdcvik prob\u00edh\u00e1 ve stejn\u00e9 podob\u011b a cen\u011b jako klasick\u00fd v\u00fdcvik pro skupinu B &#8211; osobn\u00ed automobil.<\/p>\n<p><strong>P\u0159ihlaste se na v\u00fdcvik je\u0161t\u011b dnes!<\/strong><\/p>\n<p>&nbsp;<\/p>\n<p>\u0158idi\u010di ve v\u011bku do 18 let mohou jezdit pouze pod dohledem mentora &#8211; zku\u0161en\u00e9ho \u0159idi\u010de.<\/p>\n<p>P\u0159ipravujeme standardizovan\u00e9 \u0161kolen\u00ed i individu\u00e1ln\u00ed v\u00fdcvik mentor\u016f. Zavolejte n\u00e1m a domluv\u00edme se na term\u00ednu.<\/p>\n\t\t\t\t\t\t\t\t<a href=\"\/ridicsky-prukaz\/#cenik\" target=\"_self\" itemprop=\"url\" rel=\"noopener\">\n\t\t\t\t\t\t\t\t\t<img loading=\"lazy\" decoding=\"async\" width=\"495\" height=\"493\" src=\"http:\/\/www.autoskolakristan.cz\/wp-content\/uploads\/2023\/11\/l17.png\" alt=\"l17\" itemprop=\"image\" srcset=\"https:\/\/www.autoskolakristan.cz\/wp-content\/uploads\/2023\/11\/l17.png 495w, https:\/\/www.autoskolakristan.cz\/wp-content\/uploads\/2023\/11\/l17-300x300.png 300w, https:\/\/www.autoskolakristan.cz\/wp-content\/uploads\/2023\/11\/l17-150x150.png 150w, https:\/\/www.autoskolakristan.cz\/wp-content\/uploads\/2023\/11\/l17-12x12.png 12w\" sizes=\"auto, (max-width: 495px) 100vw, 495px\" title=\"l17\" onerror=\"this.style.display='none'\"  \/>\n\t\t\t\t\t\t\t\t\t\t\t\t\t<\/a>\n\t<a href=\"https:\/\/www.autoskolakristan.cz\/cz\/praha\/darovat-autoskolu\/\" target=\"_self\" role=\"button\" aria-label=\"OSOBN\u00cd AUTOMOBIL\" rel=\"noopener\">\n\t\t\t\t\t\tOSOBN\u00cd AUTOMOBIL\n\t\t\t\t\t<\/a>\n\t<a href=\"https:\/\/www.autoskolakristan.cz\/cz\/praha\/online-prihlaska\/\" target=\"_self\" role=\"button\" aria-label=\"OBJEDNAT\" rel=\"noopener\">\n\t\t\t\t\t\tOBJEDNAT\n\t\t\t\t\t<\/a>\n\t\t<h2>\n\t\t\tNA\u0160I SPOKOJEN\u00cd \u017d\u00c1CI\n\t\t<\/h2>\n\t\t\t<p>P\u0159e\u010dt\u011bte si, jak n\u00e1s vid\u00ed na\u0161i absolventi, co jim v\u00fdcvik u n\u00e1s p\u0159inesl a jak\u00e9 obavy p\u0159ekonali.<\/p>\t\t\n                        <img decoding=\"async\" src=\"https:\/\/www.autoskolakristan.cz\/wp-content\/uploads\/bb-plugin\/cache\/Dewi_testimonial-square.jpg\" alt=\"Dewi_testimonial\" itemprop=\"image\" title=\"Dewi_testimonial\"  \/>\n\t\t                    <h4>Dewi<\/h4>\n                \t\t        \t\t        \t<p>I was a bit afraid of a driving school, but autoskola Kristan taught me everything and now I&#8217;m a confident driver. I can fully recommend this driving school.<\/p>\n                        <img loading=\"lazy\" decoding=\"async\" src=\"https:\/\/www.autoskolakristan.cz\/wp-content\/uploads\/bb-plugin\/cache\/testimonial02-square.png\" alt=\"testimonial02\" itemprop=\"image\" height=\"333\" width=\"318\" title=\"testimonial02\"  \/>\n\t\t                    <h4>Kristi\u00e1n<\/h4>\n                \t\t        \t\t        \t<p>Hledal jsem auto\u0161kolu, kde se toho nau\u010d\u00edm, co nejv\u00edce a projedu co nejhust\u0161\u00edm provozem. Auto\u0161kola K\u0159i\u0161\u0165an mi to splnila a j\u00e1 jsem maxim\u00e1ln\u011b spokojen!<\/p>\n\t\t<h2>\n\t\t\tROZJEDEME TO?\n\t\t<\/h2>\n\t\t\t<p>Z\u00edskej \u0159idi\u010d\u00e1k a zku\u0161enosti najednou. P\u0159ipoj se ke stovk\u00e1m nad\u0161en\u00fdch \u0159idi\u010d\u016f!<\/p>\t\t\n\t<a href=\"https:\/\/www.autoskolakristan.cz\/praha\/online-prihlaska\/\" target=\"_self\" role=\"button\" aria-label=\"ONLINE P\u0158IHL\u00c1\u0160KA\" rel=\"noopener\">\n\t\t\t\t\t\tONLINE P\u0158IHL\u00c1\u0160KA\n\t\t\t<\/a>\n\t<p>D\u00edky online p\u0159ihl\u00e1\u0161ce se m\u016f\u017eete na kurz p\u0159ihl\u00e1sit, nebo jej objednat jako d\u00e1rek n\u011bkomu z Va\u0161ich bl\u00edzk\u00fdch.<\/p>\n\n","protected":false},"excerpt":{"rendered":"<p>N\u00c1KLADN\u00cd AUTOMOBIL S P\u0158\u00cdV\u011aSEM PRAHA Nen\u00ed auto\u0161kola jako auto\u0161kola \u0158IDI\u010cSK\u00dd PR\u016eKAZ SKUPINY C+E N\u00e1kladn\u00ed automobil s p\u0159\u00edv\u011bsem \u0158idi\u010dsk\u00fd pr\u016fkaz skupiny C+E oprav\u0148uje k \u0159\u00edzen\u00ed soupravy motorov\u00fdch vozidel tvo\u0159en\u00e9 n\u00e1kladn\u00edm automobilem a p\u0159\u00edv\u011bsem nebo n\u00e1v\u011bsem bez omezen\u00ed hmotnosti soupravy (tj. kamion s p\u0159\u00edv\u011bsem nebo n\u00e1v\u011bsem) D\u00e1le tak\u00e9 j\u00edzdn\u00ed souprava za\u0159azen\u00e1 do skupiny D+E, pokud m\u00e1 dr\u017eitel&hellip;<\/p>\n","protected":false},"author":3,"featured_media":0,"parent":1936,"menu_order":8,"comment_status":"closed","ping_status":"closed","template":"","meta":{"footnotes":""},"class_list":["post-2078","page","type-page","status-publish","hentry"],"_links":{"self":[{"href":"https:\/\/www.autoskolakristan.cz\/cz\/wp-json\/wp\/v2\/pages\/2078","targetHints":{"allow":["GET"]}}],"collection":[{"href":"https:\/\/www.autoskolakristan.cz\/cz\/wp-json\/wp\/v2\/pages"}],"about":[{"href":"https:\/\/www.autoskolakristan.cz\/cz\/wp-json\/wp\/v2\/types\/page"}],"author":[{"embeddable":true,"href":"https:\/\/www.autoskolakristan.cz\/cz\/wp-json\/wp\/v2\/users\/3"}],"replies":[{"embeddable":true,"href":"https:\/\/www.autoskolakristan.cz\/cz\/wp-json\/wp\/v2\/comments?post=2078"}],"version-history":[{"count":4,"href":"https:\/\/www.autoskolakristan.cz\/cz\/wp-json\/wp\/v2\/pages\/2078\/revisions"}],"predecessor-version":[{"id":2174,"href":"https:\/\/www.autoskolakristan.cz\/cz\/wp-json\/wp\/v2\/pages\/2078\/revisions\/2174"}],"up":[{"embeddable":true,"href":"https:\/\/www.autoskolakristan.cz\/cz\/wp-json\/wp\/v2\/pages\/1936"}],"wp:attachment":[{"href":"https:\/\/www.autoskolakristan.cz\/cz\/wp-json\/wp\/v2\/media?parent=2078"}],"curies":[{"name":"wp","href":"https:\/\/api.w.org\/{rel}","templated":true}]}}