{"id":2146,"date":"2024-05-26T08:11:56","date_gmt":"2024-05-26T07:11:56","guid":{"rendered":"https:\/\/www.autoskolakristan.cz\/cz\/?page_id=2146"},"modified":"2024-05-26T08:22:06","modified_gmt":"2024-05-26T07:22:06","slug":"informace-pro-zaky","status":"publish","type":"page","link":"https:\/\/www.autoskolakristan.cz\/cz\/praha\/informace-pro-zaky\/","title":{"rendered":"D\u016fle\u017eit\u00e9 informace pro \u017e\u00e1ky"},"content":{"rendered":"\n\n\t\t<h1>\n\t\t\tD\u016eLE\u017dIT\u00c9 INFORMACE PRO \u017d\u00c1KY\n\t\t\t\t\t\t\t\t\t\t\tPRAHA\n\t\t<\/h1>\n\t\t\t<p>Nen\u00ed auto\u0161kola jako auto\u0161kola<\/p>\t\t\n<h2>\n\t\tNa v\u0161echny objednan\u00e9 kurzy se vztahuj\u00ed tato pravidla\n\t<\/h2>\n\t<ol>\n<li>Na objednanou hodinu se dostav\u00ed \u017e\u00e1k nejpozd\u011bji 5 min. p\u0159ed jej\u00edm zah\u00e1jen\u00edm.<\/li>\n<li>V p\u0159\u00edpad\u011b nedostaven\u00ed se bez \u0159\u00e1dn\u00e9 omluvy (24 hodin p\u0159edem) V\u00e1m bude \u00fa\u010dtov\u00e1n prostoj dle aktu\u00e1ln\u00edho cen\u00edku A\u0160.<\/li>\n<li>Jedna vyu\u010dovac\u00ed hodina trv\u00e1 45 minut. \u017d\u00e1k mus\u00ed m\u00edt platn\u00fd OP u sebe b\u011bhem j\u00edzd.<\/li>\n<li>\u017d\u00e1ci, kte\u0159\u00ed maj\u00ed do konce v\u00fdcviku u\u017e jen 3 hodiny j\u00edzdy, se z\u00fa\u010dastn\u00ed p\u0159ezkou\u0161en\u00ed z PPV, kter\u00e9 se prov\u00e1d\u00ed ka\u017ed\u00e9 \u00fater\u00fd v prostorech u\u010debny A\u0160.<\/li>\n<li>Po proveden\u00ed praktick\u00e9ho v\u00fdcviku \u017e\u00e1k sv\u00fdm podpisem do pr\u016fkazu \u017e\u00e1ka potvrd\u00ed pravost z\u00e1pisu.<\/li>\n<li>V p\u0159\u00edpad\u011b nedostaven\u00ed se k z\u00e1v\u011bre\u010dn\u00fdm ZK zaplat\u00ed \u017e\u00e1k poplatek dle aktu\u00e1ln\u00edho cen\u00edku A\u0160.<\/li>\n<li>Na z\u00e1v\u011bre\u010dn\u00e9 ZK se \u017e\u00e1ci dostav\u00ed do prostor zku\u0161ebny A\u0160 nejpozd\u011bji v 7:15. Mus\u00ed m\u00edt s sebou platn\u00fd OP ( v p\u0159\u00edpad\u011b ztr\u00e1ty, n\u00e1hradn\u00ed doklad + pas ), \u0158P pokud jej vlastn\u00ed a poplatek za zkou\u0161ky magistr\u00e1tu.<\/li>\n<li>Poplatky za ZK nejsou zahrnuty v cen\u011b v\u00fdcviku. Poplatek je stanoven na prvn\u00ed ZK 700,-K\u010d . \u017d\u00e1ci jsou povinni zakoupit si poplatek magistr\u00e1tu p\u0159ed z\u00e1v\u011bre\u010dnou zkou\u0161kou na pracovi\u0161t\u00edch MHMP !!!<\/li>\n<li>Pokud se rozhodnete p\u0159ed\u010dasn\u011b ukon\u010dit z jak\u00e9hokoliv d\u016fvodu v\u00fdcvik v na\u0161\u00ed A\u0160 nebo po\u017e\u00e1d\u00e1te o p\u0159evod do jin\u00e9 A\u0160, bude V\u00e1m \u00fa\u010dtov\u00e1n storno poplatek dle aktu\u00e1ln\u00edho cen\u00edku A\u0160.<\/li>\n<li>D\u00e1rkov\u00fd \u0161ek je pot\u0159eba uplatnit do 12 m\u011bs\u00edc\u016f od jeho vystaven\u00ed<br \/>\nV p\u0159\u00edpad\u011b jak\u00e9koli Va\u0161\u00ed nespokojenosti \u010di dotaz\u016f obra\u0165te se na majitele A\u0160 p. Ivo K\u0159i\u0161\u0165ana<\/li>\n<\/ol>\n\n","protected":false},"excerpt":{"rendered":"<p>D\u016eLE\u017dIT\u00c9 INFORMACE PRO \u017d\u00c1KY PRAHA Nen\u00ed auto\u0161kola jako auto\u0161kola Na v\u0161echny objednan\u00e9 kurzy se vztahuj\u00ed tato pravidla Na objednanou hodinu se dostav\u00ed \u017e\u00e1k nejpozd\u011bji 5 min. p\u0159ed jej\u00edm zah\u00e1jen\u00edm. V p\u0159\u00edpad\u011b nedostaven\u00ed se bez \u0159\u00e1dn\u00e9 omluvy (24 hodin p\u0159edem) V\u00e1m bude \u00fa\u010dtov\u00e1n prostoj dle aktu\u00e1ln\u00edho cen\u00edku A\u0160. Jedna vyu\u010dovac\u00ed hodina trv\u00e1 45 minut. \u017d\u00e1k mus\u00ed&hellip;<\/p>\n","protected":false},"author":3,"featured_media":0,"parent":1936,"menu_order":2,"comment_status":"closed","ping_status":"closed","template":"","meta":{"footnotes":""},"class_list":["post-2146","page","type-page","status-publish","hentry"],"_links":{"self":[{"href":"https:\/\/www.autoskolakristan.cz\/cz\/wp-json\/wp\/v2\/pages\/2146","targetHints":{"allow":["GET"]}}],"collection":[{"href":"https:\/\/www.autoskolakristan.cz\/cz\/wp-json\/wp\/v2\/pages"}],"about":[{"href":"https:\/\/www.autoskolakristan.cz\/cz\/wp-json\/wp\/v2\/types\/page"}],"author":[{"embeddable":true,"href":"https:\/\/www.autoskolakristan.cz\/cz\/wp-json\/wp\/v2\/users\/3"}],"replies":[{"embeddable":true,"href":"https:\/\/www.autoskolakristan.cz\/cz\/wp-json\/wp\/v2\/comments?post=2146"}],"version-history":[{"count":3,"href":"https:\/\/www.autoskolakristan.cz\/cz\/wp-json\/wp\/v2\/pages\/2146\/revisions"}],"predecessor-version":[{"id":2164,"href":"https:\/\/www.autoskolakristan.cz\/cz\/wp-json\/wp\/v2\/pages\/2146\/revisions\/2164"}],"up":[{"embeddable":true,"href":"https:\/\/www.autoskolakristan.cz\/cz\/wp-json\/wp\/v2\/pages\/1936"}],"wp:attachment":[{"href":"https:\/\/www.autoskolakristan.cz\/cz\/wp-json\/wp\/v2\/media?parent=2146"}],"curies":[{"name":"wp","href":"https:\/\/api.w.org\/{rel}","templated":true}]}}