{"id":2218,"date":"2024-05-26T10:04:58","date_gmt":"2024-05-26T09:04:58","guid":{"rendered":"https:\/\/www.autoskolakristan.cz\/?page_id=2218"},"modified":"2024-05-26T11:04:52","modified_gmt":"2024-05-26T10:04:52","slug":"l17-osobni-automobil","status":"publish","type":"page","link":"https:\/\/www.autoskolakristan.cz\/cz\/kladno\/l17-osobni-automobil\/","title":{"rendered":"L17 Osobn\u00ed Automobil"},"content":{"rendered":"\n\n\t\t<h1>\n\t\t\tOSOBN\u00cd AUTOMOBIL OD 17 LET\n\t\t\t\t\t\t\t\t\t\t\tKLADNO\n\t\t<\/h1>\n\t\t\t<p>Nen\u00ed auto\u0161kola jako auto\u0161kola<\/p>\t\t\n<h2>\n\t\tL17 &#8211; \u0159idi\u010dsk\u00fd pr\u016fkaz B\n\t<\/h2>\n<h4>\n\t\tZ\u00cdSKEJ \u0158IDI\u010c\u00c1K HNED PO DOVR\u0160EN\u00cd 17 LET\n\t<\/h4>\n\t\t\t\t\t\t\t\t\t<img decoding=\"async\" src=\"http:\/\/www.autoskolakristan.cz\/wp-content\/uploads\/2023\/11\/l17.png\" alt=\"l17\" itemprop=\"image\" srcset=\"https:\/\/www.autoskolakristan.cz\/wp-content\/uploads\/2023\/11\/l17.png 495w, https:\/\/www.autoskolakristan.cz\/wp-content\/uploads\/2023\/11\/l17-300x300.png 300w, https:\/\/www.autoskolakristan.cz\/wp-content\/uploads\/2023\/11\/l17-150x150.png 150w, https:\/\/www.autoskolakristan.cz\/wp-content\/uploads\/2023\/11\/l17-12x12.png 12w\" sizes=\"(max-width: 495px) 100vw, 495px\" title=\"l17\" onerror=\"this.style.display='none'\"  \/>\n\t<p>V re\u017eimu L17 m\u016f\u017ee\u0161 za\u010d\u00edt v\u00fdcvik ji\u017e 18 m\u011bs\u00edc\u016f p\u0159ed dovr\u0161en\u00edm 17 let a absolvovat z\u00e1v\u011bre\u010dnou zkou\u0161ku hned po narozenin\u00e1ch.<\/p>\n<p>Z\u00edsk\u00e1\u0161 plnohodnotn\u00fd \u0159idi\u010dsk\u00fd pr\u016fkaz skupiny B pro osobn\u00ed automobily a mal\u00e9 motorky s automatickou p\u0159evodovkou (A1).<\/p>\n<p>Ne\u017e Ti bude 18 let, tak bude\u0161 moci \u0159\u00eddit pouze pod dohledem mentora &#8211; zku\u0161en\u00e9ho \u0159idi\u010de.<\/p>\n<p>Od 18 let pak automaticky jezd\u00ed\u0161 bez jak\u00e9hokoliv dohledu nebo omezen\u00ed<\/p>\n\t\t\t<a href=\"#pohodova-autoskola\" target=\"_self\" rel=\"noopener\">\n\t\t\t\t\t\t\tJAK TO VYPAD\u00c1 V PRAXI?\n\t\t\t\t\t<\/a>\n\t\t\t<a href=\"#osobni-automobil\" target=\"_self\" rel=\"noopener\">\n\t\t\t\t\t\t\tPODOBA V\u00ddCVIKU\n\t\t\t\t\t<\/a>\n\t<p>Mentor je zku\u0161en\u00fd \u0159idi\u010d, kter\u00fd vlastn\u00ed alespo\u0148 10 let \u0159idi\u010dsk\u00e9 opr\u00e1vn\u011bn\u00ed, nem\u011bl v posledn\u00edch 5 letech z\u00e1kaz \u0159\u00edzen\u00ed, m\u00e1 0 bod\u016f a b\u011bhem j\u00edzdy sed\u00ed na m\u00edst\u011b spolujezdce.<\/p>\n<p>Pozor, nezapome\u0148te si sv\u00e9ho mentora zapsat do eviden\u010dn\u00ed karty \u0159idi\u010de.<\/p>\n<p>Na\u0161e auto\u0161kola nab\u00edz\u00ed i \u0161kolen\u00ed mentor\u016f a p\u0159\u00edpravu na mentoring, zavolejte n\u00e1m pro detaily!<\/p>\n<h2>\n\t\tOSOBN\u00cd AUTOMOBIL &#8211; \u0158IDI\u010cSK\u00dd PR\u016eKAZ B\n\t<\/h2>\n\t<p>Klasick\u00fd v\u00fdcvik v auto\u0161kole, v\u010detn\u011b obvykl\u00fdch z\u00e1v\u011bre\u010dn\u00fdch zkou\u0161ek. Z\u00edskejte plnohodnotn\u00e9 \u0159idi\u010dsk\u00e9 opr\u00e1vn\u011bn\u00ed o rok d\u0159\u00edve!<\/p>\n\t<h3>34 HODIN PRAXE<\/h3><p>\u010cek\u00e1 T\u011b 34 hodin praxe, kter\u00e1 obsahuje samotn\u00e9 \u0159\u00ed\u017een\u00ed, prvn\u00ed pomoc p\u0159i autonehod\u011b a \u00fadr\u017ebu vozidla.<\/p>\n\t<h3>11 HODIN TEORIE<\/h3><p>Prvot\u0159\u00eddn\u00ed teorie, kter\u00e1 T\u011b p\u0159iprav\u00ed na dopravn\u00ed zna\u010dky a dal\u0161\u00ed p\u0159edpisy, z\u00e1sady bezpe\u010dn\u00e9ho \u0159\u00edzen\u00ed, jak na \u00fadr\u017ebu vozidla a jak poskytnout prvn\u00ed pomoc.<\/p>\n\t<h3>KONZULTACE<\/h3><p>Kdykoli bude\u0161 v ne\u010dem plavat, tak si na to spolu sedneme!<\/p>\n\t<h3>KVALITN\u00cd VOZY<\/h3><p>U n\u00e1s bude\u0161 jezdit v dobr\u00e9m aut\u011b, \u017e\u00e1dn\u00fd zrezl\u00fd vrak, ale plynul\u00e1 j\u00edzda v udr\u017eovan\u00e9m aut\u011b.<\/p>\n\t<h3>INDIVIDU\u00c1LN\u00cd P\u0158\u00cdSTUP<\/h3><p>V\u00fdcvik p\u0159izp\u016fsob\u00edme tak, aby Ti sedl na t\u011blo a z\u00edskal si za volantem jistotu.<\/p>\n<h4>\n\t\tSKV\u011aL\u00dd V\u00ddCVIK MUS\u00cd BAVIT\n\t<\/h4>\n<h2>\n\t\tTakto vypad\u00e1 pohodov\u00e1 auto\u0161kola\n\t<\/h2>\n\t\t\t\t<a\n\t\t\thref=\"https:\/\/www.autoskolakristan.cz\/wp-content\/uploads\/2021\/03\/IMG_5249-1-1024x768.jpg\"\n\t\t\t\t\t\tdata-fancybox=\"images\" \n\t\t\ttitle=\"IMG_5249\" \n\t\t\t\t\t\tdata-description=\"\" \n\t\t\titemprop=\"contentUrl\">\n\t\t\t<img loading=\"lazy\" decoding=\"async\" src=\"https:\/\/www.autoskolakristan.cz\/wp-content\/uploads\/2021\/03\/IMG_5249-1-1024x768.jpg\" alt=\"\" data-no-lazy=\"1\" itemprop=\"thumbnail\" width=\"1024\" height=\"768\" \/>\n\t\t\t<!-- Overlay Wrapper -->\n\t\t\t <!-- Overlay Wrapper Closed -->\n\t\t\t\t<\/a>\n\t\t\t\t\t\t\t<meta itemprop=\"width\" content=\"1024\" \/>\n\t\t\t<meta itemprop=\"height\" content=\"768\" \/>\n\t\t\t\t<a\n\t\t\thref=\"https:\/\/www.autoskolakristan.cz\/wp-content\/uploads\/2021\/03\/IMG_4120-1-1024x768.jpg\"\n\t\t\t\t\t\tdata-fancybox=\"images\" \n\t\t\ttitle=\"IMG_4120\" \n\t\t\t\t\t\tdata-description=\"\" \n\t\t\titemprop=\"contentUrl\">\n\t\t\t<img loading=\"lazy\" decoding=\"async\" src=\"https:\/\/www.autoskolakristan.cz\/wp-content\/uploads\/2021\/03\/IMG_4120-1-1024x768.jpg\" alt=\"\" data-no-lazy=\"1\" itemprop=\"thumbnail\" width=\"1024\" height=\"768\" \/>\n\t\t\t<!-- Overlay Wrapper -->\n\t\t\t <!-- Overlay Wrapper Closed -->\n\t\t\t\t<\/a>\n\t\t\t\t\t\t\t<meta itemprop=\"width\" content=\"1024\" \/>\n\t\t\t<meta itemprop=\"height\" content=\"768\" \/>\n\t\t\t\t<a\n\t\t\thref=\"https:\/\/www.autoskolakristan.cz\/wp-content\/uploads\/2020\/07\/car02.jpg\"\n\t\t\t\t\t\tdata-fancybox=\"images\" \n\t\t\ttitle=\"car02\" \n\t\t\t\t\t\tdata-description=\"\" \n\t\t\titemprop=\"contentUrl\">\n\t\t\t<img loading=\"lazy\" decoding=\"async\" src=\"https:\/\/www.autoskolakristan.cz\/wp-content\/uploads\/2020\/07\/car02.jpg\" alt=\"\" data-no-lazy=\"1\" itemprop=\"thumbnail\" width=\"768\" height=\"576\" \/>\n\t\t\t<!-- Overlay Wrapper -->\n\t\t\t <!-- Overlay Wrapper Closed -->\n\t\t\t\t<\/a>\n\t\t\t\t\t\t\t<meta itemprop=\"width\" content=\"768\" \/>\n\t\t\t<meta itemprop=\"height\" content=\"576\" \/>\n\t\t\t\t<a\n\t\t\thref=\"https:\/\/www.autoskolakristan.cz\/wp-content\/uploads\/2021\/03\/IMG_4282-1024x768.jpg\"\n\t\t\t\t\t\tdata-fancybox=\"images\" \n\t\t\ttitle=\"IMG_4282\" \n\t\t\t\t\t\tdata-description=\"\" \n\t\t\titemprop=\"contentUrl\">\n\t\t\t<img loading=\"lazy\" decoding=\"async\" src=\"https:\/\/www.autoskolakristan.cz\/wp-content\/uploads\/2021\/03\/IMG_4282-1024x768.jpg\" alt=\"\" data-no-lazy=\"1\" itemprop=\"thumbnail\" width=\"1024\" height=\"768\" \/>\n\t\t\t<!-- Overlay Wrapper -->\n\t\t\t <!-- Overlay Wrapper Closed -->\n\t\t\t\t<\/a>\n\t\t\t\t\t\t\t<meta itemprop=\"width\" content=\"1024\" \/>\n\t\t\t<meta itemprop=\"height\" content=\"768\" \/>\n\t\t\t\t<a\n\t\t\thref=\"https:\/\/www.autoskolakristan.cz\/wp-content\/uploads\/2021\/03\/daniela_pouzit-1024x768.jpg\"\n\t\t\t\t\t\tdata-fancybox=\"images\" \n\t\t\ttitle=\"daniela_pouzit\" \n\t\t\t\t\t\tdata-description=\"\" \n\t\t\titemprop=\"contentUrl\">\n\t\t\t<img loading=\"lazy\" decoding=\"async\" src=\"https:\/\/www.autoskolakristan.cz\/wp-content\/uploads\/2021\/03\/daniela_pouzit-1024x768.jpg\" alt=\"\" data-no-lazy=\"1\" itemprop=\"thumbnail\" width=\"1024\" height=\"768\" \/>\n\t\t\t<!-- Overlay Wrapper -->\n\t\t\t <!-- Overlay Wrapper Closed -->\n\t\t\t\t<\/a>\n\t\t\t\t\t\t\t<meta itemprop=\"width\" content=\"1024\" \/>\n\t\t\t<meta itemprop=\"height\" content=\"768\" \/>\n\t\t\t\t<a\n\t\t\thref=\"https:\/\/www.autoskolakristan.cz\/wp-content\/uploads\/2021\/03\/IMG_5677-1024x768.jpg\"\n\t\t\t\t\t\tdata-fancybox=\"images\" \n\t\t\ttitle=\"IMG_5677\" \n\t\t\t\t\t\tdata-description=\"\" \n\t\t\titemprop=\"contentUrl\">\n\t\t\t<img loading=\"lazy\" decoding=\"async\" src=\"https:\/\/www.autoskolakristan.cz\/wp-content\/uploads\/2021\/03\/IMG_5677-1024x768.jpg\" alt=\"\" data-no-lazy=\"1\" itemprop=\"thumbnail\" width=\"1024\" height=\"768\" \/>\n\t\t\t<!-- Overlay Wrapper -->\n\t\t\t <!-- Overlay Wrapper Closed -->\n\t\t\t\t<\/a>\n\t\t\t\t\t\t\t<meta itemprop=\"width\" content=\"1024\" \/>\n\t\t\t<meta itemprop=\"height\" content=\"768\" \/>\n\t\t\t\t<a\n\t\t\thref=\"https:\/\/www.autoskolakristan.cz\/wp-content\/uploads\/2021\/03\/IMG_6369-1024x768.jpg\"\n\t\t\t\t\t\tdata-fancybox=\"images\" \n\t\t\ttitle=\"IMG_6369\" \n\t\t\t\t\t\tdata-description=\"\" \n\t\t\titemprop=\"contentUrl\">\n\t\t\t<img loading=\"lazy\" decoding=\"async\" src=\"https:\/\/www.autoskolakristan.cz\/wp-content\/uploads\/2021\/03\/IMG_6369-1024x768.jpg\" alt=\"\" data-no-lazy=\"1\" itemprop=\"thumbnail\" width=\"1024\" height=\"768\" \/>\n\t\t\t<!-- Overlay Wrapper -->\n\t\t\t <!-- Overlay Wrapper Closed -->\n\t\t\t\t<\/a>\n\t\t\t\t\t\t\t<meta itemprop=\"width\" content=\"1024\" \/>\n\t\t\t<meta itemprop=\"height\" content=\"768\" \/>\n\t\t\t\t<a\n\t\t\thref=\"https:\/\/www.autoskolakristan.cz\/wp-content\/uploads\/2021\/03\/IMG_4387-1024x768.jpg\"\n\t\t\t\t\t\tdata-fancybox=\"images\" \n\t\t\ttitle=\"IMG_4387\" \n\t\t\t\t\t\tdata-description=\"\" \n\t\t\titemprop=\"contentUrl\">\n\t\t\t<img loading=\"lazy\" decoding=\"async\" src=\"https:\/\/www.autoskolakristan.cz\/wp-content\/uploads\/2021\/03\/IMG_4387-1024x768.jpg\" alt=\"\" data-no-lazy=\"1\" itemprop=\"thumbnail\" width=\"1024\" height=\"768\" \/>\n\t\t\t<!-- Overlay Wrapper -->\n\t\t\t <!-- Overlay Wrapper Closed -->\n\t\t\t\t<\/a>\n\t\t\t\t\t\t\t<meta itemprop=\"width\" content=\"1024\" \/>\n\t\t\t<meta itemprop=\"height\" content=\"768\" \/>\n\t\t\t\t<a href=\"#\">Dal\u0161\u00ed obr\u00e1zky<\/a>\n\t<a href=\"\/kladno\/osobni-automobil\/\" target=\"_self\" role=\"button\" aria-label=\"OSOBN\u00cd AUTOMOBIL\" rel=\"noopener\">\n\t\t\t\t\t\tOSOBN\u00cd AUTOMOBIL\n\t\t\t\t\t<\/a>\n\t<a href=\"#kral-silnic\" target=\"_self\" role=\"button\" aria-label=\"OSTATN\u00cd\" rel=\"noopener\">\n\t\t\t\t\t\tOSTATN\u00cd\n\t\t\t\t\t<\/a>\n\t<p>Osobn\u00ed auto s n\u00e1mi ovl\u00e1dne\u0161 naprosto skv\u011ble a z\u00edsk\u00e1\u0161 p\u0159i tom \u0159idi\u010dsk\u00e9 opr\u00e1vn\u011bn\u00ed skupiny B, kter\u00e9 ti umo\u017en\u00ed jezdit auty po cel\u00e9m sv\u011bt\u011b.<\/p>\n<p>Samoz\u0159ejm\u011b stejn\u011b skv\u011ble u\u010d\u00edme \u0159\u00edzen\u00ed v\u011bt\u0161\u00edch vozidel jako je n\u00e1kladn\u00ed v\u016fz (C), autobus (D) a k nim i p\u0159\u00edv\u011bs (E). A pokud t\u011b l\u00e1k\u00e1 dravost motorky, tak nev\u00e1hej a nau\u010d se ji osedlat u n\u00e1s!<\/p>\n\t\t<h4>\n\t\t\tModal Box\n\t\t\t\t\t<\/h4>\n\t\t<h5>modal-<\/h5>\n\t\tClick here to edit the &#8222;modal-box&#8220; settings. This text is only for editing and will not appear after you publish the changes.\t\n\t\t\t\t\t\tPreview\n\t\t\tmodal-\n\t\t\t\t\t\t\t\t\t<img loading=\"lazy\" decoding=\"async\" src=\"https:\/\/www.autoskolakristan.cz\/wp-content\/uploads\/2021\/01\/kristan_logo_header.png\" alt=\"kristan_logo_header\" itemprop=\"image\" height=\"280\" width=\"280\" srcset=\"https:\/\/www.autoskolakristan.cz\/wp-content\/uploads\/2021\/01\/kristan_logo_header.png 280w, https:\/\/www.autoskolakristan.cz\/wp-content\/uploads\/2021\/01\/kristan_logo_header-150x150.png 150w, https:\/\/www.autoskolakristan.cz\/wp-content\/uploads\/2021\/01\/kristan_logo_header-12x12.png 12w\" sizes=\"auto, (max-width: 280px) 100vw, 280px\" title=\"kristan_logo_header\" onerror=\"this.style.display='none'\"  \/>\n\t\t<h1>\n\t\tNOV\u011a \u0158IDI\u010c\u00c1K JI\u017d OD 17 LET!\n\t<\/h1>\n\t<p>Od ledna 2024 m\u016f\u017eete slo\u017eit z\u00e1v\u011bre\u010dnou zkou\u0161ku a z\u00edskat \u0159idi\u010dsk\u00e9 opr\u00e1vn\u011bn\u00ed ode dne dovr\u0161en\u00ed 17. roku v tzv. re\u017eimu L17. V\u00fdcvik prob\u00edh\u00e1 ve stejn\u00e9 podob\u011b a cen\u011b jako klasick\u00fd v\u00fdcvik pro skupinu B &#8211; osobn\u00ed automobil.<\/p>\n<p><strong>P\u0159ihlaste se na v\u00fdcvik je\u0161t\u011b dnes!<\/strong><\/p>\n<p>&nbsp;<\/p>\n<p>\u0158idi\u010di ve v\u011bku do 18 let mohou jezdit pouze pod dohledem mentora &#8211; zku\u0161en\u00e9ho \u0159idi\u010de.<\/p>\n<p>P\u0159ipravujeme standardizovan\u00e9 \u0161kolen\u00ed i individu\u00e1ln\u00ed v\u00fdcvik mentor\u016f. Zavolejte n\u00e1m a domluv\u00edme se na term\u00ednu.<\/p>\n\t\t\t\t\t\t\t\t<a href=\"\/ridicsky-prukaz\/#cenik\" target=\"_self\" itemprop=\"url\" rel=\"noopener\">\n\t\t\t\t\t\t\t\t\t<img loading=\"lazy\" decoding=\"async\" src=\"https:\/\/www.autoskolakristan.cz\/wp-content\/uploads\/2023\/11\/l17.png\" alt=\"l17\" itemprop=\"image\" height=\"493\" width=\"495\" srcset=\"https:\/\/www.autoskolakristan.cz\/wp-content\/uploads\/2023\/11\/l17.png 495w, https:\/\/www.autoskolakristan.cz\/wp-content\/uploads\/2023\/11\/l17-300x300.png 300w, https:\/\/www.autoskolakristan.cz\/wp-content\/uploads\/2023\/11\/l17-150x150.png 150w, https:\/\/www.autoskolakristan.cz\/wp-content\/uploads\/2023\/11\/l17-12x12.png 12w\" sizes=\"auto, (max-width: 495px) 100vw, 495px\" title=\"l17\" onerror=\"this.style.display='none'\"  \/>\n\t\t\t\t\t\t\t\t\t\t\t\t\t<\/a>\n\t<a href=\"https:\/\/www.autoskolakristan.cz\/cz\/praha\/darovat-autoskolu\/\" target=\"_self\" role=\"button\" aria-label=\"OSOBN\u00cd AUTOMOBIL\" rel=\"noopener\">\n\t\t\t\t\t\tOSOBN\u00cd AUTOMOBIL\n\t\t\t\t\t<\/a>\n\t<a href=\"https:\/\/www.autoskolakristan.cz\/cz\/praha\/online-prihlaska\/\" target=\"_self\" role=\"button\" aria-label=\"OBJEDNAT\" rel=\"noopener\">\n\t\t\t\t\t\tOBJEDNAT\n\t\t\t\t\t<\/a>\n<h4>\n\t\t\u0160PI\u010cKOV\u00c1 KVALITA ZA DOSTUPNOU CENU\n\t<\/h4>\n\t\t<h3><a href=\"\/kladno\/online-prihlaska\/\" target=\"_self\" rel=\"noopener\">STANDARD<\/a><\/h3>\n\t\t\t\t<a href=\"\/kladno\/online-prihlaska\/\" target=\"_self\" itemprop=\"url\" rel=\"noopener\">\n\t\t\t\t<img loading=\"lazy\" decoding=\"async\" src=\"https:\/\/www.autoskolakristan.cz\/wp-content\/uploads\/2024\/03\/car.png\" alt=\"car\" itemprop=\"image\" height=\"128\" width=\"128\" title=\"car\" onerror=\"this.style.display='none'\"  \/>\n\t\t\t\t<\/a>\n5-6 m\u011bs\u00edc\u016f<br \/>\n\n<p>19 999 K\u010d<\/p>\n\t\t\t<a href=\"\/kladno\/online-prihlaska\/\" target=\"_self\" rel=\"noopener\">\n\t\t\t\t\t\t\tOBJEDNAT\n\t\t\t\t\t<\/a>\n\t\t<h3><a href=\"\/kladno\/online-prihlaska\/\" target=\"_self\" rel=\"noopener\">IDE\u00c1L<\/a><\/h3>\n\t\t\t\t<a href=\"\/kladno\/online-prihlaska\/\" target=\"_self\" itemprop=\"url\" rel=\"noopener\">\n\t\t\t\t<img loading=\"lazy\" decoding=\"async\" src=\"https:\/\/www.autoskolakristan.cz\/wp-content\/uploads\/2024\/03\/sedan-car-model.png\" alt=\"sedan-car-model\" itemprop=\"image\" height=\"128\" width=\"128\" title=\"sedan-car-model\" onerror=\"this.style.display='none'\"  \/>\n\t\t\t\t<\/a>\n3-4 m\u011bs\u00edce<br \/>\n22 999 K\u010d\n\t\t\t<a href=\"\/kladno\/online-prihlaska\/\" target=\"_self\" rel=\"noopener\">\n\t\t\t\t\t\t\tOBJEDNAT\n\t\t\t\t\t<\/a>\n\t\t<h3><a href=\"\/kladno\/online-prihlaska\/\" target=\"_self\" rel=\"noopener\">EXPRESS<\/a><\/h3>\n\t\t\t\t<a href=\"\/kladno\/online-prihlaska\/\" target=\"_self\" itemprop=\"url\" rel=\"noopener\">\n\t\t\t\t<img loading=\"lazy\" decoding=\"async\" src=\"https:\/\/www.autoskolakristan.cz\/wp-content\/uploads\/2024\/03\/cabrio-car.png\" alt=\"cabrio-car\" itemprop=\"image\" height=\"128\" width=\"128\" title=\"cabrio-car\" onerror=\"this.style.display='none'\"  \/>\n\t\t\t\t<\/a>\n6-8 t\u00fddn\u016f<br \/>\n28 999 K\u010d\n\t\t\t<a href=\"\/kladno\/online-prihlaska\/\" target=\"_self\" rel=\"noopener\">\n\t\t\t\t\t\t\tOBJEDNAT\n\t\t\t\t\t<\/a>\n<h2>\n\t\tVyber si svou rychlost\n\t<\/h2>\n\t<h3>SLU\u017dBY NAV\u00cdC<\/h3>\t\n\t\t\t   \t \t\t\t\t\t\t\t\t   \t \t\t<h2>\n\t\t\t\t\t\t\t\t\t\t\t\t\t\t\t\t\t\t\tAutomatick\u00e1 p\u0159evodovka\n\t\t\t\t\t\t\t\t\t\t\t\t\t\t\t\t\t<\/h2>\n\t\t\t\t\t\t\t\t\t\t\t\t\t\t\t\t2 000 K\u010d\t\t\t\t\t\t\t\t\t\t\t\t\t\t\t\t\t \n\t\t\t   \t \t\t\t\t\t\t\t\t   \t \t\t<h2>\n\t\t\t\t\t\t\t\t\t\t\t\t\t\t\t\t\t\t\tExclusive*\n\t\t\t\t\t\t\t\t\t\t\t\t\t\t\t\t\t<\/h2>\n\t\t\t\t\t\t\t\t\t\t\t\t\t\t\t\tdohodou\t\t\t\t\t\t\t\t\t\t\t\t\t\t\t\t\t \n\t\t\t   \t \t\t\t\t\t\t\t\t   \t \t\t<h2>\n\t\t\t\t\t\t\t\t\t\t\t\t\t\t\t\t\t\t\tV\u00fduka AJ\/RJ\n\t\t\t\t\t\t\t\t\t\t\t\t\t\t\t\t\t<\/h2>\n\t\t\t\t\t\t\t\t\t\t\t\t\t\t\t\t4 000 K\u010d\t\t\t\t\t\t\t\t\t\t\t\t\t\t\t\t\t \n\t<p>* Zcela individu\u00e1ln\u00ed p\u0159\u00edstup, pl\u00e1nov\u00e1n\u00ed j\u00edzd i teorie je up\u0159ednostn\u011bn\u00e9 dle z\u00e1jmu klienta, za\u010d\u00e1tek a konec j\u00edzdy na\u00a0 libovoln\u00e9m m\u00edst\u011b dle p\u0159\u00e1n\u00ed klienta.<\/p>\n\t\t<h3>Z\u00c1RUKA KVALITY<\/h3><p>T\u00e9m\u011br 30 let zku\u0161enost\u00ed a tis\u00edce spokojen\u00fdch \u017e\u00e1k\u016f je z\u00e1rukou, \u017ee T\u011b nau\u010d\u00edme \u0159\u00eddit skv\u011ble.<\/p>\n\t\t<h3>POCTIV\u00dd P\u0158\u00cdSTUP<\/h3><p>V auto\u0161kole K\u0159i\u0161\u0165an si pr\u00e1ci neusnad\u0148ujeme, nic nevynech\u00e1v\u00e1me &#8211; v\u0161e dostane\u0161 v pln\u00e9 kvalit\u011b a s pln\u00fdm nasazen\u00edm. A to je v\u00edc, ne\u017e u\u0161et\u0159en\u00fdch p\u00e1r stovek!<\/p>\n                        <img decoding=\"async\" src=\"https:\/\/www.autoskolakristan.cz\/wp-content\/uploads\/bb-plugin\/cache\/Dewi_testimonial-square.jpg\" alt=\"Dewi_testimonial\" itemprop=\"image\" title=\"Dewi_testimonial\"  \/>\n\t\t                    <h4>Dewi<\/h4>\n                \t\t        \t\t        \t<p>I was a bit afraid of a driving school, but autoskola Kristan taught me everything and now I&#8217;m a confident driver. I can fully recommend this driving school.<\/p>\n                        <img loading=\"lazy\" decoding=\"async\" src=\"https:\/\/www.autoskolakristan.cz\/wp-content\/uploads\/bb-plugin\/cache\/testimonial02-square.png\" alt=\"testimonial02\" itemprop=\"image\" height=\"333\" width=\"318\" title=\"testimonial02\"  \/>\n\t\t                    <h4>Kristi\u00e1n<\/h4>\n                \t\t        \t\t        \t<p>Hledal jsem auto\u0161kolu, kde se toho nau\u010d\u00edm, co nejv\u00edce a projedu co nejhust\u0161\u00edm provozem. Auto\u0161kola K\u0159i\u0161\u0165an mi to splnila a j\u00e1 jsem maxim\u00e1ln\u011b spokojen!<\/p>\n\t\t<h2>\n\t\t\tNA\u0160I SPOKOJEN\u00cd \u017d\u00c1CI\n\t\t<\/h2>\n\t\t\t<p>P\u0159e\u010dt\u011bte si, jak n\u00e1s vid\u00ed na\u0161i absolventi, co jim v\u00fdcvik u n\u00e1s p\u0159inesl a jak\u00e9 obavy p\u0159ekonali.<\/p>\t\t\n\t\t<h2>\n\t\t\tROZJEDEME TO?\n\t\t<\/h2>\n\t\t\t<p>Z\u00edskej \u0159idi\u010d\u00e1k a zku\u0161enosti najednou. P\u0159ipoj se ke stovk\u00e1m nad\u0161en\u00fdch \u0159idi\u010d\u016f!<\/p>\t\t\n\t<a href=\"\/kladno\/online-prihlaska\/\" target=\"_self\" role=\"button\" aria-label=\"ONLINE P\u0158IHL\u00c1\u0160KA\" rel=\"noopener\">\n\t\t\t\t\t\tONLINE P\u0158IHL\u00c1\u0160KA\n\t\t\t<\/a>\n\t<p>D\u00edky online p\u0159ihl\u00e1\u0161ce se m\u016f\u017eete na kurz p\u0159ihl\u00e1sit, nebo jej objednat jako d\u00e1rek n\u011bkomu z Va\u0161ich bl\u00edzk\u00fdch.<\/p>\n\n","protected":false},"excerpt":{"rendered":"<p>OSOBN\u00cd AUTOMOBIL OD 17 LET KLADNO Nen\u00ed auto\u0161kola jako auto\u0161kola L17 &#8211; \u0159idi\u010dsk\u00fd pr\u016fkaz B Z\u00cdSKEJ \u0158IDI\u010c\u00c1K HNED PO DOVR\u0160EN\u00cd 17 LET V re\u017eimu L17 m\u016f\u017ee\u0161 za\u010d\u00edt v\u00fdcvik ji\u017e 18 m\u011bs\u00edc\u016f p\u0159ed dovr\u0161en\u00edm 17 let a absolvovat z\u00e1v\u011bre\u010dnou zkou\u0161ku hned po narozenin\u00e1ch. Z\u00edsk\u00e1\u0161 plnohodnotn\u00fd \u0159idi\u010dsk\u00fd pr\u016fkaz skupiny B pro osobn\u00ed automobily a mal\u00e9 motorky s&hellip;<\/p>\n","protected":false},"author":3,"featured_media":0,"parent":2198,"menu_order":3,"comment_status":"closed","ping_status":"closed","template":"","meta":{"footnotes":""},"class_list":["post-2218","page","type-page","status-publish","hentry"],"_links":{"self":[{"href":"https:\/\/www.autoskolakristan.cz\/cz\/wp-json\/wp\/v2\/pages\/2218","targetHints":{"allow":["GET"]}}],"collection":[{"href":"https:\/\/www.autoskolakristan.cz\/cz\/wp-json\/wp\/v2\/pages"}],"about":[{"href":"https:\/\/www.autoskolakristan.cz\/cz\/wp-json\/wp\/v2\/types\/page"}],"author":[{"embeddable":true,"href":"https:\/\/www.autoskolakristan.cz\/cz\/wp-json\/wp\/v2\/users\/3"}],"replies":[{"embeddable":true,"href":"https:\/\/www.autoskolakristan.cz\/cz\/wp-json\/wp\/v2\/comments?post=2218"}],"version-history":[{"count":4,"href":"https:\/\/www.autoskolakristan.cz\/cz\/wp-json\/wp\/v2\/pages\/2218\/revisions"}],"predecessor-version":[{"id":2307,"href":"https:\/\/www.autoskolakristan.cz\/cz\/wp-json\/wp\/v2\/pages\/2218\/revisions\/2307"}],"up":[{"embeddable":true,"href":"https:\/\/www.autoskolakristan.cz\/cz\/wp-json\/wp\/v2\/pages\/2198"}],"wp:attachment":[{"href":"https:\/\/www.autoskolakristan.cz\/cz\/wp-json\/wp\/v2\/media?parent=2218"}],"curies":[{"name":"wp","href":"https:\/\/api.w.org\/{rel}","templated":true}]}}