{"id":2222,"date":"2024-05-26T10:07:05","date_gmt":"2024-05-26T09:07:05","guid":{"rendered":"https:\/\/www.autoskolakristan.cz\/?page_id=2222"},"modified":"2024-05-26T11:18:38","modified_gmt":"2024-05-26T10:18:38","slug":"online-prihlaska","status":"publish","type":"page","link":"https:\/\/www.autoskolakristan.cz\/cz\/kladno\/online-prihlaska\/","title":{"rendered":"Online p\u0159ihl\u00e1\u0161ka"},"content":{"rendered":"\n\n\t\t<h1>\n\t\t\tONLINE P\u0158IHL\u00c1\u0160KA KE KURZU\n\t\t\t\t\t\t\t\t\t\t\tKLADNO\n\t\t<\/h1>\n\t\t\t<p>Nen\u00ed auto\u0161kola jako auto\u0161kola<\/p>\t\t\n<h2>\n\t\tONLINE P\u0158IHL\u00c1\u0160KA KE KURZU\n\t<\/h2>\n\t<iframe loading=\"lazy\" allowtransparency=\"true\" src=\"https:\/\/kristan-kladno.moje-autoskola.cz\/prihlaska.php?iframe=1\" border=\"0\" width=\"95%\" height=\"800px\" marginheight=\"0\" marginwidth=\"0\" frameBorder=\"0\" rel=\"nofollow\" id=\"ma_iframe\">\n<\/iframe>\n<h4>\n\t\tKONTAKT\n\t<\/h4>\n\t\t<h3><a href=\"mailto:praha@autoskolakristan.cz\" target=\"_self\" rel=\"noopener\">\t\n\tinfo@kristan.cz<\/a><\/h3>\t\n\t\t<h3><a href=\"tel:+420777651077\" target=\"_self\" rel=\"noopener\">\t\n\t777 651 077<\/a><\/h3>\t\n\t\t<h3><a href=\"tel:+420271724820\" target=\"_self\" rel=\"noopener\">\t\n\t271 724 820<\/a><\/h3>\t\n\t\t<h3><a href=\"tel:+420271724820\" target=\"_self\" rel=\"noopener\">\t\n\tHolandsk\u00e1 17, Praha 10, 10\u00a0000<\/a><\/h3>\t\n<h4>\n\t\tOTEV\u00cdRAC\u00cd DOBA\n\t<\/h4>\n<table  data-tablesaw-minimap>\n\t\t\t<thead>\n\t\t<tr>\n\t\t\t<th id=\"pp-table-col-1\" scope=\"col\" data-tablesaw-sortable-col>\t\t\t\t\t\n\t\t\t\t\t<\/th><th id=\"pp-table-col-2\" scope=\"col\" data-tablesaw-sortable-col>\t\t\t\t\t\n\t\t\t\t\t<\/th><th id=\"pp-table-col-3\" scope=\"col\" data-tablesaw-sortable-col>\t\t\t\t\t\n\t\t\t\t\t<\/th>\t\t<\/tr>\n\t<\/thead>\n\t\t<tbody>\n\t\t<tr data-row-index=\"1\"><td>Pond\u011bl\u00ed<\/td><td>9:00 &#8211; 13:00<\/td><td>14:00 &#8211; 18:00<\/td><\/tr><tr data-row-index=\"2\"><td>\u00dater\u00fd<\/td><td>9:00 &#8211; 13:00<\/td><td>14:00 &#8211; 18:00<\/td><\/tr><tr data-row-index=\"3\"><td>St\u0159eda<\/td><td>9:00 &#8211; 13:00<\/td><td>14:00 &#8211; 18:00<\/td><\/tr><tr data-row-index=\"4\"><td>\u010ctvrtek<\/td><td>9:00 &#8211; 13:00<\/td><td>14:00 &#8211; 17:00<\/td><\/tr><tr data-row-index=\"5\"><td>P\u00e1tek<\/td><td>Pouze po p\u0159edchoz\u00ed telefonick\u00e9 domluv\u011b<\/td><\/tr>\t<\/tbody>\n<\/table>\n\t\t\t<a href=\"#mapa\" target=\"_self\" rel=\"noopener\">\n\t\t\t\t\t\t\tMAPA\n\t\t\t\t\t<\/a>\n<h2>\n\t\tKDE N\u00c1S NAJDETE?\n\t<\/h2>\n\t<iframe src=\"https:\/\/www.google.com\/maps\/embed\/v1\/place?q=Holandsk%C3%A1+17%2F756%2C+101+00+Praha+10-Vr%C5%A1ovice&#038;key=AIzaSyD09zQ9PNDNNy9TadMuzRV_UsPUoWKntt8\" aria-hidden=\"true\"><\/iframe>\n\t\t<h2>\n\t\t\tNA\u0160I SPOKOJEN\u00cd \u017d\u00c1CI\n\t\t<\/h2>\n\t\t\t<p>P\u0159e\u010dt\u011bte si, jak n\u00e1s vid\u00ed na\u0161i absolventi, co jim v\u00fdcvik u n\u00e1s p\u0159inesl a jak\u00e9 obavy p\u0159ekonali.<\/p>\t\t\n                        <img decoding=\"async\" src=\"https:\/\/www.autoskolakristan.cz\/wp-content\/uploads\/bb-plugin\/cache\/Dewi_testimonial-square.jpg\" alt=\"Dewi_testimonial\" itemprop=\"image\" title=\"Dewi_testimonial\"  \/>\n\t\t                    <h4>Dewi<\/h4>\n                \t\t        \t\t        \t<p>I was a bit afraid of a driving school, but autoskola Kristan taught me everything and now I&#8217;m a confident driver. I can fully recommend this driving school.<\/p>\n                        <img loading=\"lazy\" decoding=\"async\" src=\"https:\/\/www.autoskolakristan.cz\/wp-content\/uploads\/bb-plugin\/cache\/testimonial02-square.png\" alt=\"testimonial02\" itemprop=\"image\" height=\"333\" width=\"318\" title=\"testimonial02\"  \/>\n\t\t                    <h4>Kristi\u00e1n<\/h4>\n                \t\t        \t\t        \t<p>Hledal jsem auto\u0161kolu, kde se toho nau\u010d\u00edm, co nejv\u00edce a projedu co nejhust\u0161\u00edm provozem. Auto\u0161kola K\u0159i\u0161\u0165an mi to splnila a j\u00e1 jsem maxim\u00e1ln\u011b spokojen!<\/p>\n\t\t<h2>\n\t\t\tROZJEDEME TO?\n\t\t<\/h2>\n\t\t\t<p>Z\u00edskej \u0159idi\u010d\u00e1k a zku\u0161enosti najednou. P\u0159ipoj se ke stovk\u00e1m nad\u0161en\u00fdch \u0159idi\u010d\u016f!<\/p>\t\t\n\t<a href=\"https:\/\/www.autoskolakristan.cz\/praha\/online-prihlaska\/\" target=\"_self\" role=\"button\" aria-label=\"ONLINE P\u0158IHL\u00c1\u0160KA\" rel=\"noopener\">\n\t\t\t\t\t\tONLINE P\u0158IHL\u00c1\u0160KA\n\t\t\t<\/a>\n\t<p>D\u00edky online p\u0159ihl\u00e1\u0161ce se m\u016f\u017eete na kurz p\u0159ihl\u00e1sit, nebo jej objednat jako d\u00e1rek n\u011bkomu z Va\u0161ich bl\u00edzk\u00fdch.<\/p>\n\n","protected":false},"excerpt":{"rendered":"<p>ONLINE P\u0158IHL\u00c1\u0160KA KE KURZU KLADNO Nen\u00ed auto\u0161kola jako auto\u0161kola ONLINE P\u0158IHL\u00c1\u0160KA KE KURZU KONTAKT info@kristan.cz 777 651 077 271 724 820 Holandsk\u00e1 17, Praha 10, 10\u00a0000 OTEV\u00cdRAC\u00cd DOBA Pond\u011bl\u00ed 9:00 &#8211; 13:00 14:00 &#8211; 18:00 \u00dater\u00fd 9:00 &#8211; 13:00 14:00 &#8211; 18:00 St\u0159eda 9:00 &#8211; 13:00 14:00 &#8211; 18:00 \u010ctvrtek 9:00 &#8211; 13:00 14:00 &#8211;&hellip;<\/p>\n","protected":false},"author":3,"featured_media":0,"parent":2198,"menu_order":3,"comment_status":"closed","ping_status":"closed","template":"","meta":{"footnotes":""},"class_list":["post-2222","page","type-page","status-publish","hentry"],"_links":{"self":[{"href":"https:\/\/www.autoskolakristan.cz\/cz\/wp-json\/wp\/v2\/pages\/2222","targetHints":{"allow":["GET"]}}],"collection":[{"href":"https:\/\/www.autoskolakristan.cz\/cz\/wp-json\/wp\/v2\/pages"}],"about":[{"href":"https:\/\/www.autoskolakristan.cz\/cz\/wp-json\/wp\/v2\/types\/page"}],"author":[{"embeddable":true,"href":"https:\/\/www.autoskolakristan.cz\/cz\/wp-json\/wp\/v2\/users\/3"}],"replies":[{"embeddable":true,"href":"https:\/\/www.autoskolakristan.cz\/cz\/wp-json\/wp\/v2\/comments?post=2222"}],"version-history":[{"count":6,"href":"https:\/\/www.autoskolakristan.cz\/cz\/wp-json\/wp\/v2\/pages\/2222\/revisions"}],"predecessor-version":[{"id":2316,"href":"https:\/\/www.autoskolakristan.cz\/cz\/wp-json\/wp\/v2\/pages\/2222\/revisions\/2316"}],"up":[{"embeddable":true,"href":"https:\/\/www.autoskolakristan.cz\/cz\/wp-json\/wp\/v2\/pages\/2198"}],"wp:attachment":[{"href":"https:\/\/www.autoskolakristan.cz\/cz\/wp-json\/wp\/v2\/media?parent=2222"}],"curies":[{"name":"wp","href":"https:\/\/api.w.org\/{rel}","templated":true}]}}