{"id":2225,"date":"2024-05-26T10:14:29","date_gmt":"2024-05-26T09:14:29","guid":{"rendered":"https:\/\/www.autoskolakristan.cz\/?page_id=2225"},"modified":"2026-01-06T17:40:02","modified_gmt":"2026-01-06T16:40:02","slug":"cenik","status":"publish","type":"page","link":"https:\/\/www.autoskolakristan.cz\/cz\/kladno\/cenik\/","title":{"rendered":"Cen\u00edk"},"content":{"rendered":"\n\n\t\t<h1>\n\t\t\tKOMPLETN\u00cd CEN\u00cdK AUTO\u0160KOLY\n\t\t\t\t\t\t\t\t\t\t\tKLADNO\n\t\t<\/h1>\n\t\t\t<p>Nen\u00ed auto\u0161kola jako auto\u0161kola<\/p>\t\t\n\t<h3>OSOBN\u00cd AUTOMOBIL<\/h3>\t\n\t\t\t   \t \t\t\t\t\t\t\t\t   \t \t\t<h2>\n\t\t\t\t\t\t\t\t\t\t\t\t\t\t\t\t\t\t\tB    standard    5-6 m\u011bs\u00edc\u016f\n\t\t\t\t\t\t\t\t\t\t\t\t\t\t\t\t\t<\/h2>\n\t\t\t\t\t\t\t\t\t\t\t\t\t\t\t\t17 999 K\u010d\t\t\t\t\t\t\t\t\t\t\t\t\t\t\t\t\t \n\t\t\t   \t \t\t\t\t\t\t\t\t   \t \t\t<h2>\n\t\t\t\t\t\t\t\t\t\t\t\t\t\t\t\t\t\t\tB     ide\u00e1l         3-4 m\u011bs\u00edce\n\t\t\t\t\t\t\t\t\t\t\t\t\t\t\t\t\t<\/h2>\n\t\t\t\t\t\t\t\t\t\t\t\t\t\t\t\t19 999 K\u010d\t\t\t\t\t\t\t\t\t\t\t\t\t\t\t\t\t \n\t\t\t   \t \t\t\t\t\t\t\t\t   \t \t\t<h2>\n\t\t\t\t\t\t\t\t\t\t\t\t\t\t\t\t\t\t\tB     express      6-8 t\u00fddn\u016f\n\t\t\t\t\t\t\t\t\t\t\t\t\t\t\t\t\t<\/h2>\n\t\t\t\t\t\t\t\t\t\t\t\t\t\t\t\t24 999 K\u010d\t\t\t\t\t\t\t\t\t\t\t\t\t\t\t\t\t \n\t\t\t   \t \t\t\t\t\t\t\t\t   \t \t\t<h2>\n\t\t\t\t\t\t\t\t\t\t\t\t\t\t\t\t\t\t\tIndividu\u00e1ln\u00ed v\u00fdcvik v AJ, RJ\n\t\t\t\t\t\t\t\t\t\t\t\t\t\t\t\t\t<\/h2>\n\t\t\t\t\t\t\t\t\t\t\t\t\t\t\t\t+ 4 000 K\u010d\t\t\t\t\t\t\t\t\t\t\t\t\t\t\t\t\t \n\t\t\t   \t \t\t\t\t\t\t\t\t   \t \t\t<h2>\n\t\t\t\t\t\t\t\t\t\t\t\t\t\t\t\t\t\t\tIndividu\u00e1ln\u00ed v\u00fdcvik exclusive*\n\t\t\t\t\t\t\t\t\t\t\t\t\t\t\t\t\t<\/h2>\n\t\t\t\t\t\t\t\t\t\t\t\t\t\t\t\tindividu\u00e1ln\u00ed cena\t\t\t\t\t\t\t\t\t\t\t\t\t\t\t\t\t \n\t\t\t   \t \t\t\t\t\t\t\t\t   \t \t\t<h2>\n\t\t\t\t\t\t\t\t\t\t\t\t\t\t\t\t\t\t\tAutomatick\u00e1 p\u0159evodovka\n\t\t\t\t\t\t\t\t\t\t\t\t\t\t\t\t\t<\/h2>\n\t\t\t\t\t\t\t\t\t\t\t\t\t\t\t\t+ 2 000 K\u010d\t\t\t\t\t\t\t\t\t\t\t\t\t\t\t\t\t \n\t\t\t   \t \t\t\t\t\t\t\t\t   \t \t\t<h2>\n\t\t\t\t\t\t\t\t\t\t\t\t\t\t\t\t\t\t\tV\u00edce kondi\u010dn\u00edch j\u00edzd\n\t\t\t\t\t\t\t\t\t\t\t\t\t\t\t\t\t<\/h2>\n\t\t\t\t\t\t\t\t\t\t\t\t\t\t\t\tdle po\u010dtu\t\t\t\t\t\t\t\t\t\t\t\t\t\t\t\t\t \n\t\t\t   \t \t\t\t\t\t\t\t\t   \t \t\t<h2>\n\t\t\t\t\t\t\t\t\t\t\t\t\t\t\t\t\t\t\tSleva pro skupiny\n\t\t\t\t\t\t\t\t\t\t\t\t\t\t\t\t\t<\/h2>\n\t\t\t\t\t\t\t\t\t\t\t\t\t\t\t\tdle po\u010dtu\t\t\t\t\t\t\t\t\t\t\t\t\t\t\t\t\t \n\t\t\t\t\t\t\t\t\tKondi\u010dn\u00ed j\u00edzdy osobn\u00ed automobil\t\t\t\t\t\t\t\t\n\t\t\t   \t \t\t\t\t\t\t\t\t   \t \t\t<h2>\n\t\t\t\t\t\t\t\t\t\t\t\t\t\t\t\t\t\t\tHodina dopl\u0148uj\u00edc\u00edho v\u00fdcviku\n\t\t\t\t\t\t\t\t\t\t\t\t\t\t\t\t\t<\/h2>\n\t\t\t\t\t\t\t\t\t\t\t\t\t\t\t\t    650 K\u010d\t\t\t\t\t\t\t\t\t\t\t\t\t\t\t\t\t \n\t\t\t   \t \t\t\t\t\t\t\t\t   \t \t\t<h2>\n\t\t\t\t\t\t\t\t\t\t\t\t\t\t\t\t\t\t\t1h dopl\u0148uj\u00edc\u00edho v\u00fdcviku p\u0159ed zkou\u0161kou\n\t\t\t\t\t\t\t\t\t\t\t\t\t\t\t\t\t<\/h2>\n\t\t\t\t\t\t\t\t\t\t\t\t\t\t\t\t    650 K\u010d\t\t\t\t\t\t\t\t\t\t\t\t\t\t\t\t\t \n\t\t\t   \t \t\t\t\t\t\t\t\t   \t \t\t<h2>\n\t\t\t\t\t\t\t\t\t\t\t\t\t\t\t\t\t\t\tKondi\u010dn\u00ed j\u00edzda manu\u00e1ln\u00ed p\u0159evodovka\n\t\t\t\t\t\t\t\t\t\t\t\t\t\t\t\t\t<\/h2>\n\t\t\t\t\t\t\t\t\t\t\t\t\t\t\t\t    700 K\u010d\t\t\t\t\t\t\t\t\t\t\t\t\t\t\t\t\t \n\t\t\t   \t \t\t\t\t\t\t\t\t   \t \t\t<h2>\n\t\t\t\t\t\t\t\t\t\t\t\t\t\t\t\t\t\t\tKondi\u010dn\u00ed j\u00edzda automatick\u00e1 p\u0159evodovka\n\t\t\t\t\t\t\t\t\t\t\t\t\t\t\t\t\t<\/h2>\n\t\t\t\t\t\t\t\t\t\t\t\t\t\t\t\t  800 K\u010d\t\t\t\t\t\t\t\t\t\t\t\t\t\t\t\t\t \n\t\t\t   \t \t\t\t\t\t\t\t\t   \t \t\t<h2>\n\t\t\t\t\t\t\t\t\t\t\t\t\t\t\t\t\t\t\tKond. j\u00edzda na m\u00edst\u011b ur\u010den\u00e9 klientem &#8211; manu\u00e1l\/automat\n\t\t\t\t\t\t\t\t\t\t\t\t\t\t\t\t\t<\/h2>\n\t\t\t\t\t\t\t\t\t\t\t\t\t\t\t\t900 \/ 1000 K\u010d\t\t\t\t\t\t\t\t\t\t\t\t\t\t\t\t\t \n\t\t\t   \t \t\t\t\t\t\t\t\t   \t \t\t<h2>\n\t\t\t\t\t\t\t\t\t\t\t\t\t\t\t\t\t\t\tKondi\u010dn\u00ed j\u00edzda motocykl\n\t\t\t\t\t\t\t\t\t\t\t\t\t\t\t\t\t<\/h2>\n\t\t\t\t\t\t\t\t\t\t\t\t\t\t\t\t 1 000 K\u010d\t\t\t\t\t\t\t\t\t\t\t\t\t\t\t\t\t \n\t\t\t   \t \t\t\t\t\t\t\t\t   \t \t\t<h2>\n\t\t\t\t\t\t\t\t\t\t\t\t\t\t\t\t\t\t\tKondi\u010dn\u00ed j\u00edzda n\u00e1kladn\u00ed automobil\n\t\t\t\t\t\t\t\t\t\t\t\t\t\t\t\t\t<\/h2>\n\t\t\t\t\t\t\t\t\t\t\t\t\t\t\t\t  1 500 K\u010d\t\t\t\t\t\t\t\t\t\t\t\t\t\t\t\t\t \n\t<p><strong>*<\/strong> Zcela individu\u00e1ln\u00ed p\u0159\u00edstup, pl\u00e1nov\u00e1n\u00ed j\u00edzd i teorie je up\u0159ednostn\u011bn\u00e9 dle z\u00e1jmu klienta, za\u010d\u00e1tek a konec j\u00edzdy na\u00a0 libovoln\u00e9m m\u00edst\u011b dle p\u0159\u00e1n\u00ed klienta. Cena se vypo\u010d\u00edt\u00e1v\u00e1 individu\u00e1ln\u011b dle n\u00e1ro\u010dnosti po\u017eadavk\u016fm klienta<\/p>\n\t<h3>Sdru\u017een\u00fd v\u00fdcvik &#8211; osobn\u00ed automobil + motocykl<\/h3>\t\n\t\t\t   \t \t\t\t\t\t\t\t\t   \t \t\t<h2>\n\t\t\t\t\t\t\t\t\t\t\t\t\t\t\t\t\t\t\tA2 + B omezen\u00e1\n\t\t\t\t\t\t\t\t\t\t\t\t\t\t\t\t\t<\/h2>\n\t\t\t\t\t\t\t\t\t\t\t\t\t\t\t\t43 999 K\u010d\t\t\t\t\t\t\t\t\t\t\t\t\t\t\t\t\t \n\t\t\t   \t \t\t\t\t\t\t\t\t   \t \t\t<h2>\n\t\t\t\t\t\t\t\t\t\t\t\t\t\t\t\t\t\t\tB + A bez omezen\u00ed\n\t\t\t\t\t\t\t\t\t\t\t\t\t\t\t\t\t<\/h2>\n\t\t\t\t\t\t\t\t\t\t\t\t\t\t\t\t45 999 K\u010d\t\t\t\t\t\t\t\t\t\t\t\t\t\t\t\t\t \n\t\t\t\t\t\t\t\t\tMotocykly\t\t\t\t\t\t\t\t\n\t\t\t   \t \t\t\t\t\t\t\t\t   \t \t\t<h2>\n\t\t\t\t\t\t\t\t\t\t\t\t\t\t\t\t\t\t\tAM &#8211; motocykl do 45km\/hod\n\t\t\t\t\t\t\t\t\t\t\t\t\t\t\t\t\t<\/h2>\n\t\t\t\t\t\t\t\t\t\t\t\t\t\t\t\t16 999 K\u010d\t\t\t\t\t\t\t\t\t\t\t\t\t\t\t\t\t \n\t\t\t   \t \t\t\t\t\t\t\t\t   \t \t\t<h2>\n\t\t\t\t\t\t\t\t\t\t\t\t\t\t\t\t\t\t\tA1 &#8211; do 125 cm3\n\t\t\t\t\t\t\t\t\t\t\t\t\t\t\t\t\t<\/h2>\n\t\t\t\t\t\t\t\t\t\t\t\t\t\t\t\t16 999 K\u010d\t\t\t\t\t\t\t\t\t\t\t\t\t\t\t\t\t \n\t\t\t   \t \t\t\t\t\t\t\t\t   \t \t\t<h2>\n\t\t\t\t\t\t\t\t\t\t\t\t\t\t\t\t\t\t\tA2 &#8211; do 35 kW\n\t\t\t\t\t\t\t\t\t\t\t\t\t\t\t\t\t<\/h2>\n\t\t\t\t\t\t\t\t\t\t\t\t\t\t\t\t22 999 K\u010d\t\t\t\t\t\t\t\t\t\t\t\t\t\t\t\t\t \n\t\t\t   \t \t\t\t\t\t\t\t\t   \t \t\t<h2>\n\t\t\t\t\t\t\t\t\t\t\t\t\t\t\t\t\t\t\tA &#8211; nad 35 kW\n\t\t\t\t\t\t\t\t\t\t\t\t\t\t\t\t\t<\/h2>\n\t\t\t\t\t\t\t\t\t\t\t\t\t\t\t\t24 999 K\u010d\t\t\t\t\t\t\t\t\t\t\t\t\t\t\t\t\t \n\t\t\t\t\t\t\t\t\tRoz\u0161\u00ed\u0159en\u00ed \u0158O\t\t\t\t\t\t\t\t\n\t\t\t   \t \t\t\t\t\t\t\t\t   \t \t\t<h2>\n\t\t\t\t\t\t\t\t\t\t\t\t\t\t\t\t\t\t\tVr\u00e1cen\u00ed \u0158P (1. skupina)\n\t\t\t\t\t\t\t\t\t\t\t\t\t\t\t\t\t<\/h2>\n\t\t\t\t\t\t\t\t\t\t\t\t\t\t\t\t9 999 K\u010d\t\t\t\t\t\t\t\t\t\t\t\t\t\t\t\t\t \n\t\t\t   \t \t\t\t\t\t\t\t\t   \t \t\t<h2>\n\t\t\t\t\t\t\t\t\t\t\t\t\t\t\t\t\t\t\tKa\u017ed\u00e1 dal\u0161\u00ed skupina\n\t\t\t\t\t\t\t\t\t\t\t\t\t\t\t\t\t<\/h2>\n\t\t\t\t\t\t\t\t\t\t\t\t\t\t\t\t5 000 K\u010d\t\t\t\t\t\t\t\t\t\t\t\t\t\t\t\t\t \n\t\t\t   \t \t\t\t\t\t\t\t\t   \t \t\t<h2>\n\t\t\t\t\t\t\t\t\t\t\t\t\t\t\t\t\t\t\tDopl\u0148kov\u00e1 zkou\u0161ka B z Ba\n\t\t\t\t\t\t\t\t\t\t\t\t\t\t\t\t\t<\/h2>\n\t\t\t\t\t\t\t\t\t\t\t\t\t\t\t\t9 999 K\u010d\t\t\t\t\t\t\t\t\t\t\t\t\t\t\t\t\t \n\t\t\t\t\t\t\t\t\tMotocykly &#8211; roz\u0161\u00ed\u0159en\u00ed\t\t\t\t\t\t\t\t\n\t\t\t   \t \t\t\t\t\t\t\t\t   \t \t\t<h2>\n\t\t\t\t\t\t\t\t\t\t\t\t\t\t\t\t\t\t\tA2 z A1\n\t\t\t\t\t\t\t\t\t\t\t\t\t\t\t\t\t<\/h2>\n\t\t\t\t\t\t\t\t\t\t\t\t\t\t\t\t9 999 K\u010d\t\t\t\t\t\t\t\t\t\t\t\t\t\t\t\t\t \n\t\t\t   \t \t\t\t\t\t\t\t\t   \t \t\t<h2>\n\t\t\t\t\t\t\t\t\t\t\t\t\t\t\t\t\t\t\tA z A2 (pouze dopl\u0148kov\u00e1 j\u00edzda bez test\u016f)\n\t\t\t\t\t\t\t\t\t\t\t\t\t\t\t\t\t<\/h2>\n\t\t\t\t\t\t\t\t\t\t\t\t\t\t\t\t9 999 K\u010d\t\t\t\t\t\t\t\t\t\t\t\t\t\t\t\t\t \n\t<h3>N\u00e1kladn\u00ed automobil<\/h3>\t\n\t\t\t   \t \t\t\t\t\t\t\t\t   \t \t\t<h2>\n\t\t\t\t\t\t\t\t\t\t\t\t\t\t\t\t\t\t\tC z B\n\t\t\t\t\t\t\t\t\t\t\t\t\t\t\t\t\t<\/h2>\n\t\t\t\t\t\t\t\t\t\t\t\t\t\t\t\t22 999 K\u010d\t\t\t\t\t\t\t\t\t\t\t\t\t\t\t\t\t \n\t\t\t\t\t\t\t\t\tAutobus\t\t\t\t\t\t\t\t\n\t\t\t   \t \t\t\t\t\t\t\t\t   \t \t\t<h2>\n\t\t\t\t\t\t\t\t\t\t\t\t\t\t\t\t\t\t\tD z C\n\t\t\t\t\t\t\t\t\t\t\t\t\t\t\t\t\t<\/h2>\n\t\t\t\t\t\t\t\t\t\t\t\t\t\t\t\t24 999 K\u010d\t\t\t\t\t\t\t\t\t\t\t\t\t\t\t\t\t \n\t\t\t   \t \t\t\t\t\t\t\t\t   \t \t\t<h2>\n\t\t\t\t\t\t\t\t\t\t\t\t\t\t\t\t\t\t\tD z B\n\t\t\t\t\t\t\t\t\t\t\t\t\t\t\t\t\t<\/h2>\n\t\t\t\t\t\t\t\t\t\t\t\t\t\t\t\t34 999 K\u010d\t\t\t\t\t\t\t\t\t\t\t\t\t\t\t\t\t \n\t\t\t\t\t\t\t\t\tP\u0159\u00edv\u011bsy a n\u00e1v\u011bsy nad 750 kg\t\t\t\t\t\t\t\t\n\t\t\t   \t \t\t\t\t\t\t\t\t   \t \t\t<h2>\n\t\t\t\t\t\t\t\t\t\t\t\t\t\t\t\t\t\t\tB 96\n\t\t\t\t\t\t\t\t\t\t\t\t\t\t\t\t\t<\/h2>\n\t\t\t\t\t\t\t\t\t\t\t\t\t\t\t\t6 999 K\u010d\t\t\t\t\t\t\t\t\t\t\t\t\t\t\t\t\t \n\t\t\t   \t \t\t\t\t\t\t\t\t   \t \t\t<h2>\n\t\t\t\t\t\t\t\t\t\t\t\t\t\t\t\t\t\t\tC+E\n\t\t\t\t\t\t\t\t\t\t\t\t\t\t\t\t\t<\/h2>\n\t\t\t\t\t\t\t\t\t\t\t\t\t\t\t\t14 999 K\u010d\t\t\t\t\t\t\t\t\t\t\t\t\t\t\t\t\t \n\t\t\t   \t \t\t\t\t\t\t\t\t   \t \t\t<h2>\n\t\t\t\t\t\t\t\t\t\t\t\t\t\t\t\t\t\t\tB+E\n\t\t\t\t\t\t\t\t\t\t\t\t\t\t\t\t\t<\/h2>\n\t\t\t\t\t\t\t\t\t\t\t\t\t\t\t\t9 999 K\u010d\t\t\t\t\t\t\t\t\t\t\t\t\t\t\t\t\t \n\t\t\t\t\t\t\t\t\tOpravn\u00e9 zkou\u0161ky &#8211; poplatek auto\u0161kole\t\t\t\t\t\t\t\t\n\t\t\t   \t \t\t\t\t\t\t\t\t   \t \t\t<h2>\n\t\t\t\t\t\t\t\t\t\t\t\t\t\t\t\t\t\t\tZkou\u0161ka PPV\n\t\t\t\t\t\t\t\t\t\t\t\t\t\t\t\t\t<\/h2>\n\t\t\t\t\t\t\t\t\t\t\t\t\t\t\t\t500 K\u010d\t\t\t\t\t\t\t\t\t\t\t\t\t\t\t\t\t \n\t\t\t   \t \t\t\t\t\t\t\t\t   \t \t\t<h2>\n\t\t\t\t\t\t\t\t\t\t\t\t\t\t\t\t\t\t\tZkou\u0161ka PJ\n\t\t\t\t\t\t\t\t\t\t\t\t\t\t\t\t\t<\/h2>\n\t\t\t\t\t\t\t\t\t\t\t\t\t\t\t\t700 K\u010d\t\t\t\t\t\t\t\t\t\t\t\t\t\t\t\t\t \n\t<h3>Ostatn\u00ed<\/h3>\t\n\t\t\t   \t \t\t\t\t\t\t\t\t   \t \t\t<h2>\n\t\t\t\t\t\t\t\t\t\t\t\t\t\t\t\t\t\t\tZkou\u0161ka PPV &#8211; spr\u00e1vn\u00ed poplatek\n\t\t\t\t\t\t\t\t\t\t\t\t\t\t\t\t\t<\/h2>\n\t\t\t\t\t\t\t\t\t\t\t\t\t\t\t\t100 K\u010d\t\t\t\t\t\t\t\t\t\t\t\t\t\t\t\t\t \n\t\t\t   \t \t\t\t\t\t\t\t\t   \t \t\t<h2>\n\t\t\t\t\t\t\t\t\t\t\t\t\t\t\t\t\t\t\tZkou\u0161ka PJ &#8211; spr\u00e1vn\u00ed poplatek\n\t\t\t\t\t\t\t\t\t\t\t\t\t\t\t\t\t<\/h2>\n\t\t\t\t\t\t\t\t\t\t\t\t\t\t\t\t400 K\u010d\t\t\t\t\t\t\t\t\t\t\t\t\t\t\t\t\t \n\t\t\t   \t \t\t\t\t\t\t\t\t   \t \t\t<h2>\n\t\t\t\t\t\t\t\t\t\t\t\t\t\t\t\t\t\t\tZtr\u00e1ta Pr\u016fkazu \u017e\u00e1ka auto\u0161koly, opis\n\t\t\t\t\t\t\t\t\t\t\t\t\t\t\t\t\t<\/h2>\n\t\t\t\t\t\t\t\t\t\t\t\t\t\t\t\t100 K\u010d\t\t\t\t\t\t\t\t\t\t\t\t\t\t\t\t\t \n\t\t\t   \t \t\t\t\t\t\t\t\t   \t \t\t<h2>\n\t\t\t\t\t\t\t\t\t\t\t\t\t\t\t\t\t\t\tProstoj neomluven\u00fd\n\t\t\t\t\t\t\t\t\t\t\t\t\t\t\t\t\t<\/h2>\n\t\t\t\t\t\t\t\t\t\t\t\t\t\t\t\t400 K\u010d\t\t\t\t\t\t\t\t\t\t\t\t\t\t\t\t\t \n\t\t\t   \t \t\t\t\t\t\t\t\t   \t \t\t<h2>\n\t\t\t\t\t\t\t\t\t\t\t\t\t\t\t\t\t\t\tNedostaven\u00ed se k ZK bez \u0159\u00e1dn\u00e9 omluvy\n\t\t\t\t\t\t\t\t\t\t\t\t\t\t\t\t\t<\/h2>\n\t\t\t\t\t\t\t\t\t\t\t\t\t\t\t\t500 K\u010d\t\t\t\t\t\t\t\t\t\t\t\t\t\t\t\t\t \n\t\t\t   \t \t\t\t\t\t\t\t\t   \t \t\t<h2>\n\t\t\t\t\t\t\t\t\t\t\t\t\t\t\t\t\t\t\tStorno v\u00fdcviku\n\t\t\t\t\t\t\t\t\t\t\t\t\t\t\t\t\t<\/h2>\n\t\t\t\t\t\t\t\t\t\t\t\t\t\t\t\t2000 K\u010d\t\t\t\t\t\t\t\t\t\t\t\t\t\t\t\t\t \n\t\t\t   \t \t\t\t\t\t\t\t\t   \t \t\t<h2>\n\t\t\t\t\t\t\t\t\t\t\t\t\t\t\t\t\t\t\tProfesn\u00ed osv\u011bd\u010den\u00ed (opr\u00e1vn\u011bn\u00ed u\u010ditele auto\u0161koly)\n\t\t\t\t\t\t\t\t\t\t\t\t\t\t\t\t\t<\/h2>\n\t\t\t   \t \t\t\t\t\t\t\t\t   \t \t\t<h2>\n\t\t\t\t\t\t\t\t\t\t\t\t\t\t\t\t\t\t\tProfesn\u00ed osv\u011bd\u010den\u00ed (opr\u00e1vn\u011bn\u00ed u\u010ditele auto\u0161koly)\n\t\t\t\t\t\t\t\t\t\t\t\t\t\t\t\t\t<\/h2>\n\t\t\t\t\t\t\t\t\t\t\t\t\t\t\t\t35 000 K\u010d\t\t\t\t\t\t\t\t\t\t\t\t\t\t\t\t\t \n\t\t\t\t\t\t\t\t\tSpr\u00e1vn\u00ed poplatky &#8211; prvn\u00ed zkou\u0161ka\n\t\t\t   \t \t\t\t\t\t\t\t\t   \t \t\t<h2>\n\t\t\t\t\t\t\t\t\t\t\t\t\t\t\t\t\t\t\tSpr\u00e1vn\u00ed poplatek\n\t\t\t\t\t\t\t\t\t\t\t\t\t\t\t\t\t<\/h2>\n\t\t\t\t\t\t\t\t\t\t\t\t\t\t\t\t700 K\u010d\t\t\t\t\t\t\t\t\t\t\t\t\t\t\t\t\t \n\t\t\t\t\t\t\t\t\tSpr\u00e1vn\u00ed poplatky &#8211; opravn\u00e1 zkou\u0161ka\t\t\t\t\t\t\t\t\n\t\t\t   \t \t\t\t\t\t\t\t\t   \t \t\t<h2>\n\t\t\t\t\t\t\t\t\t\t\t\t\t\t\t\t\t\t\tZkou\u0161ka PPV &#8211; spr\u00e1vn\u00ed poplatek\n\t\t\t\t\t\t\t\t\t\t\t\t\t\t\t\t\t<\/h2>\n\t\t\t\t\t\t\t\t\t\t\t\t\t\t\t\t100 K\u010d\t\t\t\t\t\t\t\t\t\t\t\t\t\t\t\t\t \n\t\t\t   \t \t\t\t\t\t\t\t\t   \t \t\t<h2>\n\t\t\t\t\t\t\t\t\t\t\t\t\t\t\t\t\t\t\tZkou\u0161ka PJ &#8211; spr\u00e1vn\u00ed poplatek\n\t\t\t\t\t\t\t\t\t\t\t\t\t\t\t\t\t<\/h2>\n\t\t\t\t\t\t\t\t\t\t\t\t\t\t\t\t400 K\u010d\t\t\t\t\t\t\t\t\t\t\t\t\t\t\t\t\t \n\t<ul>\n<li>Slevy se nevztahuj\u00ed na ak\u010dn\u00ed nab\u00eddky a nelze je d\u00e1le kumulovat.<\/li>\n<li>Ceny za v\u00fdcvik obsahuj\u00ed kompletn\u00ed v\u00fdcvik v\u010detn\u011b teoretick\u00e9 v\u00fduky.<\/li>\n<li>Cen\u00edk je platn\u00fd od 1.4.2025<\/li>\n<\/ul>\n                        <img decoding=\"async\" src=\"https:\/\/www.autoskolakristan.cz\/wp-content\/uploads\/bb-plugin\/cache\/Dewi_testimonial-square.jpg\" alt=\"Dewi_testimonial\" itemprop=\"image\" title=\"Dewi_testimonial\"  \/>\n\t\t                    <h4>Dewi<\/h4>\n                \t\t        \t\t        \t<p>I was a bit afraid of a driving school, but autoskola Kristan taught me everything and now I&#8217;m a confident driver. I can fully recommend this driving school.<\/p>\n                        <img loading=\"lazy\" decoding=\"async\" src=\"https:\/\/www.autoskolakristan.cz\/wp-content\/uploads\/bb-plugin\/cache\/testimonial02-square.png\" alt=\"testimonial02\" itemprop=\"image\" height=\"333\" width=\"318\" title=\"testimonial02\"  \/>\n\t\t                    <h4>Kristi\u00e1n<\/h4>\n                \t\t        \t\t        \t<p>Hledal jsem auto\u0161kolu, kde se toho nau\u010d\u00edm, co nejv\u00edce a projedu co nejhust\u0161\u00edm provozem. Auto\u0161kola K\u0159i\u0161\u0165an mi to splnila a j\u00e1 jsem maxim\u00e1ln\u011b spokojen!<\/p>\n\t\t<h2>\n\t\t\tNA\u0160I SPOKOJEN\u00cd \u017d\u00c1CI\n\t\t<\/h2>\n\t\t\t<p>P\u0159e\u010dt\u011bte si, jak n\u00e1s vid\u00ed na\u0161i absolventi, co jim v\u00fdcvik u n\u00e1s p\u0159inesl a jak\u00e9 obavy p\u0159ekonali.<\/p>\t\t\n\t\t<h2>\n\t\t\tROZJEDEME TO?\n\t\t<\/h2>\n\t\t\t<p>Z\u00edskej \u0159idi\u010d\u00e1k a zku\u0161enosti najednou. P\u0159ipoj se ke stovk\u00e1m nad\u0161en\u00fdch \u0159idi\u010d\u016f!<\/p>\t\t\n\t<a href=\"\/kladno\/online-prihlaska\/\" target=\"_self\" role=\"button\" aria-label=\"ONLINE P\u0158IHL\u00c1\u0160KA\">\n\t\t\t\t\t\tONLINE P\u0158IHL\u00c1\u0160KA\n\t\t\t<\/a>\n\t<p>D\u00edky online p\u0159ihl\u00e1\u0161ce se m\u016f\u017eete na kurz p\u0159ihl\u00e1sit, nebo jej objednat jako d\u00e1rek n\u011bkomu z Va\u0161ich bl\u00edzk\u00fdch.<\/p>\n\n","protected":false},"excerpt":{"rendered":"<p>KOMPLETN\u00cd CEN\u00cdK AUTO\u0160KOLY KLADNO Nen\u00ed auto\u0161kola jako auto\u0161kola OSOBN\u00cd AUTOMOBIL B standard 5-6 m\u011bs\u00edc\u016f 17 999 K\u010d B ide\u00e1l 3-4 m\u011bs\u00edce 19 999 K\u010d B express 6-8 t\u00fddn\u016f 24 999 K\u010d Individu\u00e1ln\u00ed v\u00fdcvik v AJ, RJ + 4 000 K\u010d Individu\u00e1ln\u00ed v\u00fdcvik exclusive* individu\u00e1ln\u00ed cena Automatick\u00e1 p\u0159evodovka + 2 000 K\u010d V\u00edce kondi\u010dn\u00edch j\u00edzd dle&hellip;<\/p>\n","protected":false},"author":3,"featured_media":0,"parent":2198,"menu_order":4,"comment_status":"closed","ping_status":"closed","template":"","meta":{"footnotes":""},"class_list":["post-2225","page","type-page","status-publish","hentry"],"_links":{"self":[{"href":"https:\/\/www.autoskolakristan.cz\/cz\/wp-json\/wp\/v2\/pages\/2225","targetHints":{"allow":["GET"]}}],"collection":[{"href":"https:\/\/www.autoskolakristan.cz\/cz\/wp-json\/wp\/v2\/pages"}],"about":[{"href":"https:\/\/www.autoskolakristan.cz\/cz\/wp-json\/wp\/v2\/types\/page"}],"author":[{"embeddable":true,"href":"https:\/\/www.autoskolakristan.cz\/cz\/wp-json\/wp\/v2\/users\/3"}],"replies":[{"embeddable":true,"href":"https:\/\/www.autoskolakristan.cz\/cz\/wp-json\/wp\/v2\/comments?post=2225"}],"version-history":[{"count":11,"href":"https:\/\/www.autoskolakristan.cz\/cz\/wp-json\/wp\/v2\/pages\/2225\/revisions"}],"predecessor-version":[{"id":2359,"href":"https:\/\/www.autoskolakristan.cz\/cz\/wp-json\/wp\/v2\/pages\/2225\/revisions\/2359"}],"up":[{"embeddable":true,"href":"https:\/\/www.autoskolakristan.cz\/cz\/wp-json\/wp\/v2\/pages\/2198"}],"wp:attachment":[{"href":"https:\/\/www.autoskolakristan.cz\/cz\/wp-json\/wp\/v2\/media?parent=2225"}],"curies":[{"name":"wp","href":"https:\/\/api.w.org\/{rel}","templated":true}]}}