{"id":2233,"date":"2024-05-26T10:23:09","date_gmt":"2024-05-26T09:23:09","guid":{"rendered":"https:\/\/www.autoskolakristan.cz\/?page_id=2233"},"modified":"2024-05-26T11:00:23","modified_gmt":"2024-05-26T10:00:23","slug":"motocykly","status":"publish","type":"page","link":"https:\/\/www.autoskolakristan.cz\/cz\/kladno\/motocykly\/","title":{"rendered":"Motocykly"},"content":{"rendered":"\n\n\t\t<h1>\n\t\t\tMOTOCYKLY\n\t\t\t\t\t\t\t\t\t\t\tKLADNO\n\t\t<\/h1>\n\t\t\t<p>Nen\u00ed auto\u0161kola jako auto\u0161kola<\/p>\t\t\n<h2>\n\t\tMOTOCYKL &#8211; \u0158IDI\u010cSK\u00dd PR\u016eKAZ\n\t<\/h2>\n\t<p>Vyber si svou variantu<\/p>\n\t\t<h3><a href=\"#prukaz-a\" target=\"_self\" rel=\"noopener\">SKUPINA <b>A<\/b><\/a><\/h3><p>OD 24 LET<\/p>\n<p>Pro motocykly o v\u00fdkonu nad 35 kW<\/p>\n\t\t\t<a href=\"#prukaz-a\" target=\"_self\" rel=\"noopener\">\n\t\t\t\t\t\t\tVYBRAT <b>A<\/b>\n\t\t\t\t\t<\/a>\n\t\t<h3><a href=\"#prukaz-a2\" target=\"_self\" rel=\"noopener\">SKUPINA <b>A2<\/b><\/a><\/h3><p>OD 18 LET<\/p>\n<p>Pro motocykly o v\u00fdkonu od 25 kW do 35 kW<\/p>\n\t\t\t<a href=\"#prukaz-a2\" target=\"_self\" rel=\"noopener\">\n\t\t\t\t\t\t\tVYBRAT <b>A2<\/b>\n\t\t\t\t\t<\/a>\n\t\t<h3><a href=\"#prukaz-a1\" target=\"_self\" rel=\"noopener\">SKUPINA <b>A1<\/b><\/a><\/h3><p>OD 16 LET<\/p>\n<p>Pro motocykly do 125 ccm a 11 kW<\/p>\n\t\t\t<a href=\"#prukaz-a1\" target=\"_self\" rel=\"noopener\">\n\t\t\t\t\t\t\tVYBRAT <b>A1<\/b>\n\t\t\t\t\t<\/a>\n\t\t<h3><a href=\"#prukaz-am\" target=\"_self\" rel=\"noopener\">SKUPINA <b>AM<\/b><\/a><\/h3><p>OD 15 LET<\/p>\n<p>Pro mopedy do 50 ccm a 45 km\/h<\/p>\n\t\t\t<a href=\"#prukaz-am\" target=\"_self\" rel=\"noopener\">\n\t\t\t\t\t\t\tVYBRAT <b>AM<\/b>\n\t\t\t\t\t<\/a>\n<h2>\n\t\tMOTOCYKL &#8211; \u0158IDI\u010cSK\u00dd PR\u016eKAZ A\n\t<\/h2>\n\t<p>S pr\u016fkazem A bude\u0161 moci \u0159\u00eddit motocykl s v\u00fdkonem na 35 kW<\/p>\n\t\t<h3>Z\u00cdSK\u00c1\u0160 OPR\u00c1VN\u011aN\u00cd NA<\/h3><p>1. motocykly s postrann\u00edm voz\u00edkem nebo bez n\u011bj,<\/p>\n<p>2. t\u0159\u00edkolov\u00e1 motorov\u00e1 vozidla s v\u00fdkonem p\u0159evy\u0161uj\u00edc\u00edm 15 kW,<\/p>\n<p>3. oprav\u0148uje tak\u00e9 k \u0159\u00edzen\u00ed vozidel za\u0159azen\u00fdch do skupin A1 a A2,<\/p>\n<p>4. \u010dty\u0159kolov\u00fdch vozidel o v\u00fdkonu motoru do 15 kW a hmotnosti v nenalo\u017een\u00e9m stavu do 400 kg.<\/p>\n\t<a href=\"\/kladno\/online-prihlaska\/\" target=\"_self\" role=\"button\" aria-label=\"OBJEDNAT\" rel=\"noopener\">\n\t\t\t\t\t\tOBJEDNAT\n\t\t\t<\/a>\n\t\t<h3>PODM\u00cdNKY UD\u011aLEN\u00cd<\/h3><p>1. v\u011bk 24 let,<\/p>\n<p>2. zdravotn\u00ed a odborn\u00e1 zp\u016fsobilost,<\/p>\n<p>3. v \u010cesk\u00e9 republice obvykl\u00e9 bydli\u0161t\u011b nebo studium (alespo\u0148 6 m\u011bs\u00edc\u016f),<\/p>\n<p>4. neb\u00fdt ve v\u00fdkonu sankce nebo trestu z\u00e1kazu \u010dinnosti, spo\u010d\u00edvaj\u00edc\u00edho v z\u00e1kazu \u0159\u00edzen\u00ed motorov\u00fdch vozidel nebo nem\u00edt v registru \u0159idi\u010d\u016f zaznamen\u00e1no 12 bod\u016f,<\/p>\n<p>5. neb\u00fdt dr\u017eitelem platn\u00e9ho \u0159idi\u010dsk\u00e9ho opr\u00e1vn\u011bn\u00ed ud\u011blen\u00e9ho jin\u00fdm \u010dlensk\u00fdm st\u00e1tem,<\/p>\n<p>6. ministerstvo ud\u011bl\u00ed v\u00fdjimku z podm\u00ednky v\u011bku pro dr\u017eitele licence motoristick\u00e9ho sportovce, pouze pro j\u00edzdu p\u0159i sportovn\u00ed sout\u011b\u017ei.<\/p>\n<h4>\n\t\tJAK V\u00ddCVIK VYPAD\u00c1?\n\t<\/h4>\n\t\t\t\tNEM\u00c1M OPR\u00c1VN\u011aN\u00cd A1 ANI A2\n<h3>TEORIE<\/h3>\n<p><strong>4<\/strong>\u00a0 hodiny: v\u00fduka p\u0159edpis\u016f o provozu vozidel<\/p>\n<p><strong>1<\/strong>\u00a0 hodina: v\u00fduka o ovl\u00e1d\u00e1n\u00ed a \u00fadr\u017eb\u011b vozidla<\/p>\n<p><strong>2<\/strong>\u00a0 hodiny: v\u00fduku teorie \u0159\u00edzen\u00ed a z\u00e1sad bezpe\u010dn\u00e9 j\u00edzdy<\/p>\n<p><strong>1<\/strong>\u00a0 hodina: v\u00fduku zdravotnick\u00e9 p\u0159\u00edpravy<\/p>\n<p><strong>1<\/strong>\u00a0 hodina: opakov\u00e1n\u00ed a p\u0159ezkou\u0161en\u00ed<\/p>\n<h3>PRAXE<\/h3>\n<p><strong>13<\/strong>\u00a0 hodin: v\u00fdcvik v \u0159\u00edzen\u00ed vozidla<\/p>\n<p><strong>1<\/strong>\u00a0 hodina: v\u00fdcvik praktick\u00e9 \u00fadr\u017eby<\/p>\n<p><strong>4\u00a0<\/strong> hodiny: praktick\u00fd v\u00fdcvik zdravotnick\u00e9 p\u0159\u00edpravy<\/p>\n\t\t\t\tM\u00c1M OPR\u00c1VN\u011aN\u00cd A1, NEBO A2 POD 2 ROKY\n<h3>TEORIE<\/h3>\n<p><strong>2<\/strong> hodiny: v\u00fduka p\u0159edpis\u016f o provozu vozidel<\/p>\n<p><strong>1<\/strong> hodina: v\u00fduka o ovl\u00e1d\u00e1n\u00ed a \u00fadr\u017eb\u011b vozidla<\/p>\n<p><strong>1<\/strong> hodina: v\u00fduku teorie \u0159\u00edzen\u00ed a z\u00e1sad bezpe\u010dn\u00e9 j\u00edzdy<\/p>\n<p><strong>1<\/strong>\u00a0hodina: v\u00fduku zdravotnick\u00e9 p\u0159\u00edpravy<\/p>\n<p><strong>1<\/strong>\u00a0hodina: opakov\u00e1n\u00ed a p\u0159ezkou\u0161en\u00ed<\/p>\n<h3>PRAXE<\/h3>\n<p><strong>7<\/strong>\u00a0hodin: v\u00fdcvik v \u0159\u00edzen\u00ed vozidla<\/p>\n<p><strong>1<\/strong> hodina: v\u00fdcvik praktick\u00e9 \u00fadr\u017eby<\/p>\n<p><strong>2<\/strong>\u00a0hodiny: praktick\u00fd v\u00fdcvik zdravotnick\u00e9 p\u0159\u00edpravy<\/p>\n\t\t\t\tM\u00c1M OPR\u00c1VN\u011aN\u00cd A2 ALESPO\u0147 2 ROKY\n<h3>TEORII M\u00c1\u0160 SPLN\u011aNOU<br \/>\n<\/h3>\nTeorii nem\u00e1\u0161 povinnou.\n<h3>PRAXE DLE DOMLUVY<br \/>\n<\/h3>\nM\u016f\u017ee se podrobit v\u00fdcviku v rozsahu, jak\u00fd si dohodne s auto\u0161kolou a slo\u017e\u00ed pouze tzv. dopl\u0148ovac\u00ed zkou\u0161ku, kter\u00e1 se provede ve stejn\u00e9m rozsahu a stejn\u00fdm zp\u016fsobem jako zkou\u0161ka z praktick\u00e9 j\u00edzdy podle \u00a7 42 z\u00e1kona \u010d. 247\/2000 Sb.\nPro v\u00fdcvik je nutn\u00fd platn\u00fd l\u00e9ka\u0159sk\u00fd posudek pro skupinu A!\n<h2>\n\t\tMOTOCYKL &#8211; \u0158IDI\u010cSK\u00dd PR\u016eKAZ A\n\t<\/h2>\n\t<p>S pr\u016fkazem A bude\u0161 moci \u0159\u00eddit motocykl s v\u00fdkonem na 35 kW<\/p>\n\t\t<h3>Z\u00cdSK\u00c1\u0160 OPR\u00c1VN\u011aN\u00cd NA<\/h3><p>1. motocykly s postrann\u00edm voz\u00edkem nebo bez n\u011bj,<\/p>\n<p>2. t\u0159\u00edkolov\u00e1 motorov\u00e1 vozidla s v\u00fdkonem p\u0159evy\u0161uj\u00edc\u00edm 15 kW,<\/p>\n<p>3. oprav\u0148uje tak\u00e9 k \u0159\u00edzen\u00ed vozidel za\u0159azen\u00fdch do skupin A1 a A2,<\/p>\n<p>4. \u010dty\u0159kolov\u00fdch vozidel o v\u00fdkonu motoru do 15 kW a hmotnosti v nenalo\u017een\u00e9m stavu do 400 kg.<\/p>\n\t<a href=\"\/kladno\/online-prihlaska\/\" target=\"_self\" role=\"button\" aria-label=\"OBJEDNAT\" rel=\"noopener\">\n\t\t\t\t\t\tOBJEDNAT\n\t\t\t<\/a>\n\t\t<h3>PODM\u00cdNKY UD\u011aLEN\u00cd<\/h3><p>1. v\u011bk 24 let,<\/p>\n<p>2. zdravotn\u00ed a odborn\u00e1 zp\u016fsobilost,<\/p>\n<p>3. v \u010cesk\u00e9 republice obvykl\u00e9 bydli\u0161t\u011b nebo studium (alespo\u0148 6 m\u011bs\u00edc\u016f),<\/p>\n<p>4. neb\u00fdt ve v\u00fdkonu sankce nebo trestu z\u00e1kazu \u010dinnosti, spo\u010d\u00edvaj\u00edc\u00edho v z\u00e1kazu \u0159\u00edzen\u00ed motorov\u00fdch vozidel nebo nem\u00edt v registru \u0159idi\u010d\u016f zaznamen\u00e1no 12 bod\u016f,<\/p>\n<p>5. neb\u00fdt dr\u017eitelem platn\u00e9ho \u0159idi\u010dsk\u00e9ho opr\u00e1vn\u011bn\u00ed ud\u011blen\u00e9ho jin\u00fdm \u010dlensk\u00fdm st\u00e1tem,<\/p>\n<p>6. ministerstvo ud\u011bl\u00ed v\u00fdjimku z podm\u00ednky v\u011bku pro dr\u017eitele licence motoristick\u00e9ho sportovce, pouze pro j\u00edzdu p\u0159i sportovn\u00ed sout\u011b\u017ei.<\/p>\n<h4>\n\t\tJAK V\u00ddCVIK VYPAD\u00c1?\n\t<\/h4>\n\t\t\t\tNEM\u00c1M OPR\u00c1VN\u011aN\u00cd A1 ANI A2\n<h3>TEORIE<\/h3>\n<p><strong>4<\/strong>\u00a0 hodiny: v\u00fduka p\u0159edpis\u016f o provozu vozidel<\/p>\n<p><strong>1<\/strong>\u00a0 hodina: v\u00fduka o ovl\u00e1d\u00e1n\u00ed a \u00fadr\u017eb\u011b vozidla<\/p>\n<p><strong>2<\/strong>\u00a0 hodiny: v\u00fduku teorie \u0159\u00edzen\u00ed a z\u00e1sad bezpe\u010dn\u00e9 j\u00edzdy<\/p>\n<p><strong>1<\/strong>\u00a0 hodina: v\u00fduku zdravotnick\u00e9 p\u0159\u00edpravy<\/p>\n<p><strong>1<\/strong>\u00a0 hodina: opakov\u00e1n\u00ed a p\u0159ezkou\u0161en\u00ed<\/p>\n<h3>PRAXE<\/h3>\n<p><strong>13<\/strong>\u00a0 hodin: v\u00fdcvik v \u0159\u00edzen\u00ed vozidla<\/p>\n<p><strong>1<\/strong>\u00a0 hodina: v\u00fdcvik praktick\u00e9 \u00fadr\u017eby<\/p>\n<p><strong>4\u00a0<\/strong> hodiny: praktick\u00fd v\u00fdcvik zdravotnick\u00e9 p\u0159\u00edpravy<\/p>\n\t\t\t\tM\u00c1M OPR\u00c1VN\u011aN\u00cd A1, NEBO A2 POD 2 ROKY\n<h3>TEORIE<\/h3>\n<p><strong>2<\/strong> hodiny: v\u00fduka p\u0159edpis\u016f o provozu vozidel<\/p>\n<p><strong>1<\/strong> hodina: v\u00fduka o ovl\u00e1d\u00e1n\u00ed a \u00fadr\u017eb\u011b vozidla<\/p>\n<p><strong>1<\/strong> hodina: v\u00fduku teorie \u0159\u00edzen\u00ed a z\u00e1sad bezpe\u010dn\u00e9 j\u00edzdy<\/p>\n<p><strong>1<\/strong>\u00a0hodina: v\u00fduku zdravotnick\u00e9 p\u0159\u00edpravy<\/p>\n<p><strong>1<\/strong>\u00a0hodina: opakov\u00e1n\u00ed a p\u0159ezkou\u0161en\u00ed<\/p>\n<h3>PRAXE<\/h3>\n<p><strong>7<\/strong>\u00a0hodin: v\u00fdcvik v \u0159\u00edzen\u00ed vozidla<\/p>\n<p><strong>1<\/strong> hodina: v\u00fdcvik praktick\u00e9 \u00fadr\u017eby<\/p>\n<p><strong>2<\/strong>\u00a0hodiny: praktick\u00fd v\u00fdcvik zdravotnick\u00e9 p\u0159\u00edpravy<\/p>\n\t\t\t\tM\u00c1M OPR\u00c1VN\u011aN\u00cd A2 ALESPO\u0147 2 ROKY\n<h3>TEORII M\u00c1\u0160 SPLN\u011aNOU<br \/>\n<\/h3>\nTeorii nem\u00e1\u0161 povinnou.\n<h3>PRAXE DLE DOMLUVY<br \/>\n<\/h3>\nM\u016f\u017ee se podrobit v\u00fdcviku v rozsahu, jak\u00fd si dohodne s auto\u0161kolou a slo\u017e\u00ed pouze tzv. dopl\u0148ovac\u00ed zkou\u0161ku, kter\u00e1 se provede ve stejn\u00e9m rozsahu a stejn\u00fdm zp\u016fsobem jako zkou\u0161ka z praktick\u00e9 j\u00edzdy podle \u00a7 42 z\u00e1kona \u010d. 247\/2000 Sb.\nPro v\u00fdcvik je nutn\u00fd platn\u00fd l\u00e9ka\u0159sk\u00fd posudek pro skupinu A!\n<h2>\n\t\tMOTOCYKL &#8211; \u0158IDI\u010cSK\u00dd PR\u016eKAZ A2\n\t<\/h2>\n\t<p>S pr\u016fkazem A2 bude\u0161 moci \u0159\u00eddit motocykl s v\u00fdkonem do 35 kW<\/p>\n\t\t<h3>Z\u00cdSK\u00c1\u0160 OPR\u00c1VN\u011aN\u00cd NA<\/h3><p>1. motocykly s postrann\u00edm voz\u00edkem nebo bez n\u011bj s v\u00fdkonem motoru nejv\u00fd\u0161e 35 kW a s pom\u011brem v\u00fdkonu\/hmotnosti nejv\u00fd\u0161e 0,2 kW\/kg, kter\u00e9 nebyly upraveny z motocyklu s v\u00edce ne\u017e dvojn\u00e1sobn\u00fdm v\u00fdkonem,<\/p>\n<p>2. oprav\u0148uje tak\u00e9 k \u0159\u00edzen\u00ed vozidel za\u0159azen\u00fdch do skupiny A1<\/p>\n\t<a href=\"\/kladno\/online-prihlaska\/\" target=\"_self\" role=\"button\" aria-label=\"OBJEDNAT\" rel=\"noopener\">\n\t\t\t\t\t\tOBJEDNAT\n\t\t\t<\/a>\n\t\t<h3>PODM\u00cdNKY UD\u011aLEN\u00cd<\/h3><p>1. v\u011bk 18 let,<\/p>\n<p>2. zdravotn\u00ed a odborn\u00e1 zp\u016fsobilost,<\/p>\n<p>3. v \u010cesk\u00e9 republice obvykl\u00e9 bydli\u0161t\u011b nebo studium (alespo\u0148 6 m\u011bs\u00edc\u016f),<\/p>\n<p>4. neb\u00fdt ve v\u00fdkonu sankce nebo trestu z\u00e1kazu \u010dinnosti, spo\u010d\u00edvaj\u00edc\u00edho v z\u00e1kazu \u0159\u00edzen\u00ed motorov\u00fdch vozidel nebo nem\u00edt v registru \u0159idi\u010d\u016f zaznamen\u00e1no 12 bod\u016f,<\/p>\n<p>5. neb\u00fdt dr\u017eitelem platn\u00e9ho \u0159idi\u010dsk\u00e9ho opr\u00e1vn\u011bn\u00ed ud\u011blen\u00e9ho jin\u00fdm \u010dlensk\u00fdm st\u00e1tem,<\/p>\n<p>6. ministerstvo ud\u011bl\u00ed v\u00fdjimku z podm\u00ednky v\u011bku pro dr\u017eitele licence motoristick\u00e9ho sportovce, pouze pro j\u00edzdu p\u0159i sportovn\u00ed sout\u011b\u017ei.<\/p>\n<h4>\n\t\tJAK V\u00ddCVIK VYPAD\u00c1?\n\t<\/h4>\n\t\t\t\tNEM\u00c1M OPR\u00c1VN\u011aN\u00cd A1\n<h3>TEORIE<\/h3>\n<p><strong>4<\/strong>\u00a0 hodiny: v\u00fduka p\u0159edpis\u016f o provozu vozidel<\/p>\n<p><strong>1<\/strong>\u00a0 hodina: v\u00fduka o ovl\u00e1d\u00e1n\u00ed a \u00fadr\u017eb\u011b vozidla<\/p>\n<p><strong>2<\/strong>\u00a0 hodiny: v\u00fduku teorie \u0159\u00edzen\u00ed a z\u00e1sad bezpe\u010dn\u00e9 j\u00edzdy<\/p>\n<p><strong>1<\/strong>\u00a0 hodina: v\u00fduku zdravotnick\u00e9 p\u0159\u00edpravy<\/p>\n<p><strong>1<\/strong>\u00a0 hodina: opakov\u00e1n\u00ed a p\u0159ezkou\u0161en\u00ed<\/p>\n<h3>PRAXE<\/h3>\n<p><strong>13<\/strong>\u00a0 hodin: v\u00fdcvik v \u0159\u00edzen\u00ed vozidla<\/p>\n<p><strong>1<\/strong>\u00a0 hodina: v\u00fdcvik praktick\u00e9 \u00fadr\u017eby<\/p>\n<p><strong>4\u00a0<\/strong> hodiny: praktick\u00fd v\u00fdcvik zdravotnick\u00e9 p\u0159\u00edpravy<\/p>\n\t\t\t\tM\u00c1M OPR\u00c1VN\u011aN\u00cd A1 POD 2 ROKY\n<h3>TEORIE<\/h3>\n<p><strong>2<\/strong> hodiny: v\u00fduka p\u0159edpis\u016f o provozu vozidel<\/p>\n<p><strong>1<\/strong> hodina: v\u00fduka o ovl\u00e1d\u00e1n\u00ed a \u00fadr\u017eb\u011b vozidla<\/p>\n<p><strong>1<\/strong> hodina: v\u00fduku teorie \u0159\u00edzen\u00ed a z\u00e1sad bezpe\u010dn\u00e9 j\u00edzdy<\/p>\n<p><strong>1<\/strong>\u00a0hodina: v\u00fduku zdravotnick\u00e9 p\u0159\u00edpravy<\/p>\n<p><strong>1<\/strong>\u00a0hodina: opakov\u00e1n\u00ed a p\u0159ezkou\u0161en\u00ed<\/p>\n<h3>PRAXE<\/h3>\n<p><strong>7<\/strong>\u00a0hodin: v\u00fdcvik v \u0159\u00edzen\u00ed vozidla<\/p>\n<p><strong>1<\/strong> hodina: v\u00fdcvik praktick\u00e9 \u00fadr\u017eby<\/p>\n<p><strong>2<\/strong>\u00a0hodiny: praktick\u00fd v\u00fdcvik zdravotnick\u00e9 p\u0159\u00edpravy<\/p>\n\t\t\t\tM\u00c1M OPR\u00c1VN\u011aN\u00cd A1 ALESPO\u0147 2 ROKY\n<h3>TEORII M\u00c1\u0160 SPLN\u011aNOU<br \/>\n<\/h3>\nTeorii nem\u00e1\u0161 povinnou.\n<h3>PRAXE DLE DOMLUVY<br \/>\n<\/h3>\nM\u016f\u017ee se podrobit v\u00fdcviku v rozsahu, jak\u00fd si dohodne s auto\u0161kolou a slo\u017e\u00ed pouze tzv. dopl\u0148ovac\u00ed zkou\u0161ku, kter\u00e1 se provede ve stejn\u00e9m rozsahu a stejn\u00fdm zp\u016fsobem jako zkou\u0161ka z praktick\u00e9 j\u00edzdy podle \u00a7 42 z\u00e1kona \u010d. 247\/2000 Sb.\n<h2>\n\t\tMOTOCYKL &#8211; \u0158IDI\u010cSK\u00dd PR\u016eKAZ A1\n\t<\/h2>\n\t<p>S pr\u016fkazem A1 bude\u0161 moci \u0159\u00eddit motocykl s v\u00fdkonem do 125 ccm a 11 kW<\/p>\n\t\t<h3>V\u00ddCVIK<\/h3><p>D\u00e9lka v\u00fdcviku z\u00e1vis\u00ed na schopnostech \u017eadatele (b\u011b\u017en\u011b m\u011bs\u00edc a\u017e dva). Individu\u00e1ln\u00ed zrychlen\u00fd v\u00fdcvik je mo\u017en\u00e9 stihnout za 16 dn\u00ed. Jedna vyu\u010dovac\u00ed hodina trv\u00e1 45 minut. Uchaze\u010d se objedn\u00e1v\u00e1 na j\u00edzdn\u00ed hodiny dle sv\u00fdch \u010dasov\u00fdch mo\u017enost\u00ed, m\u016f\u017ee absolvovat nejv\u00fd\u0161e dv\u011b praktick\u00e9 hodiny denn\u011b. V\u00fdcvik se prov\u00e1d\u00ed na motocyklu Yamaha TW 125.<\/p>\n\t<a href=\"\/kladno\/online-prihlaska\/\" target=\"_self\" role=\"button\" aria-label=\"OBJEDNAT\" rel=\"noopener\">\n\t\t\t\t\t\tOBJEDNAT\n\t\t\t<\/a>\n\t\t<h3>PODM\u00cdNKY UD\u011aLEN\u00cd<\/h3><p>1. v\u011bk 16 let,<\/p>\n<p>2. zdravotn\u00ed zp\u016fsobilost,<\/p>\n<p>3. platn\u00e1 \u017e\u00e1dost o \u0159idi\u010dsk\u00e9 opr\u00e1vn\u011bn\u00ed,<\/p>\n<p>4. p\u0159i v\u011bku do 18 let p\u00edsemn\u00fd souhlas z\u00e1konn\u00e9ho z\u00e1stupce,<\/p>\n<p>5. v\u00fdjimka z podm\u00ednky v\u011bku plat\u00ed pro dr\u017eitele licence motoristick\u00e9ho sportovce, pouze pro j\u00edzdu p\u0159i sportovn\u00ed sout\u011b\u017ei.<\/p>\n\t\t<h3>TEORIE<\/h3><p><strong>4<\/strong>\u00a0 hodiny: v\u00fduka p\u0159edpis\u016f o provozu vozidel<\/p>\n<p><strong>1<\/strong>\u00a0 hodina: v\u00fduka o ovl\u00e1d\u00e1n\u00ed a \u00fadr\u017eb\u011b vozidla<\/p>\n<p><strong>2<\/strong>\u00a0 hodiny: v\u00fduku teorie \u0159\u00edzen\u00ed a z\u00e1sad bezpe\u010dn\u00e9 j\u00edzdy<\/p>\n<p><strong>1<\/strong>\u00a0 hodina: v\u00fduku zdravotnick\u00e9 p\u0159\u00edpravy<\/p>\n<p><strong>1<\/strong>\u00a0 hodina: opakov\u00e1n\u00ed a p\u0159ezkou\u0161en\u00ed<\/p>\n\t\t<h3>PRAXE<\/h3><p><strong>13<\/strong>\u00a0 hodin: v\u00fdcvik v \u0159\u00edzen\u00ed vozidla (3 etapy)<\/p>\n<p><strong>1<\/strong>\u00a0 hodina: v\u00fdcvik praktick\u00e9 \u00fadr\u017eby<\/p>\n<p><strong>4\u00a0<\/strong> hodiny: praktick\u00fd v\u00fdcvik zdravotnick\u00e9 p\u0159\u00edpravy<\/p>\n<h2>\n\t\tMOPED &#8211; \u0158IDI\u010cSK\u00dd PR\u016eKAZ AM\n\t<\/h2>\n\t<p>S pr\u016fkazem AM bude\u0161 moci \u0159\u00eddit moped, \u010d\u00ed sk\u00fatr s v\u00fdkonem do 50 ccm a 45 km\/h<\/p>\n\t\t<h3>V\u00ddCVIK<\/h3><p>D\u00e9lka v\u00fdcviku z\u00e1vis\u00ed na schopnostech \u017eadatele (b\u011b\u017en\u011b m\u011bs\u00edc a\u017e dva). Individu\u00e1ln\u00ed zrychlen\u00fd v\u00fdcvik je mo\u017en\u00e9 stihnout za 16 dn\u00ed. Jedna vyu\u010dovac\u00ed hodina trv\u00e1 45 minut. Uchaze\u010d se objedn\u00e1v\u00e1 na j\u00edzdn\u00ed hodiny dle sv\u00fdch \u010dasov\u00fdch mo\u017enost\u00ed, m\u016f\u017ee absolvovat nejv\u00fd\u0161e dv\u011b praktick\u00e9 hodiny denn\u011b. V\u00fdcvik se prov\u00e1d\u00ed na motocyklu Yamaha TW 125.<\/p>\n\t<a href=\"\/kladno\/online-prihlaska\/\" target=\"_self\" role=\"button\" aria-label=\"OBJEDNAT\" rel=\"noopener\">\n\t\t\t\t\t\tOBJEDNAT\n\t\t\t<\/a>\n\t\t<h3>PODM\u00cdNKY UD\u011aLEN\u00cd<\/h3><p>1. v\u011bk 15 let,<\/p>\n<p>2. zdravotn\u00ed zp\u016fsobilost,<\/p>\n<p>3. platn\u00e1 \u017e\u00e1dost o \u0159idi\u010dsk\u00e9 opr\u00e1vn\u011bn\u00ed,<\/p>\n<p>4. p\u0159i v\u011bku do 18 let p\u00edsemn\u00fd souhlas z\u00e1konn\u00e9ho z\u00e1stupce.<\/p>\n\t\t<h3>TEORIE<\/h3><p><strong>4<\/strong>\u00a0 hodiny: v\u00fduka p\u0159edpis\u016f o provozu vozidel<\/p>\n<p><strong>1<\/strong>\u00a0 hodina: v\u00fduka o ovl\u00e1d\u00e1n\u00ed a \u00fadr\u017eb\u011b vozidla<\/p>\n<p><strong>2<\/strong>\u00a0 hodiny: v\u00fduku teorie \u0159\u00edzen\u00ed a z\u00e1sad bezpe\u010dn\u00e9 j\u00edzdy<\/p>\n<p><strong>1<\/strong>\u00a0 hodina: v\u00fduku zdravotnick\u00e9 p\u0159\u00edpravy<\/p>\n<p><strong>1<\/strong>\u00a0 hodina: opakov\u00e1n\u00ed a p\u0159ezkou\u0161en\u00ed<\/p>\n\t\t<h3>PRAXE<\/h3><p><strong>13<\/strong>\u00a0 hodin: v\u00fdcvik v \u0159\u00edzen\u00ed vozidla (3 etapy)<\/p>\n<p><strong>1<\/strong>\u00a0 hodina: v\u00fdcvik praktick\u00e9 \u00fadr\u017eby<\/p>\n<p><strong>4\u00a0<\/strong> hodiny: praktick\u00fd v\u00fdcvik zdravotnick\u00e9 p\u0159\u00edpravy<\/p>\n                        <img decoding=\"async\" src=\"https:\/\/www.autoskolakristan.cz\/wp-content\/uploads\/bb-plugin\/cache\/Dewi_testimonial-square.jpg\" alt=\"Dewi_testimonial\" itemprop=\"image\" title=\"Dewi_testimonial\"  \/>\n\t\t                    <h4>Dewi<\/h4>\n                \t\t        \t\t        \t<p>I was a bit afraid of a driving school, but autoskola Kristan taught me everything and now I&#8217;m a confident driver. I can fully recommend this driving school.<\/p>\n                        <img loading=\"lazy\" decoding=\"async\" src=\"https:\/\/www.autoskolakristan.cz\/wp-content\/uploads\/bb-plugin\/cache\/testimonial02-square.png\" alt=\"testimonial02\" itemprop=\"image\" height=\"333\" width=\"318\" title=\"testimonial02\"  \/>\n\t\t                    <h4>Kristi\u00e1n<\/h4>\n                \t\t        \t\t        \t<p>Hledal jsem auto\u0161kolu, kde se toho nau\u010d\u00edm, co nejv\u00edce a projedu co nejhust\u0161\u00edm provozem. Auto\u0161kola K\u0159i\u0161\u0165an mi to splnila a j\u00e1 jsem maxim\u00e1ln\u011b spokojen!<\/p>\n\t\t<h2>\n\t\t\tNA\u0160I SPOKOJEN\u00cd \u017d\u00c1CI\n\t\t<\/h2>\n\t\t\t<p>P\u0159e\u010dt\u011bte si, jak n\u00e1s vid\u00ed na\u0161i absolventi, co jim v\u00fdcvik u n\u00e1s p\u0159inesl a jak\u00e9 obavy p\u0159ekonali.<\/p>\t\t\n\t\t<h2>\n\t\t\tROZJEDEME TO?\n\t\t<\/h2>\n\t\t\t<p>Z\u00edskej \u0159idi\u010d\u00e1k a zku\u0161enosti najednou. P\u0159ipoj se ke stovk\u00e1m nad\u0161en\u00fdch \u0159idi\u010d\u016f!<\/p>\t\t\n\t<a href=\"\/kladno\/online-prihlaska\/\" target=\"_self\" role=\"button\" aria-label=\"ONLINE P\u0158IHL\u00c1\u0160KA\" rel=\"noopener\">\n\t\t\t\t\t\tONLINE P\u0158IHL\u00c1\u0160KA\n\t\t\t<\/a>\n\t<p>D\u00edky online p\u0159ihl\u00e1\u0161ce se m\u016f\u017eete na kurz p\u0159ihl\u00e1sit, nebo jej objednat jako d\u00e1rek n\u011bkomu z Va\u0161ich bl\u00edzk\u00fdch.<\/p>\n\n","protected":false},"excerpt":{"rendered":"<p>MOTOCYKLY KLADNO Nen\u00ed auto\u0161kola jako auto\u0161kola MOTOCYKL &#8211; \u0158IDI\u010cSK\u00dd PR\u016eKAZ Vyber si svou variantu SKUPINA A OD 24 LET Pro motocykly o v\u00fdkonu nad 35 kW VYBRAT A SKUPINA A2 OD 18 LET Pro motocykly o v\u00fdkonu od 25 kW do 35 kW VYBRAT A2 SKUPINA A1 OD 16 LET Pro motocykly do 125 ccm&hellip;<\/p>\n","protected":false},"author":3,"featured_media":0,"parent":2198,"menu_order":4,"comment_status":"closed","ping_status":"closed","template":"","meta":{"footnotes":""},"class_list":["post-2233","page","type-page","status-publish","hentry"],"_links":{"self":[{"href":"https:\/\/www.autoskolakristan.cz\/cz\/wp-json\/wp\/v2\/pages\/2233","targetHints":{"allow":["GET"]}}],"collection":[{"href":"https:\/\/www.autoskolakristan.cz\/cz\/wp-json\/wp\/v2\/pages"}],"about":[{"href":"https:\/\/www.autoskolakristan.cz\/cz\/wp-json\/wp\/v2\/types\/page"}],"author":[{"embeddable":true,"href":"https:\/\/www.autoskolakristan.cz\/cz\/wp-json\/wp\/v2\/users\/3"}],"replies":[{"embeddable":true,"href":"https:\/\/www.autoskolakristan.cz\/cz\/wp-json\/wp\/v2\/comments?post=2233"}],"version-history":[{"count":4,"href":"https:\/\/www.autoskolakristan.cz\/cz\/wp-json\/wp\/v2\/pages\/2233\/revisions"}],"predecessor-version":[{"id":2302,"href":"https:\/\/www.autoskolakristan.cz\/cz\/wp-json\/wp\/v2\/pages\/2233\/revisions\/2302"}],"up":[{"embeddable":true,"href":"https:\/\/www.autoskolakristan.cz\/cz\/wp-json\/wp\/v2\/pages\/2198"}],"wp:attachment":[{"href":"https:\/\/www.autoskolakristan.cz\/cz\/wp-json\/wp\/v2\/media?parent=2233"}],"curies":[{"name":"wp","href":"https:\/\/api.w.org\/{rel}","templated":true}]}}