{"id":2236,"date":"2024-05-26T10:26:11","date_gmt":"2024-05-26T09:26:11","guid":{"rendered":"https:\/\/www.autoskolakristan.cz\/?page_id=2236"},"modified":"2024-05-26T10:52:44","modified_gmt":"2024-05-26T09:52:44","slug":"darovat-autoskolu","status":"publish","type":"page","link":"https:\/\/www.autoskolakristan.cz\/cz\/kladno\/darovat-autoskolu\/","title":{"rendered":"Auto\u0161kola &#8211; D\u00e1rek na cel\u00fd \u017eivot"},"content":{"rendered":"\n\n\t\t<h1>\n\t\t\tAUTO\u0160KOLA &#8211; D\u00c1REK NA CEL\u00dd \u017dIVOT\n\t\t\t\t\t\t\t\t\t\t\tKLADNO\n\t\t<\/h1>\n\t\t\t<p>Nen\u00ed auto\u0161kola jako auto\u0161kola<\/p>\t\t\n<h2>\n\t\tDarujte kurz v na\u0161\u00ed auto\u0161kole\n\t<\/h2>\n\t<p>Pot\u011b\u0161te sv\u00e9 d\u011bti, zn\u00e1m\u00e9 \u010di p\u0159\u00e1tele kurzem ve \u0161pi\u010dkov\u00e9 auto\u0161kole s prvot\u0159\u00eddn\u00edm p\u0159\u00edstupem a vozov\u00fdm parkem. D\u00e1rkov\u00fd certifik\u00e1t V\u00e1m vystav\u00edme na jm\u00e9no. Vybrat si m\u016f\u017eete skupinu \u0159idi\u010dsk\u00e9ho opr\u00e1vn\u011bn\u00ed dle libosti.<\/p>\n\t<p>D\u00e1rkov\u00fd voucher m\u016f\u017eeme vystavit na cel\u00fd v\u00fdcvik, na konkr\u00e9tn\u00ed \u010d\u00e1stku nebo \u010d\u00e1st v\u00fdcviku.<\/p>\n<p>Zavolejte nebo napi\u0161te a domluv\u00edme se na ide\u00e1ln\u00edm typu voucheru.<\/p>\n\t\t<h3><a href=\"tel:+420604777700\" target=\"_self\" rel=\"noopener\">\t\n\t604 777 700<\/a><\/h3>\t\n\t\t<h3><a href=\"mailto:kladno@autoskolakristan.cz\" target=\"_self\" rel=\"noopener\">\t\n\tkladno@autoskolakristan.cz<\/a><\/h3>\t\n\t\t\t\t\t\t\t\t\t<img loading=\"lazy\" decoding=\"async\" src=\"https:\/\/www.autoskolakristan.cz\/wp-content\/uploads\/2024\/05\/specialni-nabidky.png\" alt=\"specialni nabidky\" itemprop=\"image\" height=\"284\" width=\"750\" srcset=\"https:\/\/www.autoskolakristan.cz\/wp-content\/uploads\/2024\/05\/specialni-nabidky.png 750w, https:\/\/www.autoskolakristan.cz\/wp-content\/uploads\/2024\/05\/specialni-nabidky-300x114.png 300w, https:\/\/www.autoskolakristan.cz\/wp-content\/uploads\/2024\/05\/specialni-nabidky-18x7.png 18w\" sizes=\"auto, (max-width: 750px) 100vw, 750px\" title=\"specialni nabidky\" onerror=\"this.style.display='none'\"  \/>\n\t\t\t<a href=\"#pohodova-autoskola\" target=\"_self\" rel=\"noopener\">\n\t\t\t\t\t\t\tJAK VYPAD\u00c1 V\u00ddCVIK?\n\t\t\t\t\t<\/a>\n\t<p>* D\u00e1rkov\u00fd \u0161ek je bezpe\u010dn\u00fd &#8211; vybrat jej m\u016f\u017ee pouze opr\u00e1vn\u011bn\u00fd p\u0159\u00edjemce (obdarovan\u00fd), jeho\u017e jm\u00e9no je na \u0161eku uvedeno. \u0160ek slou\u017e\u00ed jako pouk\u00e1zka na v\u00fduku, vyplacen\u00ed pen\u011bz je vylou\u010deno. Po p\u0159edlo\u017een\u00ed \u0161eku obdr\u017e\u00ed obdarovan\u00fd v\u00fduku v \u010dase, kter\u00fd si osobn\u011b dohodne v kancel\u00e1\u0159i na\u0161\u00ed auto\u0161koly.<\/p>\n<p>Voucher je platn\u00fd po dobu jednoho roku od vystaven\u00ed.<\/p>\n<h4>\n\t\tSKV\u011aL\u00dd V\u00ddCVIK MUS\u00cd BAVIT\n\t<\/h4>\n<h2>\n\t\tTakto vypad\u00e1 pohodov\u00e1 auto\u0161kola\n\t<\/h2>\n\t\t\t\t<a\n\t\t\thref=\"https:\/\/www.autoskolakristan.cz\/wp-content\/uploads\/2021\/03\/IMG_5249-1-1024x768.jpg\"\n\t\t\t\t\t\tdata-fancybox=\"images\" \n\t\t\ttitle=\"IMG_5249\" \n\t\t\t\t\t\tdata-description=\"\" \n\t\t\titemprop=\"contentUrl\">\n\t\t\t<img loading=\"lazy\" decoding=\"async\" src=\"https:\/\/www.autoskolakristan.cz\/wp-content\/uploads\/2021\/03\/IMG_5249-1-1024x768.jpg\" alt=\"\" data-no-lazy=\"1\" itemprop=\"thumbnail\" width=\"1024\" height=\"768\" \/>\n\t\t\t<!-- Overlay Wrapper -->\n\t\t\t <!-- Overlay Wrapper Closed -->\n\t\t\t\t<\/a>\n\t\t\t\t\t\t\t<meta itemprop=\"width\" content=\"1024\" \/>\n\t\t\t<meta itemprop=\"height\" content=\"768\" \/>\n\t\t\t\t<a\n\t\t\thref=\"https:\/\/www.autoskolakristan.cz\/wp-content\/uploads\/2021\/03\/IMG_4120-1-1024x768.jpg\"\n\t\t\t\t\t\tdata-fancybox=\"images\" \n\t\t\ttitle=\"IMG_4120\" \n\t\t\t\t\t\tdata-description=\"\" \n\t\t\titemprop=\"contentUrl\">\n\t\t\t<img loading=\"lazy\" decoding=\"async\" src=\"https:\/\/www.autoskolakristan.cz\/wp-content\/uploads\/2021\/03\/IMG_4120-1-1024x768.jpg\" alt=\"\" data-no-lazy=\"1\" itemprop=\"thumbnail\" width=\"1024\" height=\"768\" \/>\n\t\t\t<!-- Overlay Wrapper -->\n\t\t\t <!-- Overlay Wrapper Closed -->\n\t\t\t\t<\/a>\n\t\t\t\t\t\t\t<meta itemprop=\"width\" content=\"1024\" \/>\n\t\t\t<meta itemprop=\"height\" content=\"768\" \/>\n\t\t\t\t<a\n\t\t\thref=\"https:\/\/www.autoskolakristan.cz\/wp-content\/uploads\/2020\/07\/car02.jpg\"\n\t\t\t\t\t\tdata-fancybox=\"images\" \n\t\t\ttitle=\"car02\" \n\t\t\t\t\t\tdata-description=\"\" \n\t\t\titemprop=\"contentUrl\">\n\t\t\t<img loading=\"lazy\" decoding=\"async\" src=\"https:\/\/www.autoskolakristan.cz\/wp-content\/uploads\/2020\/07\/car02.jpg\" alt=\"\" data-no-lazy=\"1\" itemprop=\"thumbnail\" width=\"768\" height=\"576\" \/>\n\t\t\t<!-- Overlay Wrapper -->\n\t\t\t <!-- Overlay Wrapper Closed -->\n\t\t\t\t<\/a>\n\t\t\t\t\t\t\t<meta itemprop=\"width\" content=\"768\" \/>\n\t\t\t<meta itemprop=\"height\" content=\"576\" \/>\n\t\t\t\t<a\n\t\t\thref=\"https:\/\/www.autoskolakristan.cz\/wp-content\/uploads\/2021\/03\/IMG_4282-1024x768.jpg\"\n\t\t\t\t\t\tdata-fancybox=\"images\" \n\t\t\ttitle=\"IMG_4282\" \n\t\t\t\t\t\tdata-description=\"\" \n\t\t\titemprop=\"contentUrl\">\n\t\t\t<img loading=\"lazy\" decoding=\"async\" src=\"https:\/\/www.autoskolakristan.cz\/wp-content\/uploads\/2021\/03\/IMG_4282-1024x768.jpg\" alt=\"\" data-no-lazy=\"1\" itemprop=\"thumbnail\" width=\"1024\" height=\"768\" \/>\n\t\t\t<!-- Overlay Wrapper -->\n\t\t\t <!-- Overlay Wrapper Closed -->\n\t\t\t\t<\/a>\n\t\t\t\t\t\t\t<meta itemprop=\"width\" content=\"1024\" \/>\n\t\t\t<meta itemprop=\"height\" content=\"768\" \/>\n\t\t\t\t<a\n\t\t\thref=\"https:\/\/www.autoskolakristan.cz\/wp-content\/uploads\/2021\/03\/daniela_pouzit-1024x768.jpg\"\n\t\t\t\t\t\tdata-fancybox=\"images\" \n\t\t\ttitle=\"daniela_pouzit\" \n\t\t\t\t\t\tdata-description=\"\" \n\t\t\titemprop=\"contentUrl\">\n\t\t\t<img loading=\"lazy\" decoding=\"async\" src=\"https:\/\/www.autoskolakristan.cz\/wp-content\/uploads\/2021\/03\/daniela_pouzit-1024x768.jpg\" alt=\"\" data-no-lazy=\"1\" itemprop=\"thumbnail\" width=\"1024\" height=\"768\" \/>\n\t\t\t<!-- Overlay Wrapper -->\n\t\t\t <!-- Overlay Wrapper Closed -->\n\t\t\t\t<\/a>\n\t\t\t\t\t\t\t<meta itemprop=\"width\" content=\"1024\" \/>\n\t\t\t<meta itemprop=\"height\" content=\"768\" \/>\n\t\t\t\t<a\n\t\t\thref=\"https:\/\/www.autoskolakristan.cz\/wp-content\/uploads\/2021\/03\/IMG_5677-1024x768.jpg\"\n\t\t\t\t\t\tdata-fancybox=\"images\" \n\t\t\ttitle=\"IMG_5677\" \n\t\t\t\t\t\tdata-description=\"\" \n\t\t\titemprop=\"contentUrl\">\n\t\t\t<img loading=\"lazy\" decoding=\"async\" src=\"https:\/\/www.autoskolakristan.cz\/wp-content\/uploads\/2021\/03\/IMG_5677-1024x768.jpg\" alt=\"\" data-no-lazy=\"1\" itemprop=\"thumbnail\" width=\"1024\" height=\"768\" \/>\n\t\t\t<!-- Overlay Wrapper -->\n\t\t\t <!-- Overlay Wrapper Closed -->\n\t\t\t\t<\/a>\n\t\t\t\t\t\t\t<meta itemprop=\"width\" content=\"1024\" \/>\n\t\t\t<meta itemprop=\"height\" content=\"768\" \/>\n\t\t\t\t<a\n\t\t\thref=\"https:\/\/www.autoskolakristan.cz\/wp-content\/uploads\/2021\/03\/IMG_6369-1024x768.jpg\"\n\t\t\t\t\t\tdata-fancybox=\"images\" \n\t\t\ttitle=\"IMG_6369\" \n\t\t\t\t\t\tdata-description=\"\" \n\t\t\titemprop=\"contentUrl\">\n\t\t\t<img loading=\"lazy\" decoding=\"async\" src=\"https:\/\/www.autoskolakristan.cz\/wp-content\/uploads\/2021\/03\/IMG_6369-1024x768.jpg\" alt=\"\" data-no-lazy=\"1\" itemprop=\"thumbnail\" width=\"1024\" height=\"768\" \/>\n\t\t\t<!-- Overlay Wrapper -->\n\t\t\t <!-- Overlay Wrapper Closed -->\n\t\t\t\t<\/a>\n\t\t\t\t\t\t\t<meta itemprop=\"width\" content=\"1024\" \/>\n\t\t\t<meta itemprop=\"height\" content=\"768\" \/>\n\t\t\t\t<a\n\t\t\thref=\"https:\/\/www.autoskolakristan.cz\/wp-content\/uploads\/2021\/03\/IMG_4387-1024x768.jpg\"\n\t\t\t\t\t\tdata-fancybox=\"images\" \n\t\t\ttitle=\"IMG_4387\" \n\t\t\t\t\t\tdata-description=\"\" \n\t\t\titemprop=\"contentUrl\">\n\t\t\t<img loading=\"lazy\" decoding=\"async\" src=\"https:\/\/www.autoskolakristan.cz\/wp-content\/uploads\/2021\/03\/IMG_4387-1024x768.jpg\" alt=\"\" data-no-lazy=\"1\" itemprop=\"thumbnail\" width=\"1024\" height=\"768\" \/>\n\t\t\t<!-- Overlay Wrapper -->\n\t\t\t <!-- Overlay Wrapper Closed -->\n\t\t\t\t<\/a>\n\t\t\t\t\t\t\t<meta itemprop=\"width\" content=\"1024\" \/>\n\t\t\t<meta itemprop=\"height\" content=\"768\" \/>\n\t\t\t\t<a href=\"#\">Dal\u0161\u00ed obr\u00e1zky<\/a>\n\t<a href=\"\/osobni-automobil\/\" target=\"_self\" role=\"button\" aria-label=\"OSOBN\u00cd AUTOMOBIL\" rel=\"noopener\">\n\t\t\t\t\t\tOSOBN\u00cd AUTOMOBIL\n\t\t\t\t\t<\/a>\n\t<a href=\"#kral-silnic\" target=\"_self\" role=\"button\" aria-label=\"OSTATN\u00cd\" rel=\"noopener\">\n\t\t\t\t\t\tOSTATN\u00cd\n\t\t\t\t\t<\/a>\n\t<p>Osobn\u00ed auto s n\u00e1mi ovl\u00e1dne\u0161 naprosto skv\u011ble a z\u00edsk\u00e1\u0161 p\u0159i tom \u0159idi\u010dsk\u00e9 opr\u00e1vn\u011bn\u00ed skupiny B, kter\u00e9 ti umo\u017en\u00ed jezdit auty po cel\u00e9m sv\u011bt\u011b.<\/p>\n<p>Samoz\u0159ejm\u011b stejn\u011b skv\u011ble u\u010d\u00edme \u0159\u00edzen\u00ed v\u011bt\u0161\u00edch vozidel jako je n\u00e1kladn\u00ed v\u016fz (C), autobus (D) a k nim i p\u0159\u00edv\u011bs (E). A pokud t\u011b l\u00e1k\u00e1 dravost motorky, tak nev\u00e1hej a nau\u010d se ji osedlat u n\u00e1s!<\/p>\n\t\t<h4>\n\t\t\tModal Box\n\t\t\t\t\t<\/h4>\n\t\t<h5>modal-<\/h5>\n\t\tClick here to edit the &#8222;modal-box&#8220; settings. This text is only for editing and will not appear after you publish the changes.\t\n\t\t\t\t\t\tPreview\n\t\t\tmodal-\n\t\t\t\t\t\t\t\t\t<img loading=\"lazy\" decoding=\"async\" src=\"https:\/\/www.autoskolakristan.cz\/wp-content\/uploads\/2021\/01\/kristan_logo_header.png\" alt=\"kristan_logo_header\" itemprop=\"image\" height=\"280\" width=\"280\" srcset=\"https:\/\/www.autoskolakristan.cz\/wp-content\/uploads\/2021\/01\/kristan_logo_header.png 280w, https:\/\/www.autoskolakristan.cz\/wp-content\/uploads\/2021\/01\/kristan_logo_header-150x150.png 150w, https:\/\/www.autoskolakristan.cz\/wp-content\/uploads\/2021\/01\/kristan_logo_header-12x12.png 12w\" sizes=\"auto, (max-width: 280px) 100vw, 280px\" title=\"kristan_logo_header\" onerror=\"this.style.display='none'\"  \/>\n\t\t<h1>\n\t\tNOV\u011a \u0158IDI\u010c\u00c1K JI\u017d OD 17 LET!\n\t<\/h1>\n\t<p>Od ledna 2024 m\u016f\u017eete slo\u017eit z\u00e1v\u011bre\u010dnou zkou\u0161ku a z\u00edskat \u0159idi\u010dsk\u00e9 opr\u00e1vn\u011bn\u00ed ode dne dovr\u0161en\u00ed 17. roku v tzv. re\u017eimu L17. V\u00fdcvik prob\u00edh\u00e1 ve stejn\u00e9 podob\u011b a cen\u011b jako klasick\u00fd v\u00fdcvik pro skupinu B &#8211; osobn\u00ed automobil.<\/p>\n<p><strong>P\u0159ihlaste se na v\u00fdcvik je\u0161t\u011b dnes!<\/strong><\/p>\n<p>&nbsp;<\/p>\n<p>\u0158idi\u010di ve v\u011bku do 18 let mohou jezdit pouze pod dohledem mentora &#8211; zku\u0161en\u00e9ho \u0159idi\u010de.<\/p>\n<p>P\u0159ipravujeme standardizovan\u00e9 \u0161kolen\u00ed i individu\u00e1ln\u00ed v\u00fdcvik mentor\u016f. Zavolejte n\u00e1m a domluv\u00edme se na term\u00ednu.<\/p>\n\t\t\t\t\t\t\t\t<a href=\"\/ridicsky-prukaz\/#cenik\" target=\"_self\" itemprop=\"url\" rel=\"noopener\">\n\t\t\t\t\t\t\t\t\t<img loading=\"lazy\" decoding=\"async\" src=\"https:\/\/www.autoskolakristan.cz\/wp-content\/uploads\/2023\/11\/l17.png\" alt=\"l17\" itemprop=\"image\" height=\"493\" width=\"495\" srcset=\"https:\/\/www.autoskolakristan.cz\/wp-content\/uploads\/2023\/11\/l17.png 495w, https:\/\/www.autoskolakristan.cz\/wp-content\/uploads\/2023\/11\/l17-300x300.png 300w, https:\/\/www.autoskolakristan.cz\/wp-content\/uploads\/2023\/11\/l17-150x150.png 150w, https:\/\/www.autoskolakristan.cz\/wp-content\/uploads\/2023\/11\/l17-12x12.png 12w\" sizes=\"auto, (max-width: 495px) 100vw, 495px\" title=\"l17\" onerror=\"this.style.display='none'\"  \/>\n\t\t\t\t\t\t\t\t\t\t\t\t\t<\/a>\n\t<a href=\"https:\/\/www.autoskolakristan.cz\/cz\/praha\/darovat-autoskolu\/\" target=\"_self\" role=\"button\" aria-label=\"OSOBN\u00cd AUTOMOBIL\" rel=\"noopener\">\n\t\t\t\t\t\tOSOBN\u00cd AUTOMOBIL\n\t\t\t\t\t<\/a>\n\t<a href=\"https:\/\/www.autoskolakristan.cz\/cz\/praha\/online-prihlaska\/\" target=\"_self\" role=\"button\" aria-label=\"OBJEDNAT\" rel=\"noopener\">\n\t\t\t\t\t\tOBJEDNAT\n\t\t\t\t\t<\/a>\n                        <img decoding=\"async\" src=\"https:\/\/www.autoskolakristan.cz\/wp-content\/uploads\/bb-plugin\/cache\/Dewi_testimonial-square.jpg\" alt=\"Dewi_testimonial\" itemprop=\"image\" title=\"Dewi_testimonial\"  \/>\n\t\t                    <h4>Dewi<\/h4>\n                \t\t        \t\t        \t<p>I was a bit afraid of a driving school, but autoskola Kristan taught me everything and now I&#8217;m a confident driver. I can fully recommend this driving school.<\/p>\n                        <img loading=\"lazy\" decoding=\"async\" src=\"https:\/\/www.autoskolakristan.cz\/wp-content\/uploads\/bb-plugin\/cache\/testimonial02-square.png\" alt=\"testimonial02\" itemprop=\"image\" height=\"333\" width=\"318\" title=\"testimonial02\"  \/>\n\t\t                    <h4>Kristi\u00e1n<\/h4>\n                \t\t        \t\t        \t<p>Hledal jsem auto\u0161kolu, kde se toho nau\u010d\u00edm, co nejv\u00edce a projedu co nejhust\u0161\u00edm provozem. Auto\u0161kola K\u0159i\u0161\u0165an mi to splnila a j\u00e1 jsem maxim\u00e1ln\u011b spokojen!<\/p>\n\t\t<h2>\n\t\t\tNA\u0160I SPOKOJEN\u00cd \u017d\u00c1CI\n\t\t<\/h2>\n\t\t\t<p>P\u0159e\u010dt\u011bte si, jak n\u00e1s vid\u00ed na\u0161i absolventi, co jim v\u00fdcvik u n\u00e1s p\u0159inesl a jak\u00e9 obavy p\u0159ekonali.<\/p>\t\t\n\t\t<h2>\n\t\t\tROZJEDEME TO?\n\t\t<\/h2>\n\t\t\t<p>Z\u00edskej \u0159idi\u010d\u00e1k a zku\u0161enosti najednou. P\u0159ipoj se ke stovk\u00e1m nad\u0161en\u00fdch \u0159idi\u010d\u016f!<\/p>\t\t\n\t<a href=\"\/online-prihlaska\/\" target=\"_self\" role=\"button\" aria-label=\"ONLINE P\u0158IHL\u00c1\u0160KA\" rel=\"noopener\">\n\t\t\t\t\t\tONLINE P\u0158IHL\u00c1\u0160KA\n\t\t\t<\/a>\n\t<p>D\u00edky online p\u0159ihl\u00e1\u0161ce se m\u016f\u017eete na kurz p\u0159ihl\u00e1sit, nebo jej objednat jako d\u00e1rek n\u011bkomu z Va\u0161ich bl\u00edzk\u00fdch.<\/p>\n\n","protected":false},"excerpt":{"rendered":"<p>AUTO\u0160KOLA &#8211; D\u00c1REK NA CEL\u00dd \u017dIVOT KLADNO Nen\u00ed auto\u0161kola jako auto\u0161kola Darujte kurz v na\u0161\u00ed auto\u0161kole Pot\u011b\u0161te sv\u00e9 d\u011bti, zn\u00e1m\u00e9 \u010di p\u0159\u00e1tele kurzem ve \u0161pi\u010dkov\u00e9 auto\u0161kole s prvot\u0159\u00eddn\u00edm p\u0159\u00edstupem a vozov\u00fdm parkem. D\u00e1rkov\u00fd certifik\u00e1t V\u00e1m vystav\u00edme na jm\u00e9no. Vybrat si m\u016f\u017eete skupinu \u0159idi\u010dsk\u00e9ho opr\u00e1vn\u011bn\u00ed dle libosti. D\u00e1rkov\u00fd voucher m\u016f\u017eeme vystavit na cel\u00fd v\u00fdcvik, na konkr\u00e9tn\u00ed&hellip;<\/p>\n","protected":false},"author":3,"featured_media":0,"parent":2198,"menu_order":5,"comment_status":"closed","ping_status":"closed","template":"","meta":{"footnotes":""},"class_list":["post-2236","page","type-page","status-publish","hentry"],"_links":{"self":[{"href":"https:\/\/www.autoskolakristan.cz\/cz\/wp-json\/wp\/v2\/pages\/2236","targetHints":{"allow":["GET"]}}],"collection":[{"href":"https:\/\/www.autoskolakristan.cz\/cz\/wp-json\/wp\/v2\/pages"}],"about":[{"href":"https:\/\/www.autoskolakristan.cz\/cz\/wp-json\/wp\/v2\/types\/page"}],"author":[{"embeddable":true,"href":"https:\/\/www.autoskolakristan.cz\/cz\/wp-json\/wp\/v2\/users\/3"}],"replies":[{"embeddable":true,"href":"https:\/\/www.autoskolakristan.cz\/cz\/wp-json\/wp\/v2\/comments?post=2236"}],"version-history":[{"count":3,"href":"https:\/\/www.autoskolakristan.cz\/cz\/wp-json\/wp\/v2\/pages\/2236\/revisions"}],"predecessor-version":[{"id":2292,"href":"https:\/\/www.autoskolakristan.cz\/cz\/wp-json\/wp\/v2\/pages\/2236\/revisions\/2292"}],"up":[{"embeddable":true,"href":"https:\/\/www.autoskolakristan.cz\/cz\/wp-json\/wp\/v2\/pages\/2198"}],"wp:attachment":[{"href":"https:\/\/www.autoskolakristan.cz\/cz\/wp-json\/wp\/v2\/media?parent=2236"}],"curies":[{"name":"wp","href":"https:\/\/api.w.org\/{rel}","templated":true}]}}