{"id":2239,"date":"2024-05-26T10:27:45","date_gmt":"2024-05-26T09:27:45","guid":{"rendered":"https:\/\/www.autoskolakristan.cz\/?page_id=2239"},"modified":"2025-01-08T13:02:34","modified_gmt":"2025-01-08T12:02:34","slug":"formulare-ke-stazeni","status":"publish","type":"page","link":"https:\/\/www.autoskolakristan.cz\/cz\/kladno\/formulare-ke-stazeni\/","title":{"rendered":"Formul\u00e1\u0159e ke sta\u017een\u00ed"},"content":{"rendered":"\n\n\t\t<h1>\n\t\t\tFORMUL\u00c1\u0158E KE STA\u017dEN\u00cd\n\t\t\t\t\t\t\t\t\t\t\tKLADNO\n\t\t<\/h1>\n\t\t\t<p>Nen\u00ed auto\u0161kola jako auto\u0161kola<\/p>\t\t\n<h2>\n\t\tFORMUL\u00c1\u0158E KE STA\u017dEN\u00cd\n\t<\/h2>\n\n","protected":false},"excerpt":{"rendered":"<p>FORMUL\u00c1\u0158E KE STA\u017dEN\u00cd KLADNO Nen\u00ed auto\u0161kola jako auto\u0161kola FORMUL\u00c1\u0158E KE STA\u017dEN\u00cd<\/p>\n","protected":false},"author":3,"featured_media":0,"parent":2198,"menu_order":6,"comment_status":"closed","ping_status":"closed","template":"","meta":{"footnotes":""},"class_list":["post-2239","page","type-page","status-publish","hentry"],"_links":{"self":[{"href":"https:\/\/www.autoskolakristan.cz\/cz\/wp-json\/wp\/v2\/pages\/2239","targetHints":{"allow":["GET"]}}],"collection":[{"href":"https:\/\/www.autoskolakristan.cz\/cz\/wp-json\/wp\/v2\/pages"}],"about":[{"href":"https:\/\/www.autoskolakristan.cz\/cz\/wp-json\/wp\/v2\/types\/page"}],"author":[{"embeddable":true,"href":"https:\/\/www.autoskolakristan.cz\/cz\/wp-json\/wp\/v2\/users\/3"}],"replies":[{"embeddable":true,"href":"https:\/\/www.autoskolakristan.cz\/cz\/wp-json\/wp\/v2\/comments?post=2239"}],"version-history":[{"count":5,"href":"https:\/\/www.autoskolakristan.cz\/cz\/wp-json\/wp\/v2\/pages\/2239\/revisions"}],"predecessor-version":[{"id":2342,"href":"https:\/\/www.autoskolakristan.cz\/cz\/wp-json\/wp\/v2\/pages\/2239\/revisions\/2342"}],"up":[{"embeddable":true,"href":"https:\/\/www.autoskolakristan.cz\/cz\/wp-json\/wp\/v2\/pages\/2198"}],"wp:attachment":[{"href":"https:\/\/www.autoskolakristan.cz\/cz\/wp-json\/wp\/v2\/media?parent=2239"}],"curies":[{"name":"wp","href":"https:\/\/api.w.org\/{rel}","templated":true}]}}