{"id":1936,"date":"2024-03-23T10:54:16","date_gmt":"2024-03-23T09:54:16","guid":{"rendered":"https:\/\/www.autoskolakristan.cz\/?page_id=1936"},"modified":"2024-05-26T12:30:36","modified_gmt":"2024-05-26T11:30:36","slug":"praha","status":"publish","type":"page","link":"https:\/\/www.autoskolakristan.cz\/en\/praha\/","title":{"rendered":"\u00davod Praha"},"content":{"rendered":"<h1>\n\t\t\tAUTO\u0160KOLA K\u0158I\u0160\u0164AN\n\t\t\t\t\t\t\t\t\t\t\tPRAHA\n\t\t<\/h1>\n\t\t\t<p>Not all driving schools are created equal<\/p>\t\t\n\t\t\t\t\t\t\t\t\t<img decoding=\"async\" src=\"http:\/\/www.autoskolakristan.cz\/wp-content\/uploads\/2021\/03\/kristan_foto.jpg\" alt=\"kristan_foto\" itemprop=\"image\" srcset=\"https:\/\/www.autoskolakristan.cz\/wp-content\/uploads\/2021\/03\/kristan_foto.jpg 340w, https:\/\/www.autoskolakristan.cz\/wp-content\/uploads\/2021\/03\/kristan_foto-224x300.jpg 224w, https:\/\/www.autoskolakristan.cz\/wp-content\/uploads\/2021\/03\/kristan_foto-9x12.jpg 9w\" sizes=\"(max-width: 340px) 100vw, 340px\" title=\"kristan_foto\" onerror=\"this.style.display='none'\"  \/>\n<h4>\n\t\tOUR APPROACH IS DIFFERENT\n\t<\/h4>\n<h2>\n\t\t&#8222;Od n\u00e1s odch\u00e1z\u00ed skute\u010dn\u00ed \u0159idi\u010di&#8220;\n\t<\/h2>\n\t<p>We refuse to follow the path of the lowest possible price at the expense of quality like \u201cdriver's license factories\u201d do.<\/p>\n<p>We rely on full-fledged training without compromises and shortcuts, focusing on imparting complex driving skills and experience that we've been working on for over 45 years, ensuring that our absolvents become true drivers ready for the tricks of today's traffic.<\/p>\n\t\t\t\t\t\t\t\t\t<img decoding=\"async\" src=\"http:\/\/www.autoskolakristan.cz\/wp-content\/uploads\/2024\/03\/signature02_white.png\" alt=\"signature02_white\" itemprop=\"image\" srcset=\"https:\/\/www.autoskolakristan.cz\/wp-content\/uploads\/2024\/03\/signature02_white.png 241w, https:\/\/www.autoskolakristan.cz\/wp-content\/uploads\/2024\/03\/signature02_white-18x5.png 18w\" sizes=\"(max-width: 241px) 100vw, 241px\" title=\"signature02_white\" onerror=\"this.style.display='none'\"  \/>\n<h2>\n\t\tChoose your training\n\t<\/h2>\n<h4>\n\t\tTO BECOME THE KING OF THE ROADS\n\t<\/h4>\n\t\t\t\t\t\t\t\t\t<img decoding=\"async\" src=\"http:\/\/www.autoskolakristan.cz\/wp-content\/uploads\/2020\/07\/kristan_autoskola.jpg\" alt=\"kristan_autoskola\" itemprop=\"image\" srcset=\"https:\/\/www.autoskolakristan.cz\/wp-content\/uploads\/2020\/07\/kristan_autoskola.jpg 1080w, https:\/\/www.autoskolakristan.cz\/wp-content\/uploads\/2020\/07\/kristan_autoskola-300x200.jpg 300w, https:\/\/www.autoskolakristan.cz\/wp-content\/uploads\/2020\/07\/kristan_autoskola-1024x683.jpg 1024w, https:\/\/www.autoskolakristan.cz\/wp-content\/uploads\/2020\/07\/kristan_autoskola-768x512.jpg 768w\" sizes=\"(max-width: 1080px) 100vw, 1080px\" title=\"kristan_autoskola\" onerror=\"this.style.display='none'\"  \/>\n\t<p>You will get more than just a driving license. You are also going to learn to control your vehicle properly. Thanks to the practice of reversing, fueling, car washing, and critical situations, nothing will surprise you when you drive on your own.<\/p>\n<p>Training will be continuously adjusted to your progress and skills, overcoming any shortcomings and honing your skills.<\/p>\n<p>With our training, you will drive confidently and safely.<\/p>\n\t\t\t<a href=\"#pohodova-autoskola\" target=\"_self\" rel=\"noopener\">\n\t\t\t\t\t\t\tWHAT DOES IT LOOK LIKE?\n\t\t\t\t\t<\/a>\n\t\t\t<a href=\"https:\/\/www.autoskolakristan.cz\/en\/praha\/darovat-autoskolu\/\" target=\"_self\" rel=\"noopener\">\n\t\t\t\t\t\t\tBUY AS GIFT\n\t\t\t\t\t<\/a>\n<h4>\n\t\tGREAT TRAINING MUST ENTERTAIN\n\t<\/h4>\n<h2>\n\t\tThis is what a great driving school looks like\n\t<\/h2>\n\t\t\t\t<a\n\t\t\thref=\"https:\/\/www.autoskolakristan.cz\/wp-content\/uploads\/2021\/03\/IMG_5249-1-1024x768.jpg\"\n\t\t\t\t\t\tdata-fancybox=\"images\" \n\t\t\ttitle=\"IMG_5249\" \n\t\t\t\t\t\tdata-description=\"\" \n\t\t\titemprop=\"contentUrl\">\n\t\t\t<img loading=\"lazy\" decoding=\"async\" src=\"https:\/\/www.autoskolakristan.cz\/wp-content\/uploads\/2021\/03\/IMG_5249-1-1024x768.jpg\" alt=\"\" data-no-lazy=\"1\" itemprop=\"thumbnail\" width=\"1024\" height=\"768\" \/>\n\t\t\t<!-- Overlay Wrapper -->\n\t\t\t <!-- Overlay Wrapper Closed -->\n\t\t\t\t<\/a>\n\t\t\t\t\t\t\t<meta itemprop=\"width\" content=\"1024\" \/>\n\t\t\t<meta itemprop=\"height\" content=\"768\" \/>\n\t\t\t\t<a\n\t\t\thref=\"https:\/\/www.autoskolakristan.cz\/wp-content\/uploads\/2021\/03\/IMG_4120-1-1024x768.jpg\"\n\t\t\t\t\t\tdata-fancybox=\"images\" \n\t\t\ttitle=\"IMG_4120\" \n\t\t\t\t\t\tdata-description=\"\" \n\t\t\titemprop=\"contentUrl\">\n\t\t\t<img loading=\"lazy\" decoding=\"async\" src=\"https:\/\/www.autoskolakristan.cz\/wp-content\/uploads\/2021\/03\/IMG_4120-1-1024x768.jpg\" alt=\"\" data-no-lazy=\"1\" itemprop=\"thumbnail\" width=\"1024\" height=\"768\" \/>\n\t\t\t<!-- Overlay Wrapper -->\n\t\t\t <!-- Overlay Wrapper Closed -->\n\t\t\t\t<\/a>\n\t\t\t\t\t\t\t<meta itemprop=\"width\" content=\"1024\" \/>\n\t\t\t<meta itemprop=\"height\" content=\"768\" \/>\n\t\t\t\t<a\n\t\t\thref=\"https:\/\/www.autoskolakristan.cz\/wp-content\/uploads\/2020\/07\/car02.jpg\"\n\t\t\t\t\t\tdata-fancybox=\"images\" \n\t\t\ttitle=\"car02\" \n\t\t\t\t\t\tdata-description=\"\" \n\t\t\titemprop=\"contentUrl\">\n\t\t\t<img loading=\"lazy\" decoding=\"async\" src=\"https:\/\/www.autoskolakristan.cz\/wp-content\/uploads\/2020\/07\/car02.jpg\" alt=\"\" data-no-lazy=\"1\" itemprop=\"thumbnail\" width=\"768\" height=\"576\" \/>\n\t\t\t<!-- Overlay Wrapper -->\n\t\t\t <!-- Overlay Wrapper Closed -->\n\t\t\t\t<\/a>\n\t\t\t\t\t\t\t<meta itemprop=\"width\" content=\"768\" \/>\n\t\t\t<meta itemprop=\"height\" content=\"576\" \/>\n\t\t\t\t<a\n\t\t\thref=\"https:\/\/www.autoskolakristan.cz\/wp-content\/uploads\/2021\/03\/IMG_4282-1024x768.jpg\"\n\t\t\t\t\t\tdata-fancybox=\"images\" \n\t\t\ttitle=\"IMG_4282\" \n\t\t\t\t\t\tdata-description=\"\" \n\t\t\titemprop=\"contentUrl\">\n\t\t\t<img loading=\"lazy\" decoding=\"async\" src=\"https:\/\/www.autoskolakristan.cz\/wp-content\/uploads\/2021\/03\/IMG_4282-1024x768.jpg\" alt=\"\" data-no-lazy=\"1\" itemprop=\"thumbnail\" width=\"1024\" height=\"768\" \/>\n\t\t\t<!-- Overlay Wrapper -->\n\t\t\t <!-- Overlay Wrapper Closed -->\n\t\t\t\t<\/a>\n\t\t\t\t\t\t\t<meta itemprop=\"width\" content=\"1024\" \/>\n\t\t\t<meta itemprop=\"height\" content=\"768\" \/>\n\t\t\t\t<a\n\t\t\thref=\"https:\/\/www.autoskolakristan.cz\/wp-content\/uploads\/2021\/03\/daniela_pouzit-1024x768.jpg\"\n\t\t\t\t\t\tdata-fancybox=\"images\" \n\t\t\ttitle=\"daniela_pouzit\" \n\t\t\t\t\t\tdata-description=\"\" \n\t\t\titemprop=\"contentUrl\">\n\t\t\t<img loading=\"lazy\" decoding=\"async\" src=\"https:\/\/www.autoskolakristan.cz\/wp-content\/uploads\/2021\/03\/daniela_pouzit-1024x768.jpg\" alt=\"\" data-no-lazy=\"1\" itemprop=\"thumbnail\" width=\"1024\" height=\"768\" \/>\n\t\t\t<!-- Overlay Wrapper -->\n\t\t\t <!-- Overlay Wrapper Closed -->\n\t\t\t\t<\/a>\n\t\t\t\t\t\t\t<meta itemprop=\"width\" content=\"1024\" \/>\n\t\t\t<meta itemprop=\"height\" content=\"768\" \/>\n\t\t\t\t<a\n\t\t\thref=\"https:\/\/www.autoskolakristan.cz\/wp-content\/uploads\/2021\/03\/IMG_5677-1024x768.jpg\"\n\t\t\t\t\t\tdata-fancybox=\"images\" \n\t\t\ttitle=\"IMG_5677\" \n\t\t\t\t\t\tdata-description=\"\" \n\t\t\titemprop=\"contentUrl\">\n\t\t\t<img loading=\"lazy\" decoding=\"async\" src=\"https:\/\/www.autoskolakristan.cz\/wp-content\/uploads\/2021\/03\/IMG_5677-1024x768.jpg\" alt=\"\" data-no-lazy=\"1\" itemprop=\"thumbnail\" width=\"1024\" height=\"768\" \/>\n\t\t\t<!-- Overlay Wrapper -->\n\t\t\t <!-- Overlay Wrapper Closed -->\n\t\t\t\t<\/a>\n\t\t\t\t\t\t\t<meta itemprop=\"width\" content=\"1024\" \/>\n\t\t\t<meta itemprop=\"height\" content=\"768\" \/>\n\t\t\t\t<a\n\t\t\thref=\"https:\/\/www.autoskolakristan.cz\/wp-content\/uploads\/2021\/03\/IMG_6369-1024x768.jpg\"\n\t\t\t\t\t\tdata-fancybox=\"images\" \n\t\t\ttitle=\"IMG_6369\" \n\t\t\t\t\t\tdata-description=\"\" \n\t\t\titemprop=\"contentUrl\">\n\t\t\t<img loading=\"lazy\" decoding=\"async\" src=\"https:\/\/www.autoskolakristan.cz\/wp-content\/uploads\/2021\/03\/IMG_6369-1024x768.jpg\" alt=\"\" data-no-lazy=\"1\" itemprop=\"thumbnail\" width=\"1024\" height=\"768\" \/>\n\t\t\t<!-- Overlay Wrapper -->\n\t\t\t <!-- Overlay Wrapper Closed -->\n\t\t\t\t<\/a>\n\t\t\t\t\t\t\t<meta itemprop=\"width\" content=\"1024\" \/>\n\t\t\t<meta itemprop=\"height\" content=\"768\" \/>\n\t\t\t\t<a\n\t\t\thref=\"https:\/\/www.autoskolakristan.cz\/wp-content\/uploads\/2021\/03\/IMG_4387-1024x768.jpg\"\n\t\t\t\t\t\tdata-fancybox=\"images\" \n\t\t\ttitle=\"IMG_4387\" \n\t\t\t\t\t\tdata-description=\"\" \n\t\t\titemprop=\"contentUrl\">\n\t\t\t<img loading=\"lazy\" decoding=\"async\" src=\"https:\/\/www.autoskolakristan.cz\/wp-content\/uploads\/2021\/03\/IMG_4387-1024x768.jpg\" alt=\"\" data-no-lazy=\"1\" itemprop=\"thumbnail\" width=\"1024\" height=\"768\" \/>\n\t\t\t<!-- Overlay Wrapper -->\n\t\t\t <!-- Overlay Wrapper Closed -->\n\t\t\t\t<\/a>\n\t\t\t\t\t\t\t<meta itemprop=\"width\" content=\"1024\" \/>\n\t\t\t<meta itemprop=\"height\" content=\"768\" \/>\n\t\t\t\t<a href=\"#\">More pictures<\/a>\n\t<a href=\"https:\/\/www.autoskolakristan.cz\/en\/praha\/osobni-automobil\/\" target=\"_self\" role=\"button\" aria-label=\"CAR LICENSE\" rel=\"noopener\">\n\t\t\t\t\t\tCAR LICENSE\n\t\t\t\t\t<\/a>\n\t<a href=\"#kral-silnic\" target=\"_self\" role=\"button\" aria-label=\"OTHER LICENSES\" rel=\"noopener\">\n\t\t\t\t\t\tOTHER LICENSES\n\t\t\t\t\t<\/a>\n\t<p>With us, you will learn to control any car fully and receive the type B driving license, which allows you to drive passenger cars all around the world.<\/p>\n<p>We also provide training for motorcycles (A), trucks (C), buses (D), and trailers (E).<\/p>\n\t\t<h4>\n\t\t\tModal Box\n\t\t\t\t\t<\/h4>\n\t\t<h5>modal-<\/h5>\n\t\tClick here to edit the &#8222;modal-box&#8220; settings. This text is only for editing and will not appear after you publish the changes.\t\n\t\t\t\t\t\tPreview\n\t\t\tmodal-\n\t\t\t\t\t\t\t\t\t<img loading=\"lazy\" decoding=\"async\" src=\"https:\/\/www.autoskolakristan.cz\/wp-content\/uploads\/2021\/01\/kristan_logo_header.png\" alt=\"kristan_logo_header\" itemprop=\"image\" height=\"280\" width=\"280\" srcset=\"https:\/\/www.autoskolakristan.cz\/wp-content\/uploads\/2021\/01\/kristan_logo_header.png 280w, https:\/\/www.autoskolakristan.cz\/wp-content\/uploads\/2021\/01\/kristan_logo_header-150x150.png 150w, https:\/\/www.autoskolakristan.cz\/wp-content\/uploads\/2021\/01\/kristan_logo_header-12x12.png 12w\" sizes=\"auto, (max-width: 280px) 100vw, 280px\" title=\"kristan_logo_header\" onerror=\"this.style.display='none'\"  \/>\n\t\t<h1>\n\t\tDRIVING LICENCE FROM AGE OF 17!\n\t<\/h1>\n\t<p>Od ledna 2024 m\u016f\u017eete slo\u017eit z\u00e1v\u011bre\u010dnou zkou\u0161ku a z\u00edskat \u0159idi\u010dsk\u00e9 opr\u00e1vn\u011bn\u00ed ode dne dovr\u0161en\u00ed 17. roku v tzv. re\u017eimu L17. V\u00fdcvik prob\u00edh\u00e1 ve stejn\u00e9 podob\u011b a cen\u011b jako klasick\u00fd v\u00fdcvik pro skupinu B &#8211; osobn\u00ed automobil.<\/p>\n<p><strong>P\u0159ihlaste se na v\u00fdcvik je\u0161t\u011b dnes!<\/strong><\/p>\n<p>&nbsp;<\/p>\n<p>\u0158idi\u010di ve v\u011bku do 18 let mohou jezdit pouze pod dohledem mentora &#8211; zku\u0161en\u00e9ho \u0159idi\u010de.<\/p>\n<p>P\u0159ipravujeme standardizovan\u00e9 \u0161kolen\u00ed i individu\u00e1ln\u00ed v\u00fdcvik mentor\u016f. Zavolejte n\u00e1m a domluv\u00edme se na term\u00ednu.<\/p>\n\t\t\t\t\t\t\t\t<a href=\"\/en\/ridicsky-prukaz\/#cenik\" target=\"_self\" itemprop=\"url\" rel=\"noopener\">\n\t\t\t\t\t\t\t\t\t<img loading=\"lazy\" decoding=\"async\" src=\"https:\/\/www.autoskolakristan.cz\/wp-content\/uploads\/2023\/11\/l17.png\" alt=\"l17\" itemprop=\"image\" height=\"493\" width=\"495\" srcset=\"https:\/\/www.autoskolakristan.cz\/wp-content\/uploads\/2023\/11\/l17.png 495w, https:\/\/www.autoskolakristan.cz\/wp-content\/uploads\/2023\/11\/l17-300x300.png 300w, https:\/\/www.autoskolakristan.cz\/wp-content\/uploads\/2023\/11\/l17-150x150.png 150w, https:\/\/www.autoskolakristan.cz\/wp-content\/uploads\/2023\/11\/l17-12x12.png 12w\" sizes=\"auto, (max-width: 495px) 100vw, 495px\" title=\"l17\" onerror=\"this.style.display='none'\"  \/>\n\t\t\t\t\t\t\t\t\t\t\t\t\t<\/a>\n\t<a href=\"https:\/\/www.autoskolakristan.cz\/en\/praha\/darovat-autoskolu\/\" target=\"_self\" role=\"button\" aria-label=\"CAR LICENSE\" rel=\"noopener\">\n\t\t\t\t\t\tCAR LICENSE\n\t\t\t\t\t<\/a>\n\t<a href=\"https:\/\/www.autoskolakristan.cz\/en\/praha\/online-prihlaska\/\" target=\"_self\" role=\"button\" aria-label=\"ORDER\" rel=\"noopener\">\n\t\t\t\t\t\tORDER\n\t\t\t\t\t<\/a>\n<h4>\n\t\tHIGH QUALITY FOR AFFORDABLE PRICES\n\t<\/h4>\n<h2>\n\t\tChoose your speed\n\t<\/h2>\n\t\t<h3><a href=\"https:\/\/www.autoskolakristan.cz\/en\/praha\/online-prihlaska\/\" target=\"_self\" rel=\"noopener\">STANDARD<\/a><\/h3>\n\t\t\t\t<a href=\"https:\/\/www.autoskolakristan.cz\/en\/praha\/online-prihlaska\/\" target=\"_self\" itemprop=\"url\" rel=\"noopener\">\n\t\t\t\t<img loading=\"lazy\" decoding=\"async\" src=\"https:\/\/www.autoskolakristan.cz\/wp-content\/uploads\/2024\/03\/car.png\" alt=\"car\" itemprop=\"image\" height=\"128\" width=\"128\" title=\"car\" onerror=\"this.style.display='none'\"  \/>\n\t\t\t\t<\/a>\n5-6 months<br \/>\n\n<p>21 999 K\u010d<\/p>\n\t\t\t<a href=\"https:\/\/www.autoskolakristan.cz\/en\/praha\/online-prihlaska\/\" target=\"_self\" rel=\"noopener\">\n\t\t\t\t\t\t\tORDER\n\t\t\t\t\t<\/a>\n\t\t<h3><a href=\"https:\/\/www.autoskolakristan.cz\/en\/praha\/online-prihlaska\/\" target=\"_self\" rel=\"noopener\">IDE\u00c1L<\/a><\/h3>\n\t\t\t\t<a href=\"https:\/\/www.autoskolakristan.cz\/en\/praha\/online-prihlaska\/\" target=\"_self\" itemprop=\"url\" rel=\"noopener\">\n\t\t\t\t<img loading=\"lazy\" decoding=\"async\" src=\"https:\/\/www.autoskolakristan.cz\/wp-content\/uploads\/2024\/03\/sedan-car-model.png\" alt=\"sedan-car-model\" itemprop=\"image\" height=\"128\" width=\"128\" title=\"sedan-car-model\" onerror=\"this.style.display='none'\"  \/>\n\t\t\t\t<\/a>\n3-4 months<br \/>\n24 999 K\u010d\n\t\t\t<a href=\"https:\/\/www.autoskolakristan.cz\/en\/praha\/online-prihlaska\/\" target=\"_self\" rel=\"noopener\">\n\t\t\t\t\t\t\tORDER\n\t\t\t\t\t<\/a>\n\t\t<h3><a href=\"https:\/\/www.autoskolakristan.cz\/en\/praha\/online-prihlaska\/\" target=\"_self\" rel=\"noopener\">EXPRESS<\/a><\/h3>\n\t\t\t\t<a href=\"https:\/\/www.autoskolakristan.cz\/en\/praha\/online-prihlaska\/\" target=\"_self\" itemprop=\"url\" rel=\"noopener\">\n\t\t\t\t<img loading=\"lazy\" decoding=\"async\" src=\"https:\/\/www.autoskolakristan.cz\/wp-content\/uploads\/2024\/03\/cabrio-car.png\" alt=\"cabrio-car\" itemprop=\"image\" height=\"128\" width=\"128\" title=\"cabrio-car\" onerror=\"this.style.display='none'\"  \/>\n\t\t\t\t<\/a>\n6-8 weeks<br \/>\n29 999 K\u010d\n\t\t\t<a href=\"https:\/\/www.autoskolakristan.cz\/en\/praha\/online-prihlaska\/\" target=\"_self\" rel=\"noopener\">\n\t\t\t\t\t\t\tORDER\n\t\t\t\t\t<\/a>\n\t<h3>ADDITIONAL SERVICES<\/h3>\t\n\t\t\t   \t \t\t\t\t\t\t\t\t   \t \t\t<h2>\n\t\t\t\t\t\t\t\t\t\t\t\t\t\t\t\t\t\t\tAutomatic transmission\n\t\t\t\t\t\t\t\t\t\t\t\t\t\t\t\t\t<\/h2>\n\t\t\t\t\t\t\t\t\t\t\t\t\t\t\t\t2 000 K\u010d\t\t\t\t\t\t\t\t\t\t\t\t\t\t\t\t\t \n\t\t\t   \t \t\t\t\t\t\t\t\t   \t \t\t<h2>\n\t\t\t\t\t\t\t\t\t\t\t\t\t\t\t\t\t\t\tExclusive*\n\t\t\t\t\t\t\t\t\t\t\t\t\t\t\t\t\t<\/h2>\n\t\t\t\t\t\t\t\t\t\t\t\t\t\t\t\tagreement\t\t\t\t\t\t\t\t\t\t\t\t\t\t\t\t\t \n\t\t\t   \t \t\t\t\t\t\t\t\t   \t \t\t<h2>\n\t\t\t\t\t\t\t\t\t\t\t\t\t\t\t\t\t\t\tTraining in EN\/RU\n\t\t\t\t\t\t\t\t\t\t\t\t\t\t\t\t\t<\/h2>\n\t\t\t\t\t\t\t\t\t\t\t\t\t\t\t\t4 000 K\u010d\t\t\t\t\t\t\t\t\t\t\t\t\t\t\t\t\t \n\t<p>Fully individual approach, planning of training based on your prefferences, start and end of the driving lessons at a location specified by you.<\/p>\n\t\t<h3>GUARANTEE OF QUALITY<\/h3><p>Nearly 30 years of experience quarantees we will teach you to drive well.<\/p>\n\t\t<h3>FAIR APPROACH<\/h3><p>We don't make our job easier by cutting corners. You will get full and comprehensive training.<\/p>\n\t\t<h2>\n\t\t\tOUR SATISFIED CLIENTS\n\t\t<\/h2>\n\t\t\t<p>Discover how our clients perceive their experience from training in our driving school.<\/p>\t\t\n                        <img decoding=\"async\" src=\"https:\/\/www.autoskolakristan.cz\/wp-content\/uploads\/bb-plugin\/cache\/Dewi_testimonial-square.jpg\" alt=\"Dewi_testimonial\" itemprop=\"image\" title=\"Dewi_testimonial\"  \/>\n\t\t                    <h4>Dewi<\/h4>\n                \t\t        \t\t        \t<p>I was a bit afraid of a driving school, but autoskola Kristan taught me everything and now I&#8217;m a confident driver. I can fully recommend this driving school.<\/p>\n                        <img loading=\"lazy\" decoding=\"async\" src=\"https:\/\/www.autoskolakristan.cz\/wp-content\/uploads\/bb-plugin\/cache\/testimonial02-square.png\" alt=\"testimonial02\" itemprop=\"image\" height=\"333\" width=\"318\" title=\"testimonial02\"  \/>\n\t\t                    <h4>Kristi\u00e1n<\/h4>\n                \t\t        \t\t        \t<p>I was looking for driving school, where I can learn as much as possible a try the most challenging traffic situations. Driving school K\u0159\u0161\u0165an provided me excatly that experience, and and fully satisfied.<\/p>\n\t\t<h2>\n\t\t\tSHALL WE RIDE?\n\t\t<\/h2>\n\t\t\t<p>Get license and experience at the same time. Join hunderds of satisfied driver!<\/p>\t\t\n\t<a href=\"https:\/\/www.autoskolakristan.cz\/en\/praha\/online-prihlaska\/\" target=\"_self\" role=\"button\" aria-label=\"APPLY ONLINE\" rel=\"noopener\">\n\t\t\t\t\t\tAPPLY ONLINE\n\t\t\t<\/a>\n\t<p>Use our online form to apply yourself or to donate driving license to your close one.<\/p>","protected":false},"excerpt":{"rendered":"<p>AUTO\u0160KOLA K\u0158I\u0160\u0164AN PRAHA Nen\u00ed auto\u0161kola jako auto\u0161kola P\u0158ISTUPUJEME K V\u00ddCVIKU JINAK &#8222;Od n\u00e1s odch\u00e1z\u00ed skute\u010dn\u00ed \u0159idi\u010di&#8220; Nechceme b\u00fdt tov\u00e1rnou na dr\u017eitele \u0159idi\u010dsk\u00fdch pr\u016fkaz\u016f, ale zam\u011b\u0159ujeme se na p\u0159ed\u00e1v\u00e1n\u00ed komplexn\u00edch \u0159idi\u010dsk\u00fdch dovednost\u00ed a zku\u0161enost\u00ed, kter\u00e9mu se v\u011bnujeme v\u00edc jak 45 let tak\u017ee od n\u00e1s odch\u00e1z\u00ed skute\u010dn\u00ed \u0159idi\u010di p\u0159ipraven\u00ed na v\u0161echny z\u00e1ludnosti dne\u0161n\u00edho provozu. Nejdeme cestou nejni\u017e\u0161\u00ed&hellip;<\/p>","protected":false},"author":3,"featured_media":0,"parent":0,"menu_order":0,"comment_status":"closed","ping_status":"closed","template":"","meta":{"footnotes":""},"class_list":["post-1936","page","type-page","status-publish","hentry"],"_links":{"self":[{"href":"https:\/\/www.autoskolakristan.cz\/en\/wp-json\/wp\/v2\/pages\/1936","targetHints":{"allow":["GET"]}}],"collection":[{"href":"https:\/\/www.autoskolakristan.cz\/en\/wp-json\/wp\/v2\/pages"}],"about":[{"href":"https:\/\/www.autoskolakristan.cz\/en\/wp-json\/wp\/v2\/types\/page"}],"author":[{"embeddable":true,"href":"https:\/\/www.autoskolakristan.cz\/en\/wp-json\/wp\/v2\/users\/3"}],"replies":[{"embeddable":true,"href":"https:\/\/www.autoskolakristan.cz\/en\/wp-json\/wp\/v2\/comments?post=1936"}],"version-history":[{"count":24,"href":"https:\/\/www.autoskolakristan.cz\/en\/wp-json\/wp\/v2\/pages\/1936\/revisions"}],"predecessor-version":[{"id":2318,"href":"https:\/\/www.autoskolakristan.cz\/en\/wp-json\/wp\/v2\/pages\/1936\/revisions\/2318"}],"wp:attachment":[{"href":"https:\/\/www.autoskolakristan.cz\/en\/wp-json\/wp\/v2\/media?parent=1936"}],"curies":[{"name":"wp","href":"https:\/\/api.w.org\/{rel}","templated":true}]}}