{"id":2083,"date":"2024-05-10T16:33:38","date_gmt":"2024-05-10T15:33:38","guid":{"rendered":"https:\/\/www.autoskolakristan.cz\/cz\/?page_id=2083"},"modified":"2024-05-26T08:23:31","modified_gmt":"2024-05-26T07:23:31","slug":"autobus","status":"publish","type":"page","link":"https:\/\/www.autoskolakristan.cz\/en\/praha\/autobus\/","title":{"rendered":"BUS"},"content":{"rendered":"<h1>\n\t\t\tAUTOBUS\n\t\t\t\t\t\t\t\t\t\t\tPRAHA\n\t\t<\/h1>\n\t\t\t<p>Not all driving schools are created equal<\/p>\t\t\n<h4>\n\t\tDRIVING LICENSE GROUP D\n\t<\/h4>\n<h2>\n\t\tBUS\n\t<\/h2>\n\t<p>A group D driving license entitles the holder to drive motor vehicles with more than 8 seats in addition to the driver's seat.<\/p>\n<p>A trailer with a maximum permissible weight not exceeding 750 kg may be attached to this motor vehicle.<\/p>\n\t\t\t\t\t\t\t\t\t<img decoding=\"async\" src=\"http:\/\/www.autoskolakristan.cz\/wp-content\/uploads\/2021\/07\/IMG_4116-1-scaled.jpg\" alt=\"IMG_4116\" itemprop=\"image\" srcset=\"https:\/\/www.autoskolakristan.cz\/wp-content\/uploads\/2021\/07\/IMG_4116-1-scaled.jpg 2560w, https:\/\/www.autoskolakristan.cz\/wp-content\/uploads\/2021\/07\/IMG_4116-1-300x200.jpg 300w, https:\/\/www.autoskolakristan.cz\/wp-content\/uploads\/2021\/07\/IMG_4116-1-1024x683.jpg 1024w, https:\/\/www.autoskolakristan.cz\/wp-content\/uploads\/2021\/07\/IMG_4116-1-768x512.jpg 768w, https:\/\/www.autoskolakristan.cz\/wp-content\/uploads\/2021\/07\/IMG_4116-1-1536x1024.jpg 1536w\" sizes=\"(max-width: 2560px) 100vw, 2560px\" title=\"IMG_4116\" onerror=\"this.style.display='none'\"  \/>\n\t\t\t<a href=\"#vycvik-d\" target=\"_self\" rel=\"noopener\">\n\t\t\t\t\t\t\tWHAT DOES  THE TRAINING LOOK LIKE ?\n\t\t\t\t\t<\/a>\n<h2>\n\t\tAUTOBUS &#8211; \u0158IDI\u010cSK\u00dd PR\u016eKAZ D\n\t<\/h2>\n\t<p>You will be able to drive vehicles with more than 8 seats<\/p>\n\t\t<h3>WHY DRIVING SCHOOL K\u0158I\u0160\u0164AN ?<\/h3><p>1.individual approach<\/p>\n<p>2. quality vehicles,<\/p>\n<p>3. possibilities of consultation,<\/p>\n<p>4. over 25 years of tradition<\/p>\n\t\t<h3>GRANTING CONDITIONS<\/h3><p>1. age 24,<\/p>\n<p>2. group C (B) driving license,<\/p>\n<p>3. medical competence,<\/p>\n<p>4. a valid application for a driving license,<\/p>\n<p>5. usual residence or study in the Czech Republic (at least 6 months),<\/p>\n\t<a href=\"https:\/\/www.autoskolakristan.cz\/en\/praha\/online-prihlaska\/\" target=\"_self\" role=\"button\" aria-label=\"ORDER\" rel=\"noopener\">\n\t\t\t\t\t\tORDER\n\t\t\t<\/a>\n\t\t<h3>AGE EXCEPTION<\/h3><p><strong>A driving license for group D may also be granted to a person who has reached the age of 21, with the municipal authority of the municipality with extended powers restricting the driving license to the age of 24 only for driving:<\/strong><\/p>\n<p>a) Ministry of the Interior used by the Police,<\/p>\n<p>b) Prison services of the Czech Republic,<\/p>\n<p>c) the Armed Forces of the Czech Republic,<\/p>\n<p>d) municipal police,<\/p>\n<p>e) the Fire Rescue Corps of the Czech Republic and fire protection units,<\/p>\n<p>f) customs authorities,<\/p>\n<p>g) during a test drive in connection with their repair or maintenance.<\/p>\n<h4>\n\t\tHOW DOES IT WORK?\n\t<\/h4>\n\t\t\t\tD\u00c9LKA V\u00ddCVIKU\n\t\t\t\t\tV sou\u010dan\u00e9 dob\u011b m\u016f\u017ee b\u00fdt do v\u00fdcviku p\u0159ijat i uchaze\u010d, kter\u00fd vlastn\u00ed pouze \u0158P skupiny B, ale z\u00e1m\u011brn\u011b zde tuto mo\u017enost uv\u00e1d\u00edme jen okrajov\u011b, proto\u017ee s nejv\u011bt\u0161\u00ed pravd\u011bpodobnost\u00ed bude v p\u0159\u00ed\u0161t\u00ed z\u00e1konn\u00e9 \u00faprav\u011b zru\u0161ena.\nVzhledem k tomu, \u017ee se jedn\u00e1 o dr\u017eitele \u0158P skup. C, v\u00fduku je mo\u017en\u00e9 zvl\u00e1dnout za p\u0159ibli\u017en\u011b dva m\u011bs\u00edce. Jedna vyu\u010dovac\u00ed hodina trv\u00e1 45 minut.\nUchaze\u010d se objedn\u00e1v\u00e1 na j\u00edzdn\u00ed hodiny dle sv\u00fdch \u010dasov\u00fdch mo\u017enost\u00ed, m\u016f\u017ee absolvovat nejv\u00fd\u0161e dv\u011b praktick\u00e9 hodiny denn\u011b.\n\t\t\t\t20 HODIN PRAXE\n<p><strong>14<\/strong> hours: driving training ( 3 etaps )<\/p>\n<p><strong>2<\/strong> hours:practical maintenance training<\/p>\n<p><strong>4<\/strong>\u00a0hours: practical medical training<\/p>\n\u00a0\n\t\t\t\t38 HOURS OF THEORY\n<p><strong>10<\/strong>\u00a0hours: lessons regulations on vehicle operation<\/p>\n<p><strong>12<\/strong>\u00a0hours: lessons on vehicle operation and maintenance<\/p>\n<p><strong>10<\/strong>\u00a0hours: lessons driving theory and principles of safe driving<\/p>\n<p><strong>2<\/strong>\u00a0hour: lessons medical training<\/p>\n<p><strong>4<\/strong>\u00a0hours: repetition and examination<\/p>\n<p>mo\u017enost konzultac\u00ed\u00a0&#8211; pravideln\u011b ka\u017ed\u00e9 \u00fater\u00fd 14\u00a0&#8211; 18\u00a0hod.<\/p>\n\t\t\t\tEXAM\n<p>The final exams are usually taken at the driving school's. The applicant must have a valid ID card, driver's license - if he holds a + municipal fee.<\/p>\n<p>The exams are divided into 3 parts:<\/p>\n<ul>\n<li>test of regulations on traffic on roads (1 test)<\/li>\n<li>practical driving test<\/li>\n<li>vehicle control and maintenance test (4 questions)<\/li>\n<\/ul>\n<h4>\n\t\tGREAT TRAINING MUST ENTERTAIN\n\t<\/h4>\n<h2>\n\t\tThis is what a great driving school looks like\n\t<\/h2>\n\t\t\t\t<a\n\t\t\thref=\"https:\/\/www.autoskolakristan.cz\/wp-content\/uploads\/2021\/03\/IMG_5249-1-1024x768.jpg\"\n\t\t\t\t\t\tdata-fancybox=\"images\" \n\t\t\ttitle=\"IMG_5249\" \n\t\t\t\t\t\tdata-description=\"\" \n\t\t\titemprop=\"contentUrl\">\n\t\t\t<img loading=\"lazy\" decoding=\"async\" src=\"https:\/\/www.autoskolakristan.cz\/wp-content\/uploads\/2021\/03\/IMG_5249-1-1024x768.jpg\" alt=\"\" data-no-lazy=\"1\" itemprop=\"thumbnail\" width=\"1024\" height=\"768\" \/>\n\t\t\t<!-- Overlay Wrapper -->\n\t\t\t <!-- Overlay Wrapper Closed -->\n\t\t\t\t<\/a>\n\t\t\t\t\t\t\t<meta itemprop=\"width\" content=\"1024\" \/>\n\t\t\t<meta itemprop=\"height\" content=\"768\" \/>\n\t\t\t\t<a\n\t\t\thref=\"https:\/\/www.autoskolakristan.cz\/wp-content\/uploads\/2021\/03\/IMG_4120-1-1024x768.jpg\"\n\t\t\t\t\t\tdata-fancybox=\"images\" \n\t\t\ttitle=\"IMG_4120\" \n\t\t\t\t\t\tdata-description=\"\" \n\t\t\titemprop=\"contentUrl\">\n\t\t\t<img loading=\"lazy\" decoding=\"async\" src=\"https:\/\/www.autoskolakristan.cz\/wp-content\/uploads\/2021\/03\/IMG_4120-1-1024x768.jpg\" alt=\"\" data-no-lazy=\"1\" itemprop=\"thumbnail\" width=\"1024\" height=\"768\" \/>\n\t\t\t<!-- Overlay Wrapper -->\n\t\t\t <!-- Overlay Wrapper Closed -->\n\t\t\t\t<\/a>\n\t\t\t\t\t\t\t<meta itemprop=\"width\" content=\"1024\" \/>\n\t\t\t<meta itemprop=\"height\" content=\"768\" \/>\n\t\t\t\t<a\n\t\t\thref=\"https:\/\/www.autoskolakristan.cz\/wp-content\/uploads\/2020\/07\/car02.jpg\"\n\t\t\t\t\t\tdata-fancybox=\"images\" \n\t\t\ttitle=\"car02\" \n\t\t\t\t\t\tdata-description=\"\" \n\t\t\titemprop=\"contentUrl\">\n\t\t\t<img loading=\"lazy\" decoding=\"async\" src=\"https:\/\/www.autoskolakristan.cz\/wp-content\/uploads\/2020\/07\/car02.jpg\" alt=\"\" data-no-lazy=\"1\" itemprop=\"thumbnail\" width=\"768\" height=\"576\" \/>\n\t\t\t<!-- Overlay Wrapper -->\n\t\t\t <!-- Overlay Wrapper Closed -->\n\t\t\t\t<\/a>\n\t\t\t\t\t\t\t<meta itemprop=\"width\" content=\"768\" \/>\n\t\t\t<meta itemprop=\"height\" content=\"576\" \/>\n\t\t\t\t<a\n\t\t\thref=\"https:\/\/www.autoskolakristan.cz\/wp-content\/uploads\/2021\/03\/IMG_4282-1024x768.jpg\"\n\t\t\t\t\t\tdata-fancybox=\"images\" \n\t\t\ttitle=\"IMG_4282\" \n\t\t\t\t\t\tdata-description=\"\" \n\t\t\titemprop=\"contentUrl\">\n\t\t\t<img loading=\"lazy\" decoding=\"async\" src=\"https:\/\/www.autoskolakristan.cz\/wp-content\/uploads\/2021\/03\/IMG_4282-1024x768.jpg\" alt=\"\" data-no-lazy=\"1\" itemprop=\"thumbnail\" width=\"1024\" height=\"768\" \/>\n\t\t\t<!-- Overlay Wrapper -->\n\t\t\t <!-- Overlay Wrapper Closed -->\n\t\t\t\t<\/a>\n\t\t\t\t\t\t\t<meta itemprop=\"width\" content=\"1024\" \/>\n\t\t\t<meta itemprop=\"height\" content=\"768\" \/>\n\t\t\t\t<a\n\t\t\thref=\"https:\/\/www.autoskolakristan.cz\/wp-content\/uploads\/2021\/03\/daniela_pouzit-1024x768.jpg\"\n\t\t\t\t\t\tdata-fancybox=\"images\" \n\t\t\ttitle=\"daniela_pouzit\" \n\t\t\t\t\t\tdata-description=\"\" \n\t\t\titemprop=\"contentUrl\">\n\t\t\t<img loading=\"lazy\" decoding=\"async\" src=\"https:\/\/www.autoskolakristan.cz\/wp-content\/uploads\/2021\/03\/daniela_pouzit-1024x768.jpg\" alt=\"\" data-no-lazy=\"1\" itemprop=\"thumbnail\" width=\"1024\" height=\"768\" \/>\n\t\t\t<!-- Overlay Wrapper -->\n\t\t\t <!-- Overlay Wrapper Closed -->\n\t\t\t\t<\/a>\n\t\t\t\t\t\t\t<meta itemprop=\"width\" content=\"1024\" \/>\n\t\t\t<meta itemprop=\"height\" content=\"768\" \/>\n\t\t\t\t<a\n\t\t\thref=\"https:\/\/www.autoskolakristan.cz\/wp-content\/uploads\/2021\/03\/IMG_5677-1024x768.jpg\"\n\t\t\t\t\t\tdata-fancybox=\"images\" \n\t\t\ttitle=\"IMG_5677\" \n\t\t\t\t\t\tdata-description=\"\" \n\t\t\titemprop=\"contentUrl\">\n\t\t\t<img loading=\"lazy\" decoding=\"async\" src=\"https:\/\/www.autoskolakristan.cz\/wp-content\/uploads\/2021\/03\/IMG_5677-1024x768.jpg\" alt=\"\" data-no-lazy=\"1\" itemprop=\"thumbnail\" width=\"1024\" height=\"768\" \/>\n\t\t\t<!-- Overlay Wrapper -->\n\t\t\t <!-- Overlay Wrapper Closed -->\n\t\t\t\t<\/a>\n\t\t\t\t\t\t\t<meta itemprop=\"width\" content=\"1024\" \/>\n\t\t\t<meta itemprop=\"height\" content=\"768\" \/>\n\t\t\t\t<a\n\t\t\thref=\"https:\/\/www.autoskolakristan.cz\/wp-content\/uploads\/2021\/03\/IMG_6369-1024x768.jpg\"\n\t\t\t\t\t\tdata-fancybox=\"images\" \n\t\t\ttitle=\"IMG_6369\" \n\t\t\t\t\t\tdata-description=\"\" \n\t\t\titemprop=\"contentUrl\">\n\t\t\t<img loading=\"lazy\" decoding=\"async\" src=\"https:\/\/www.autoskolakristan.cz\/wp-content\/uploads\/2021\/03\/IMG_6369-1024x768.jpg\" alt=\"\" data-no-lazy=\"1\" itemprop=\"thumbnail\" width=\"1024\" height=\"768\" \/>\n\t\t\t<!-- Overlay Wrapper -->\n\t\t\t <!-- Overlay Wrapper Closed -->\n\t\t\t\t<\/a>\n\t\t\t\t\t\t\t<meta itemprop=\"width\" content=\"1024\" \/>\n\t\t\t<meta itemprop=\"height\" content=\"768\" \/>\n\t\t\t\t<a\n\t\t\thref=\"https:\/\/www.autoskolakristan.cz\/wp-content\/uploads\/2021\/03\/IMG_4387-1024x768.jpg\"\n\t\t\t\t\t\tdata-fancybox=\"images\" \n\t\t\ttitle=\"IMG_4387\" \n\t\t\t\t\t\tdata-description=\"\" \n\t\t\titemprop=\"contentUrl\">\n\t\t\t<img loading=\"lazy\" decoding=\"async\" src=\"https:\/\/www.autoskolakristan.cz\/wp-content\/uploads\/2021\/03\/IMG_4387-1024x768.jpg\" alt=\"\" data-no-lazy=\"1\" itemprop=\"thumbnail\" width=\"1024\" height=\"768\" \/>\n\t\t\t<!-- Overlay Wrapper -->\n\t\t\t <!-- Overlay Wrapper Closed -->\n\t\t\t\t<\/a>\n\t\t\t\t\t\t\t<meta itemprop=\"width\" content=\"1024\" \/>\n\t\t\t<meta itemprop=\"height\" content=\"768\" \/>\n\t\t\t\t<a href=\"#\">More pictures<\/a>\n\t<a href=\"https:\/\/www.autoskolakristan.cz\/en\/praha\/osobni-automobil\/\" target=\"_self\" role=\"button\" aria-label=\"CAR LICENSE\" rel=\"noopener\">\n\t\t\t\t\t\tCAR LICENSE\n\t\t\t\t\t<\/a>\n\t<a href=\"#kral-silnic\" target=\"_self\" role=\"button\" aria-label=\"OTHER LICENSES\" rel=\"noopener\">\n\t\t\t\t\t\tOTHER LICENSES\n\t\t\t\t\t<\/a>\n\t<p>With us, you will learn to control any car fully and receive the type B driving license, which allows you to drive passenger cars all around the world.<\/p>\n<p>We also provide training for motorcycles (A), trucks (C), buses (D), and trailers (E).<\/p>\n\t\t<h4>\n\t\t\tModal Box\n\t\t\t\t\t<\/h4>\n\t\t<h5>modal-<\/h5>\n\t\tClick here to edit the &#8222;modal-box&#8220; settings. This text is only for editing and will not appear after you publish the changes.\t\n\t\t\t\t\t\tPreview\n\t\t\tmodal-\n\t\t\t\t\t\t\t\t\t<img loading=\"lazy\" decoding=\"async\" width=\"280\" height=\"280\" src=\"http:\/\/www.autoskolakristan.cz\/wp-content\/uploads\/2021\/01\/kristan_logo_header.png\" alt=\"kristan_logo_header\" itemprop=\"image\" srcset=\"https:\/\/www.autoskolakristan.cz\/wp-content\/uploads\/2021\/01\/kristan_logo_header.png 280w, https:\/\/www.autoskolakristan.cz\/wp-content\/uploads\/2021\/01\/kristan_logo_header-150x150.png 150w, https:\/\/www.autoskolakristan.cz\/wp-content\/uploads\/2021\/01\/kristan_logo_header-12x12.png 12w\" sizes=\"auto, (max-width: 280px) 100vw, 280px\" title=\"kristan_logo_header\" onerror=\"this.style.display='none'\"  \/>\n\t\t<h1>\n\t\tDRIVING LICENCE FROM AGE OF 17!\n\t<\/h1>\n\t<p>Od ledna 2024 m\u016f\u017eete slo\u017eit z\u00e1v\u011bre\u010dnou zkou\u0161ku a z\u00edskat \u0159idi\u010dsk\u00e9 opr\u00e1vn\u011bn\u00ed ode dne dovr\u0161en\u00ed 17. roku v tzv. re\u017eimu L17. V\u00fdcvik prob\u00edh\u00e1 ve stejn\u00e9 podob\u011b a cen\u011b jako klasick\u00fd v\u00fdcvik pro skupinu B &#8211; osobn\u00ed automobil.<\/p>\n<p><strong>P\u0159ihlaste se na v\u00fdcvik je\u0161t\u011b dnes!<\/strong><\/p>\n<p>&nbsp;<\/p>\n<p>\u0158idi\u010di ve v\u011bku do 18 let mohou jezdit pouze pod dohledem mentora &#8211; zku\u0161en\u00e9ho \u0159idi\u010de.<\/p>\n<p>P\u0159ipravujeme standardizovan\u00e9 \u0161kolen\u00ed i individu\u00e1ln\u00ed v\u00fdcvik mentor\u016f. Zavolejte n\u00e1m a domluv\u00edme se na term\u00ednu.<\/p>\n\t\t\t\t\t\t\t\t<a href=\"\/en\/ridicsky-prukaz\/#cenik\" target=\"_self\" itemprop=\"url\" rel=\"noopener\">\n\t\t\t\t\t\t\t\t\t<img loading=\"lazy\" decoding=\"async\" width=\"495\" height=\"493\" src=\"http:\/\/www.autoskolakristan.cz\/wp-content\/uploads\/2023\/11\/l17.png\" alt=\"l17\" itemprop=\"image\" srcset=\"https:\/\/www.autoskolakristan.cz\/wp-content\/uploads\/2023\/11\/l17.png 495w, https:\/\/www.autoskolakristan.cz\/wp-content\/uploads\/2023\/11\/l17-300x300.png 300w, https:\/\/www.autoskolakristan.cz\/wp-content\/uploads\/2023\/11\/l17-150x150.png 150w, https:\/\/www.autoskolakristan.cz\/wp-content\/uploads\/2023\/11\/l17-12x12.png 12w\" sizes=\"auto, (max-width: 495px) 100vw, 495px\" title=\"l17\" onerror=\"this.style.display='none'\"  \/>\n\t\t\t\t\t\t\t\t\t\t\t\t\t<\/a>\n\t<a href=\"https:\/\/www.autoskolakristan.cz\/en\/praha\/darovat-autoskolu\/\" target=\"_self\" role=\"button\" aria-label=\"CAR LICENSE\" rel=\"noopener\">\n\t\t\t\t\t\tCAR LICENSE\n\t\t\t\t\t<\/a>\n\t<a href=\"https:\/\/www.autoskolakristan.cz\/en\/praha\/online-prihlaska\/\" target=\"_self\" role=\"button\" aria-label=\"ORDER\" rel=\"noopener\">\n\t\t\t\t\t\tORDER\n\t\t\t\t\t<\/a>\n\t\t<h2>\n\t\t\tOUR SATISFIED CLIENTS\n\t\t<\/h2>\n\t\t\t<p>Discover how our clients perceive their experience from training in our driving school.<\/p>\t\t\n                        <img decoding=\"async\" src=\"https:\/\/www.autoskolakristan.cz\/wp-content\/uploads\/bb-plugin\/cache\/Dewi_testimonial-square.jpg\" alt=\"Dewi_testimonial\" itemprop=\"image\" title=\"Dewi_testimonial\"  \/>\n\t\t                    <h4>Dewi<\/h4>\n                \t\t        \t\t        \t<p>I was a bit afraid of a driving school, but autoskola Kristan taught me everything and now I&#8217;m a confident driver. I can fully recommend this driving school.<\/p>\n                        <img loading=\"lazy\" decoding=\"async\" src=\"https:\/\/www.autoskolakristan.cz\/wp-content\/uploads\/bb-plugin\/cache\/testimonial02-square.png\" alt=\"testimonial02\" itemprop=\"image\" height=\"333\" width=\"318\" title=\"testimonial02\"  \/>\n\t\t                    <h4>Kristi\u00e1n<\/h4>\n                \t\t        \t\t        \t<p>I was looking for driving school, where I can learn as much as possible a try the most challenging traffic situations. Driving school K\u0159\u0161\u0165an provided me excatly that experience, and and fully satisfied.<\/p>\n\t\t<h2>\n\t\t\tSHALL WE RIDE?\n\t\t<\/h2>\n\t\t\t<p>Get license and experience at the same time. Join hunderds of satisfied driver!<\/p>\t\t\n\t<a href=\"https:\/\/www.autoskolakristan.cz\/en\/praha\/online-prihlaska\/\" target=\"_self\" role=\"button\" aria-label=\"APPLY ONLINE\" rel=\"noopener\">\n\t\t\t\t\t\tAPPLY ONLINE\n\t\t\t<\/a>\n\t<p>Use our online form to apply yourself or to donate driving license to your close one.<\/p>","protected":false},"excerpt":{"rendered":"<p>AUTOBUS PRAHA Nen\u00ed auto\u0161kola jako auto\u0161kola \u0158IDI\u010cSK\u00dd PR\u016eKAZ SKUPINY D Autobus \u0158idi\u010dsk\u00fd pr\u016fkaz skupiny D oprav\u0148uje k \u0159\u00edzen\u00ed motorov\u00fdch vozidel pro p\u0159epravu osob, kter\u00e1 maj\u00ed v\u00edce ne\u017e 8 m\u00edst k sezen\u00ed, krom\u011b m\u00edsta \u0159idi\u010de. K tomuto motorov\u00e9mu vozidlu sm\u00ed b\u00fdt p\u0159ipojeno p\u0159\u00edpojn\u00e9 vozidlo, jeho\u017e maxim\u00e1ln\u00ed p\u0159\u00edpustn\u00e1 hmotnost nep\u0159evy\u0161uje 750 kg. JAK VYPAD\u00c1 V\u00ddCVIK? AUTOBUS &#8211;&hellip;<\/p>","protected":false},"author":3,"featured_media":0,"parent":1936,"menu_order":9,"comment_status":"closed","ping_status":"closed","template":"","meta":{"footnotes":""},"class_list":["post-2083","page","type-page","status-publish","hentry"],"_links":{"self":[{"href":"https:\/\/www.autoskolakristan.cz\/en\/wp-json\/wp\/v2\/pages\/2083","targetHints":{"allow":["GET"]}}],"collection":[{"href":"https:\/\/www.autoskolakristan.cz\/en\/wp-json\/wp\/v2\/pages"}],"about":[{"href":"https:\/\/www.autoskolakristan.cz\/en\/wp-json\/wp\/v2\/types\/page"}],"author":[{"embeddable":true,"href":"https:\/\/www.autoskolakristan.cz\/en\/wp-json\/wp\/v2\/users\/3"}],"replies":[{"embeddable":true,"href":"https:\/\/www.autoskolakristan.cz\/en\/wp-json\/wp\/v2\/comments?post=2083"}],"version-history":[{"count":5,"href":"https:\/\/www.autoskolakristan.cz\/en\/wp-json\/wp\/v2\/pages\/2083\/revisions"}],"predecessor-version":[{"id":2175,"href":"https:\/\/www.autoskolakristan.cz\/en\/wp-json\/wp\/v2\/pages\/2083\/revisions\/2175"}],"up":[{"embeddable":true,"href":"https:\/\/www.autoskolakristan.cz\/en\/wp-json\/wp\/v2\/pages\/1936"}],"wp:attachment":[{"href":"https:\/\/www.autoskolakristan.cz\/en\/wp-json\/wp\/v2\/media?parent=2083"}],"curies":[{"name":"wp","href":"https:\/\/api.w.org\/{rel}","templated":true}]}}