{"id":2096,"date":"2024-05-10T16:55:14","date_gmt":"2024-05-10T15:55:14","guid":{"rendered":"https:\/\/www.autoskolakristan.cz\/cz\/?page_id=2096"},"modified":"2026-03-19T11:30:16","modified_gmt":"2026-03-19T10:30:16","slug":"cenik","status":"publish","type":"page","link":"https:\/\/www.autoskolakristan.cz\/en\/praha\/cenik\/","title":{"rendered":"Price list"},"content":{"rendered":"<h1>\n\t\t\tKOMPLETN\u00cd CEN\u00cdK AUTO\u0160KOLY\n\t\t\t\t\t\t\t\t\t\t\tPRAHA\n\t\t<\/h1>\n\t\t\t<p>Not all driving schools are created equal<\/p>\t\t\n\t<h3>CAR LICENSE<\/h3>\t\n\t\t\t   \t \t\t\t\t\t\t\t\t   \t \t\t<h2>\n\t\t\t\t\t\t\t\t\t\t\t\t\t\t\t\t\t\t\tB standard 5-6 months\n\t\t\t\t\t\t\t\t\t\t\t\t\t\t\t\t\t<\/h2>\n\t\t\t\t\t\t\t\t\t\t\t\t\t\t\t\t22 999 K\u010d\t\t\t\t\t\t\t\t\t\t\t\t\t\t\t\t\t \n\t\t\t   \t \t\t\t\t\t\t\t\t   \t \t\t<h2>\n\t\t\t\t\t\t\t\t\t\t\t\t\t\t\t\t\t\t\tB ideal 3-4 months\n\t\t\t\t\t\t\t\t\t\t\t\t\t\t\t\t\t<\/h2>\n\t\t\t\t\t\t\t\t\t\t\t\t\t\t\t\t25 999 K\u010d\t\t\t\t\t\t\t\t\t\t\t\t\t\t\t\t\t \n\t\t\t   \t \t\t\t\t\t\t\t\t   \t \t\t<h2>\n\t\t\t\t\t\t\t\t\t\t\t\t\t\t\t\t\t\t\tB express 6-8 weeks\n\t\t\t\t\t\t\t\t\t\t\t\t\t\t\t\t\t<\/h2>\n\t\t\t\t\t\t\t\t\t\t\t\t\t\t\t\t30 999 K\u010d\t\t\t\t\t\t\t\t\t\t\t\t\t\t\t\t\t \n\t\t\t   \t \t\t\t\t\t\t\t\t   \t \t\t<h2>\n\t\t\t\t\t\t\t\t\t\t\t\t\t\t\t\t\t\t\tIndividual training in EN, RU\n\t\t\t\t\t\t\t\t\t\t\t\t\t\t\t\t\t<\/h2>\n\t\t\t\t\t\t\t\t\t\t\t\t\t\t\t\t+ 4 000 K\u010d\t\t\t\t\t\t\t\t\t\t\t\t\t\t\t\t\t \n\t\t\t   \t \t\t\t\t\t\t\t\t   \t \t\t<h2>\n\t\t\t\t\t\t\t\t\t\t\t\t\t\t\t\t\t\t\tIndividual training exclusive *\n\t\t\t\t\t\t\t\t\t\t\t\t\t\t\t\t\t<\/h2>\n\t\t\t\t\t\t\t\t\t\t\t\t\t\t\t\tagreement\t\t\t\t\t\t\t\t\t\t\t\t\t\t\t\t\t \n\t\t\t   \t \t\t\t\t\t\t\t\t   \t \t\t<h2>\n\t\t\t\t\t\t\t\t\t\t\t\t\t\t\t\t\t\t\tAutomatic transmission\n\t\t\t\t\t\t\t\t\t\t\t\t\t\t\t\t\t<\/h2>\n\t\t\t\t\t\t\t\t\t\t\t\t\t\t\t\t+ 2 000 K\u010d\t\t\t\t\t\t\t\t\t\t\t\t\t\t\t\t\t \n\t\t\t\t\t\t\t\t\tSlevy pro skupinu B\t\t\t\t\t\t\t\t\n\t\t\t   \t \t\t\t\t\t\t\t\t   \t \t\t<h2>\n\t\t\t\t\t\t\t\t\t\t\t\t\t\t\t\t\t\t\tMore driving practice\n\t\t\t\t\t\t\t\t\t\t\t\t\t\t\t\t\t<\/h2>\n\t\t\t\t\t\t\t\t\t\t\t\t\t\t\t\tbased on count\t\t\t\t\t\t\t\t\t\t\t\t\t\t\t\t\t \n\t\t\t   \t \t\t\t\t\t\t\t\t   \t \t\t<h2>\n\t\t\t\t\t\t\t\t\t\t\t\t\t\t\t\t\t\t\tGroup discount\n\t\t\t\t\t\t\t\t\t\t\t\t\t\t\t\t\t<\/h2>\n\t\t\t\t\t\t\t\t\t\t\t\t\t\t\t\tdle po\u010dtu\t\t\t\t\t\t\t\t\t\t\t\t\t\t\t\t\t \n\t\t\t\t\t\t\t\t\tKondi\u010dn\u00ed j\u00edzdy osobn\u00ed automobil\t\t\t\t\t\t\t\t\n\t\t\t   \t \t\t\t\t\t\t\t\t   \t \t\t<h2>\n\t\t\t\t\t\t\t\t\t\t\t\t\t\t\t\t\t\t\t1h of additional training before the exam\n\t\t\t\t\t\t\t\t\t\t\t\t\t\t\t\t\t<\/h2>\n\t\t\t\t\t\t\t\t\t\t\t\t\t\t\t\t    750 K\u010d\t\t\t\t\t\t\t\t\t\t\t\t\t\t\t\t\t \n\t\t\t   \t \t\t\t\t\t\t\t\t   \t \t\t<h2>\n\t\t\t\t\t\t\t\t\t\t\t\t\t\t\t\t\t\t\tRefresher driving lesson with manual transmission\n\t\t\t\t\t\t\t\t\t\t\t\t\t\t\t\t\t<\/h2>\n\t\t\t\t\t\t\t\t\t\t\t\t\t\t\t\t    800 K\u010d\t\t\t\t\t\t\t\t\t\t\t\t\t\t\t\t\t \n\t\t\t   \t \t\t\t\t\t\t\t\t   \t \t\t<h2>\n\t\t\t\t\t\t\t\t\t\t\t\t\t\t\t\t\t\t\tRefresher driving in EN or RU\n\t\t\t\t\t\t\t\t\t\t\t\t\t\t\t\t\t<\/h2>\n\t\t\t\t\t\t\t\t\t\t\t\t\t\t\t\t   + 100 K\u010d\t\t\t\t\t\t\t\t\t\t\t\t\t\t\t\t\t \n\t\t\t   \t \t\t\t\t\t\t\t\t   \t \t\t<h2>\n\t\t\t\t\t\t\t\t\t\t\t\t\t\t\t\t\t\t\tRefresher driving lesson with automatic transmission\n\t\t\t\t\t\t\t\t\t\t\t\t\t\t\t\t\t<\/h2>\n\t\t\t\t\t\t\t\t\t\t\t\t\t\t\t\t  + 100 K\u010d\t\t\t\t\t\t\t\t\t\t\t\t\t\t\t\t\t \n\t\t\t   \t \t\t\t\t\t\t\t\t   \t \t\t<h2>\n\t\t\t\t\t\t\t\t\t\t\t\t\t\t\t\t\t\t\tKond. j\u00edzda na m\u00edst\u011b ur\u010den\u00e9 klientem &#8211; manu\u00e1l\/automat\n\t\t\t\t\t\t\t\t\t\t\t\t\t\t\t\t\t<\/h2>\n\t\t\t\t\t\t\t\t\t\t\t\t\t\t\t\t1500 \/ 1600 K\u010d\t\t\t\t\t\t\t\t\t\t\t\t\t\t\t\t\t \n\t\t\t   \t \t\t\t\t\t\t\t\t   \t \t\t<h2>\n\t\t\t\t\t\t\t\t\t\t\t\t\t\t\t\t\t\t\t3D Car Trainer\n\t\t\t\t\t\t\t\t\t\t\t\t\t\t\t\t\t<\/h2>\n\t\t\t\t\t\t\t\t\t\t\t\t\t\t\t\t300 K\u010d\t\t\t\t\t\t\t\t\t\t\t\t\t\t\t\t\t \n\t\t\t   \t \t\t\t\t\t\t\t\t   \t \t\t<h2>\n\t\t\t\t\t\t\t\t\t\t\t\t\t\t\t\t\t\t\tRefresher driving lesson with motorcycle\n\t\t\t\t\t\t\t\t\t\t\t\t\t\t\t\t\t<\/h2>\n\t\t\t\t\t\t\t\t\t\t\t\t\t\t\t\t 1 000 K\u010d\t\t\t\t\t\t\t\t\t\t\t\t\t\t\t\t\t \n\t\t\t   \t \t\t\t\t\t\t\t\t   \t \t\t<h2>\n\t\t\t\t\t\t\t\t\t\t\t\t\t\t\t\t\t\t\tRefresher driving lesson with truck\n\t\t\t\t\t\t\t\t\t\t\t\t\t\t\t\t\t<\/h2>\n\t\t\t\t\t\t\t\t\t\t\t\t\t\t\t\t  1 500 K\u010d\t\t\t\t\t\t\t\t\t\t\t\t\t\t\t\t\t \n\t<p><strong>*<\/strong> Idividual approach, practice and theory planning based on the client's demands, practical driving starts and ends at a location of client's choosing. Price is calculated individually based on the demands.<\/p>\n\t<h3>Sdru\u017een\u00fd v\u00fdcvik &#8211; osobn\u00ed automobil + motocykl<\/h3>\t\n\t\t\t   \t \t\t\t\t\t\t\t\t   \t \t\t<h2>\n\t\t\t\t\t\t\t\t\t\t\t\t\t\t\t\t\t\t\tA2 + B\n\t\t\t\t\t\t\t\t\t\t\t\t\t\t\t\t\t<\/h2>\n\t\t\t\t\t\t\t\t\t\t\t\t\t\t\t\t48 999 K\u010d\t\t\t\t\t\t\t\t\t\t\t\t\t\t\t\t\t \n\t\t\t   \t \t\t\t\t\t\t\t\t   \t \t\t<h2>\n\t\t\t\t\t\t\t\t\t\t\t\t\t\t\t\t\t\t\tA + B\n\t\t\t\t\t\t\t\t\t\t\t\t\t\t\t\t\t<\/h2>\n\t\t\t\t\t\t\t\t\t\t\t\t\t\t\t\t49 999 K\u010d\t\t\t\t\t\t\t\t\t\t\t\t\t\t\t\t\t \n\t\t\t\t\t\t\t\t\tMotocykly\t\t\t\t\t\t\t\t\n\t\t\t   \t \t\t\t\t\t\t\t\t   \t \t\t<h2>\n\t\t\t\t\t\t\t\t\t\t\t\t\t\t\t\t\t\t\tAM &#8211; motocykl do 45km\/hod\n\t\t\t\t\t\t\t\t\t\t\t\t\t\t\t\t\t<\/h2>\n\t\t\t\t\t\t\t\t\t\t\t\t\t\t\t\t16 999 K\u010d\t\t\t\t\t\t\t\t\t\t\t\t\t\t\t\t\t \n\t\t\t   \t \t\t\t\t\t\t\t\t   \t \t\t<h2>\n\t\t\t\t\t\t\t\t\t\t\t\t\t\t\t\t\t\t\tA1 &#8211; do 125 cm3\n\t\t\t\t\t\t\t\t\t\t\t\t\t\t\t\t\t<\/h2>\n\t\t\t\t\t\t\t\t\t\t\t\t\t\t\t\t16 999 K\u010d\t\t\t\t\t\t\t\t\t\t\t\t\t\t\t\t\t \n\t\t\t   \t \t\t\t\t\t\t\t\t   \t \t\t<h2>\n\t\t\t\t\t\t\t\t\t\t\t\t\t\t\t\t\t\t\tA2 &#8211; do 35 kW\n\t\t\t\t\t\t\t\t\t\t\t\t\t\t\t\t\t<\/h2>\n\t\t\t\t\t\t\t\t\t\t\t\t\t\t\t\t21 999 K\u010d\t\t\t\t\t\t\t\t\t\t\t\t\t\t\t\t\t \n\t\t\t   \t \t\t\t\t\t\t\t\t   \t \t\t<h2>\n\t\t\t\t\t\t\t\t\t\t\t\t\t\t\t\t\t\t\tA &#8211; nad 35 kW\n\t\t\t\t\t\t\t\t\t\t\t\t\t\t\t\t\t<\/h2>\n\t\t\t\t\t\t\t\t\t\t\t\t\t\t\t\t24 999 K\u010d\t\t\t\t\t\t\t\t\t\t\t\t\t\t\t\t\t \n\t\t\t\t\t\t\t\t\tRoz\u0161\u00ed\u0159en\u00ed \u0158O\t\t\t\t\t\t\t\t\n\t\t\t   \t \t\t\t\t\t\t\t\t   \t \t\t<h2>\n\t\t\t\t\t\t\t\t\t\t\t\t\t\t\t\t\t\t\tReturn driving licence (1st group)\n\t\t\t\t\t\t\t\t\t\t\t\t\t\t\t\t\t<\/h2>\n\t\t\t\t\t\t\t\t\t\t\t\t\t\t\t\t9 999 K\u010d\t\t\t\t\t\t\t\t\t\t\t\t\t\t\t\t\t \n\t\t\t   \t \t\t\t\t\t\t\t\t   \t \t\t<h2>\n\t\t\t\t\t\t\t\t\t\t\t\t\t\t\t\t\t\t\tEvery other group\n\t\t\t\t\t\t\t\t\t\t\t\t\t\t\t\t\t<\/h2>\n\t\t\t\t\t\t\t\t\t\t\t\t\t\t\t\t5 000 K\u010d\t\t\t\t\t\t\t\t\t\t\t\t\t\t\t\t\t \n\t\t\t\t\t\t\t\t\tMotocykly &#8211; roz\u0161\u00ed\u0159en\u00ed\t\t\t\t\t\t\t\t\n\t\t\t   \t \t\t\t\t\t\t\t\t   \t \t\t<h2>\n\t\t\t\t\t\t\t\t\t\t\t\t\t\t\t\t\t\t\tA2 from A1\n\t\t\t\t\t\t\t\t\t\t\t\t\t\t\t\t\t<\/h2>\n\t\t\t\t\t\t\t\t\t\t\t\t\t\t\t\t9 999 K\u010d\t\t\t\t\t\t\t\t\t\t\t\t\t\t\t\t\t \n\t\t\t   \t \t\t\t\t\t\t\t\t   \t \t\t<h2>\n\t\t\t\t\t\t\t\t\t\t\t\t\t\t\t\t\t\t\tA from A2 (only additional ride without tests)\n\t\t\t\t\t\t\t\t\t\t\t\t\t\t\t\t\t<\/h2>\n\t\t\t\t\t\t\t\t\t\t\t\t\t\t\t\t9 999 K\u010d\t\t\t\t\t\t\t\t\t\t\t\t\t\t\t\t\t \n\t<h3>TRUCK<\/h3>\t\n\t\t\t   \t \t\t\t\t\t\t\t\t   \t \t\t<h2>\n\t\t\t\t\t\t\t\t\t\t\t\t\t\t\t\t\t\t\tC from B\n\t\t\t\t\t\t\t\t\t\t\t\t\t\t\t\t\t<\/h2>\n\t\t\t\t\t\t\t\t\t\t\t\t\t\t\t\t24 999 K\u010d\t\t\t\t\t\t\t\t\t\t\t\t\t\t\t\t\t \n\t\t\t\t\t\t\t\t\tAutobus\t\t\t\t\t\t\t\t\n\t\t\t   \t \t\t\t\t\t\t\t\t   \t \t\t<h2>\n\t\t\t\t\t\t\t\t\t\t\t\t\t\t\t\t\t\t\tD from C\n\t\t\t\t\t\t\t\t\t\t\t\t\t\t\t\t\t<\/h2>\n\t\t\t\t\t\t\t\t\t\t\t\t\t\t\t\t24 999 K\u010d\t\t\t\t\t\t\t\t\t\t\t\t\t\t\t\t\t \n\t\t\t   \t \t\t\t\t\t\t\t\t   \t \t\t<h2>\n\t\t\t\t\t\t\t\t\t\t\t\t\t\t\t\t\t\t\tD from B\n\t\t\t\t\t\t\t\t\t\t\t\t\t\t\t\t\t<\/h2>\n\t\t\t\t\t\t\t\t\t\t\t\t\t\t\t\t34 999 K\u010d\t\t\t\t\t\t\t\t\t\t\t\t\t\t\t\t\t \n\t\t\t\t\t\t\t\t\tP\u0159\u00edv\u011bsy a n\u00e1v\u011bsy nad 750 kg\t\t\t\t\t\t\t\t\n\t\t\t   \t \t\t\t\t\t\t\t\t   \t \t\t<h2>\n\t\t\t\t\t\t\t\t\t\t\t\t\t\t\t\t\t\t\tB 96\n\t\t\t\t\t\t\t\t\t\t\t\t\t\t\t\t\t<\/h2>\n\t\t\t\t\t\t\t\t\t\t\t\t\t\t\t\t6 999 K\u010d\t\t\t\t\t\t\t\t\t\t\t\t\t\t\t\t\t \n\t\t\t   \t \t\t\t\t\t\t\t\t   \t \t\t<h2>\n\t\t\t\t\t\t\t\t\t\t\t\t\t\t\t\t\t\t\tC+E\n\t\t\t\t\t\t\t\t\t\t\t\t\t\t\t\t\t<\/h2>\n\t\t\t\t\t\t\t\t\t\t\t\t\t\t\t\t14 999 K\u010d\t\t\t\t\t\t\t\t\t\t\t\t\t\t\t\t\t \n\t\t\t   \t \t\t\t\t\t\t\t\t   \t \t\t<h2>\n\t\t\t\t\t\t\t\t\t\t\t\t\t\t\t\t\t\t\tB+E\n\t\t\t\t\t\t\t\t\t\t\t\t\t\t\t\t\t<\/h2>\n\t\t\t\t\t\t\t\t\t\t\t\t\t\t\t\t9 999 K\u010d\t\t\t\t\t\t\t\t\t\t\t\t\t\t\t\t\t \n\t\t\t\t\t\t\t\t\tOpravn\u00e9 zkou\u0161ky &#8211; poplatek auto\u0161kole\t\t\t\t\t\t\t\t\n\t\t\t   \t \t\t\t\t\t\t\t\t   \t \t\t<h2>\n\t\t\t\t\t\t\t\t\t\t\t\t\t\t\t\t\t\t\tExam Theory\n\t\t\t\t\t\t\t\t\t\t\t\t\t\t\t\t\t<\/h2>\n\t\t\t\t\t\t\t\t\t\t\t\t\t\t\t\t500 K\u010d\t\t\t\t\t\t\t\t\t\t\t\t\t\t\t\t\t \n\t\t\t   \t \t\t\t\t\t\t\t\t   \t \t\t<h2>\n\t\t\t\t\t\t\t\t\t\t\t\t\t\t\t\t\t\t\tDriving test\n\t\t\t\t\t\t\t\t\t\t\t\t\t\t\t\t\t<\/h2>\n\t\t\t\t\t\t\t\t\t\t\t\t\t\t\t\t800 K\u010d\t\t\t\t\t\t\t\t\t\t\t\t\t\t\t\t\t \n\t<h3>Other<\/h3>\t\n\t\t\t   \t \t\t\t\t\t\t\t\t   \t \t\t<h2>\n\t\t\t\t\t\t\t\t\t\t\t\t\t\t\t\t\t\t\tZkou\u0161ka PPV &#8211; spr\u00e1vn\u00ed poplatek\n\t\t\t\t\t\t\t\t\t\t\t\t\t\t\t\t\t<\/h2>\n\t\t\t\t\t\t\t\t\t\t\t\t\t\t\t\t100 K\u010d\t\t\t\t\t\t\t\t\t\t\t\t\t\t\t\t\t \n\t\t\t   \t \t\t\t\t\t\t\t\t   \t \t\t<h2>\n\t\t\t\t\t\t\t\t\t\t\t\t\t\t\t\t\t\t\tZkou\u0161ka PJ &#8211; spr\u00e1vn\u00ed poplatek\n\t\t\t\t\t\t\t\t\t\t\t\t\t\t\t\t\t<\/h2>\n\t\t\t\t\t\t\t\t\t\t\t\t\t\t\t\t400 K\u010d\t\t\t\t\t\t\t\t\t\t\t\t\t\t\t\t\t \n\t\t\t   \t \t\t\t\t\t\t\t\t   \t \t\t<h2>\n\t\t\t\t\t\t\t\t\t\t\t\t\t\t\t\t\t\t\tDopl\u0148kov\u00e1 Zkou\u0161ka B z Ba\n\t\t\t\t\t\t\t\t\t\t\t\t\t\t\t\t\t<\/h2>\n\t\t\t\t\t\t\t\t\t\t\t\t\t\t\t\t9 999 K\u010d\t\t\t\t\t\t\t\t\t\t\t\t\t\t\t\t\t \n\t\t\t   \t \t\t\t\t\t\t\t\t   \t \t\t<h2>\n\t\t\t\t\t\t\t\t\t\t\t\t\t\t\t\t\t\t\tLost of a driving school student ID card, copy\n\t\t\t\t\t\t\t\t\t\t\t\t\t\t\t\t\t<\/h2>\n\t\t\t\t\t\t\t\t\t\t\t\t\t\t\t\t100 K\u010d\t\t\t\t\t\t\t\t\t\t\t\t\t\t\t\t\t \n\t\t\t   \t \t\t\t\t\t\t\t\t   \t \t\t<h2>\n\t\t\t\t\t\t\t\t\t\t\t\t\t\t\t\t\t\t\tUnexcused downtime\n\t\t\t\t\t\t\t\t\t\t\t\t\t\t\t\t\t<\/h2>\n\t\t\t\t\t\t\t\t\t\t\t\t\t\t\t\t400 K\u010d\t\t\t\t\t\t\t\t\t\t\t\t\t\t\t\t\t \n\t\t\t   \t \t\t\t\t\t\t\t\t   \t \t\t<h2>\n\t\t\t\t\t\t\t\t\t\t\t\t\t\t\t\t\t\t\tExam no show without a proper excuse\n\t\t\t\t\t\t\t\t\t\t\t\t\t\t\t\t\t<\/h2>\n\t\t\t\t\t\t\t\t\t\t\t\t\t\t\t\t1000 K\u010d\t\t\t\t\t\t\t\t\t\t\t\t\t\t\t\t\t \n\t\t\t   \t \t\t\t\t\t\t\t\t   \t \t\t<h2>\n\t\t\t\t\t\t\t\t\t\t\t\t\t\t\t\t\t\t\tTraining cancellation\n\t\t\t\t\t\t\t\t\t\t\t\t\t\t\t\t\t<\/h2>\n\t\t\t\t\t\t\t\t\t\t\t\t\t\t\t\t2000 K\u010d\t\t\t\t\t\t\t\t\t\t\t\t\t\t\t\t\t \n\t\t\t\t\t\t\t\t\tSpr\u00e1vn\u00ed poplatky MHMP &#8211; prvn\u00ed zkou\u0161ka\t\t\t\t\t\t\t\t\n\t\t\t   \t \t\t\t\t\t\t\t\t   \t \t\t<h2>\n\t\t\t\t\t\t\t\t\t\t\t\t\t\t\t\t\t\t\tAdministrative fees\n\t\t\t\t\t\t\t\t\t\t\t\t\t\t\t\t\t<\/h2>\n\t\t\t\t\t\t\t\t\t\t\t\t\t\t\t\t700 K\u010d\t\t\t\t\t\t\t\t\t\t\t\t\t\t\t\t\t \n\t\t\t\t\t\t\t\t\tSpr\u00e1vn\u00ed poplatky MHMP &#8211; opravn\u00e1 zkou\u0161ka\t\t\t\t\t\t\t\t\n\t\t\t   \t \t\t\t\t\t\t\t\t   \t \t\t<h2>\n\t\t\t\t\t\t\t\t\t\t\t\t\t\t\t\t\t\t\tZkou\u0161ka PPV &#8211; spr\u00e1vn\u00ed poplatek\n\t\t\t\t\t\t\t\t\t\t\t\t\t\t\t\t\t<\/h2>\n\t\t\t\t\t\t\t\t\t\t\t\t\t\t\t\t100 K\u010d\t\t\t\t\t\t\t\t\t\t\t\t\t\t\t\t\t \n\t\t\t   \t \t\t\t\t\t\t\t\t   \t \t\t<h2>\n\t\t\t\t\t\t\t\t\t\t\t\t\t\t\t\t\t\t\tZkou\u0161ka PJ &#8211; spr\u00e1vn\u00ed poplatek\n\t\t\t\t\t\t\t\t\t\t\t\t\t\t\t\t\t<\/h2>\n\t\t\t\t\t\t\t\t\t\t\t\t\t\t\t\t400 K\u010d\t\t\t\t\t\t\t\t\t\t\t\t\t\t\t\t\t \n\t\t\t   \t \t\t\t\t\t\t\t\t   \t \t\t<h2>\n\t\t\t\t\t\t\t\t\t\t\t\t\t\t\t\t\t\t\tTransfer from another DS\n\t\t\t\t\t\t\t\t\t\t\t\t\t\t\t\t\t<\/h2>\n\t\t\t\t\t\t\t\t\t\t\t\t\t\t\t\t3000 K\u010d\t\t\t\t\t\t\t\t\t\t\t\t\t\t\t\t\t \n\t<h3>Other<\/h3>\t\n\t\t\t   \t \t\t\t\t\t\t\t\t   \t \t\t<h2>\n\t\t\t\t\t\t\t\t\t\t\t\t\t\t\t\t\t\t\tZkou\u0161ka PPV &#8211; spr\u00e1vn\u00ed poplatek\n\t\t\t\t\t\t\t\t\t\t\t\t\t\t\t\t\t<\/h2>\n\t\t\t\t\t\t\t\t\t\t\t\t\t\t\t\t100 K\u010d\t\t\t\t\t\t\t\t\t\t\t\t\t\t\t\t\t \n\t\t\t   \t \t\t\t\t\t\t\t\t   \t \t\t<h2>\n\t\t\t\t\t\t\t\t\t\t\t\t\t\t\t\t\t\t\tZkou\u0161ka PJ &#8211; spr\u00e1vn\u00ed poplatek\n\t\t\t\t\t\t\t\t\t\t\t\t\t\t\t\t\t<\/h2>\n\t\t\t\t\t\t\t\t\t\t\t\t\t\t\t\t400 K\u010d\t\t\t\t\t\t\t\t\t\t\t\t\t\t\t\t\t \n\t\t\t   \t \t\t\t\t\t\t\t\t   \t \t\t<h2>\n\t\t\t\t\t\t\t\t\t\t\t\t\t\t\t\t\t\t\tDopl\u0148kov\u00e1 Zkou\u0161ka B z Ba\n\t\t\t\t\t\t\t\t\t\t\t\t\t\t\t\t\t<\/h2>\n\t\t\t\t\t\t\t\t\t\t\t\t\t\t\t\t9 999 K\u010d\t\t\t\t\t\t\t\t\t\t\t\t\t\t\t\t\t \n\t\t\t   \t \t\t\t\t\t\t\t\t   \t \t\t<h2>\n\t\t\t\t\t\t\t\t\t\t\t\t\t\t\t\t\t\t\tLost of a driving school student ID card, copy\n\t\t\t\t\t\t\t\t\t\t\t\t\t\t\t\t\t<\/h2>\n\t\t\t\t\t\t\t\t\t\t\t\t\t\t\t\t100 K\u010d\t\t\t\t\t\t\t\t\t\t\t\t\t\t\t\t\t \n\t\t\t   \t \t\t\t\t\t\t\t\t   \t \t\t<h2>\n\t\t\t\t\t\t\t\t\t\t\t\t\t\t\t\t\t\t\tUnexcused downtime\n\t\t\t\t\t\t\t\t\t\t\t\t\t\t\t\t\t<\/h2>\n\t\t\t\t\t\t\t\t\t\t\t\t\t\t\t\t400 K\u010d\t\t\t\t\t\t\t\t\t\t\t\t\t\t\t\t\t \n\t\t\t   \t \t\t\t\t\t\t\t\t   \t \t\t<h2>\n\t\t\t\t\t\t\t\t\t\t\t\t\t\t\t\t\t\t\tExam no show without a proper excuse\n\t\t\t\t\t\t\t\t\t\t\t\t\t\t\t\t\t<\/h2>\n\t\t\t\t\t\t\t\t\t\t\t\t\t\t\t\t500 K\u010d\t\t\t\t\t\t\t\t\t\t\t\t\t\t\t\t\t \n\t\t\t   \t \t\t\t\t\t\t\t\t   \t \t\t<h2>\n\t\t\t\t\t\t\t\t\t\t\t\t\t\t\t\t\t\t\tTraining cancellation\n\t\t\t\t\t\t\t\t\t\t\t\t\t\t\t\t\t<\/h2>\n\t\t\t\t\t\t\t\t\t\t\t\t\t\t\t\t2000 K\u010d\t\t\t\t\t\t\t\t\t\t\t\t\t\t\t\t\t \n\t\t\t\t\t\t\t\t\tSpr\u00e1vn\u00ed poplatky MHMP &#8211; prvn\u00ed zkou\u0161ka\t\t\t\t\t\t\t\t\n\t\t\t   \t \t\t\t\t\t\t\t\t   \t \t\t<h2>\n\t\t\t\t\t\t\t\t\t\t\t\t\t\t\t\t\t\t\tAdministrative fees\n\t\t\t\t\t\t\t\t\t\t\t\t\t\t\t\t\t<\/h2>\n\t\t\t\t\t\t\t\t\t\t\t\t\t\t\t\t700 K\u010d\t\t\t\t\t\t\t\t\t\t\t\t\t\t\t\t\t \n\t\t\t\t\t\t\t\t\tSpr\u00e1vn\u00ed poplatky MHMP &#8211; opravn\u00e1 zkou\u0161ka\t\t\t\t\t\t\t\t\n\t\t\t   \t \t\t\t\t\t\t\t\t   \t \t\t<h2>\n\t\t\t\t\t\t\t\t\t\t\t\t\t\t\t\t\t\t\tZkou\u0161ka PPV &#8211; spr\u00e1vn\u00ed poplatek\n\t\t\t\t\t\t\t\t\t\t\t\t\t\t\t\t\t<\/h2>\n\t\t\t\t\t\t\t\t\t\t\t\t\t\t\t\t100 K\u010d\t\t\t\t\t\t\t\t\t\t\t\t\t\t\t\t\t \n\t\t\t   \t \t\t\t\t\t\t\t\t   \t \t\t<h2>\n\t\t\t\t\t\t\t\t\t\t\t\t\t\t\t\t\t\t\tZkou\u0161ka PJ &#8211; spr\u00e1vn\u00ed poplatek\n\t\t\t\t\t\t\t\t\t\t\t\t\t\t\t\t\t<\/h2>\n\t\t\t\t\t\t\t\t\t\t\t\t\t\t\t\t400 K\u010d\t\t\t\t\t\t\t\t\t\t\t\t\t\t\t\t\t \n\t\t\t   \t \t\t\t\t\t\t\t\t   \t \t\t<h2>\n\t\t\t\t\t\t\t\t\t\t\t\t\t\t\t\t\t\t\tTransfer from another DS\n\t\t\t\t\t\t\t\t\t\t\t\t\t\t\t\t\t<\/h2>\n\t\t\t\t\t\t\t\t\t\t\t\t\t\t\t\t2000 K\u010d\t\t\t\t\t\t\t\t\t\t\t\t\t\t\t\t\t \n\t<ul>\n<li>Discounts do not apply to special offers and cannot be further cumulated.<\/li>\n<li>Training prices include complete training, including theoretical training.<\/li>\n<li>Cen\u00edk je platn\u00fd od 3.3.2026<\/li>\n<\/ul>\n\t<h3>MENU TITLE<\/h3>\t\n\t\t\t\t\t\t\t\t\t\t\t\t\t<h2>\n\t\t\t\t\t\t\t\t\t\t\t\t\t\t\t\t\tMenu Item\n\t\t\t\t\t\t\t\t\t\t\t\t\t\t\t<\/h2>\n\t\t\t\t\t\t\t\tLorem Ipsum is simply dummy text\t\t\t\t\t\t\t\n\t\t\t\t\t\t\t\t\t\t\t\t\t\t\t\t\t$\n\t\t\t\t\t\t\t\t\t\t\t\t\t\t\t\t9.99\t\t\t\t\t\t\t\t\t\t\t\t\t\t\t\t\t\t\t\t\t\t\t\n\t\t<h2>\n\t\t\tOUR SATISFIED CLIENTS\n\t\t<\/h2>\n\t\t\t<p>Discover how our clients perceive their experience from training in our driving school.<\/p>\t\t\n                        <img decoding=\"async\" src=\"https:\/\/www.autoskolakristan.cz\/wp-content\/uploads\/bb-plugin\/cache\/Dewi_testimonial-square.jpg\" alt=\"Dewi_testimonial\" itemprop=\"image\" title=\"Dewi_testimonial\"  \/>\n\t\t                    <h4>Dewi<\/h4>\n                \t\t        \t\t        \t<p>I was a bit afraid of a driving school, but autoskola Kristan taught me everything and now I&#8217;m a confident driver. I can fully recommend this driving school.<\/p>\n                        <img loading=\"lazy\" decoding=\"async\" src=\"https:\/\/www.autoskolakristan.cz\/wp-content\/uploads\/bb-plugin\/cache\/testimonial02-square.png\" alt=\"testimonial02\" itemprop=\"image\" height=\"333\" width=\"318\" title=\"testimonial02\"  \/>\n\t\t                    <h4>Kristi\u00e1n<\/h4>\n                \t\t        \t\t        \t<p>I was looking for driving school, where I can learn as much as possible a try the most challenging traffic situations. Driving school K\u0159\u0161\u0165an provided me excatly that experience, and and fully satisfied.<\/p>\n\t\t<h2>\n\t\t\tSHALL WE RIDE?\n\t\t<\/h2>\n\t\t\t<p>Get license and experience at the same time. Join hunderds of satisfied driver!<\/p>\t\t\n\t<a href=\"https:\/\/www.autoskolakristan.cz\/en\/praha\/online-prihlaska\/\" target=\"_self\" role=\"button\" aria-label=\"APPLY ONLINE\">\n\t\t\t\t\t\tAPPLY ONLINE\n\t\t\t<\/a>\n\t<p>Use our online form to apply yourself or to donate driving license to your close one.<\/p>","protected":false},"excerpt":{"rendered":"<p>KOMPLETN\u00cd CEN\u00cdK AUTO\u0160KOLY PRAHA Nen\u00ed auto\u0161kola jako auto\u0161kola OSOBN\u00cd AUTOMOBIL B standard 5-6 m\u011bs\u00edc\u016f 22 999 K\u010d B ide\u00e1l 3-4 m\u011bs\u00edce 25 999 K\u010d B express 6-8 t\u00fddn\u016f 30 999 K\u010d Individu\u00e1ln\u00ed v\u00fdcvik v AJ, RJ + 4 000 K\u010d Individu\u00e1ln\u00ed v\u00fdcvik exclusive* idividu\u00e1ln\u00ed dohodou Automatick\u00e1 p\u0159evodovka + 2 000 K\u010d Slevy pro skupinu B&hellip;<\/p>","protected":false},"author":3,"featured_media":0,"parent":1936,"menu_order":4,"comment_status":"closed","ping_status":"closed","template":"","meta":{"footnotes":""},"class_list":["post-2096","page","type-page","status-publish","hentry"],"_links":{"self":[{"href":"https:\/\/www.autoskolakristan.cz\/en\/wp-json\/wp\/v2\/pages\/2096","targetHints":{"allow":["GET"]}}],"collection":[{"href":"https:\/\/www.autoskolakristan.cz\/en\/wp-json\/wp\/v2\/pages"}],"about":[{"href":"https:\/\/www.autoskolakristan.cz\/en\/wp-json\/wp\/v2\/types\/page"}],"author":[{"embeddable":true,"href":"https:\/\/www.autoskolakristan.cz\/en\/wp-json\/wp\/v2\/users\/3"}],"replies":[{"embeddable":true,"href":"https:\/\/www.autoskolakristan.cz\/en\/wp-json\/wp\/v2\/comments?post=2096"}],"version-history":[{"count":15,"href":"https:\/\/www.autoskolakristan.cz\/en\/wp-json\/wp\/v2\/pages\/2096\/revisions"}],"predecessor-version":[{"id":2368,"href":"https:\/\/www.autoskolakristan.cz\/en\/wp-json\/wp\/v2\/pages\/2096\/revisions\/2368"}],"up":[{"embeddable":true,"href":"https:\/\/www.autoskolakristan.cz\/en\/wp-json\/wp\/v2\/pages\/1936"}],"wp:attachment":[{"href":"https:\/\/www.autoskolakristan.cz\/en\/wp-json\/wp\/v2\/media?parent=2096"}],"curies":[{"name":"wp","href":"https:\/\/api.w.org\/{rel}","templated":true}]}}