{"id":2105,"date":"2024-05-10T17:10:52","date_gmt":"2024-05-10T16:10:52","guid":{"rendered":"https:\/\/www.autoskolakristan.cz\/cz\/?page_id=2105"},"modified":"2025-01-08T13:01:32","modified_gmt":"2025-01-08T12:01:32","slug":"formulare-ke-stazeni","status":"publish","type":"page","link":"https:\/\/www.autoskolakristan.cz\/en\/praha\/formulare-ke-stazeni\/","title":{"rendered":"Downloadable forms"},"content":{"rendered":"<h1>\n\t\t\tFORMUL\u00c1\u0158E KE STA\u017dEN\u00cd\n\t\t\t\t\t\t\t\t\t\t\tPRAHA\n\t\t<\/h1>\n\t\t\t<p>Not all driving schools are created equal<\/p>\t\t\n<h2>\n\t\tDOWNLOAD FORMS\n\t<\/h2>","protected":false},"excerpt":{"rendered":"<p>FORMUL\u00c1\u0158E KE STA\u017dEN\u00cd PRAHA Nen\u00ed auto\u0161kola jako auto\u0161kola FORMUL\u00c1\u0158E KE STA\u017dEN\u00cd<\/p>","protected":false},"author":3,"featured_media":0,"parent":1936,"menu_order":6,"comment_status":"closed","ping_status":"closed","template":"","meta":{"footnotes":""},"class_list":["post-2105","page","type-page","status-publish","hentry"],"_links":{"self":[{"href":"https:\/\/www.autoskolakristan.cz\/en\/wp-json\/wp\/v2\/pages\/2105","targetHints":{"allow":["GET"]}}],"collection":[{"href":"https:\/\/www.autoskolakristan.cz\/en\/wp-json\/wp\/v2\/pages"}],"about":[{"href":"https:\/\/www.autoskolakristan.cz\/en\/wp-json\/wp\/v2\/types\/page"}],"author":[{"embeddable":true,"href":"https:\/\/www.autoskolakristan.cz\/en\/wp-json\/wp\/v2\/users\/3"}],"replies":[{"embeddable":true,"href":"https:\/\/www.autoskolakristan.cz\/en\/wp-json\/wp\/v2\/comments?post=2105"}],"version-history":[{"count":4,"href":"https:\/\/www.autoskolakristan.cz\/en\/wp-json\/wp\/v2\/pages\/2105\/revisions"}],"predecessor-version":[{"id":2340,"href":"https:\/\/www.autoskolakristan.cz\/en\/wp-json\/wp\/v2\/pages\/2105\/revisions\/2340"}],"up":[{"embeddable":true,"href":"https:\/\/www.autoskolakristan.cz\/en\/wp-json\/wp\/v2\/pages\/1936"}],"wp:attachment":[{"href":"https:\/\/www.autoskolakristan.cz\/en\/wp-json\/wp\/v2\/media?parent=2105"}],"curies":[{"name":"wp","href":"https:\/\/api.w.org\/{rel}","templated":true}]}}