{"id":2151,"date":"2024-05-26T08:15:43","date_gmt":"2024-05-26T07:15:43","guid":{"rendered":"https:\/\/www.autoskolakristan.cz\/cz\/?page_id=2151"},"modified":"2024-05-26T08:22:28","modified_gmt":"2024-05-26T07:22:28","slug":"online-prihlaska","status":"publish","type":"page","link":"https:\/\/www.autoskolakristan.cz\/en\/praha\/online-prihlaska\/","title":{"rendered":"Online p\u0159ihl\u00e1\u0161ka"},"content":{"rendered":"<h1>\n\t\t\tONLINE P\u0158IHL\u00c1\u0160KA KE KURZU\n\t\t\t\t\t\t\t\t\t\t\tPRAHA\n\t\t<\/h1>\n\t\t\t<p>Not all driving schools are created equal<\/p>\t\t\n<h2>\n\t\tONLINE P\u0158IHL\u00c1\u0160KA KE KURZU\n\t<\/h2>\n\t<iframe loading=\"lazy\" allowtransparency=\"true\" src=\"https:\/\/kristan.moje-autoskola.cz\/prihlaska.php?iframe=1\" border=\"0\" width=\"95%\" height=\"800px\" marginheight=\"0\" marginwidth=\"0\" frameborder=\"0\" rel=\"nofollow\" id=\"ma_iframe\">\n<\/iframe>\n<h4>\n\t\tContact\n\t<\/h4>\n\t\t<h3><a href=\"mailto:praha@autoskolakristan.cz\" target=\"_self\" rel=\"noopener\">\t\n\tinfo@kristan.cz<\/a><\/h3>\t\n\t\t<h3><a href=\"tel:+420777651077\" target=\"_self\" rel=\"noopener\">\t\n\t777 651 077<\/a><\/h3>\t\n\t\t<h3><a href=\"tel:+420271724820\" target=\"_self\" rel=\"noopener\">\t\n\t271 724 820<\/a><\/h3>\t\n\t\t<h3><a href=\"tel:+420271724820\" target=\"_self\" rel=\"noopener\">\t\n\tHolandsk\u00e1 17, Praha 10, 10\u00a0000<\/a><\/h3>\t\n<h4>\n\t\tOFFICE HOURS\n\t<\/h4>\n<table  data-tablesaw-minimap>\n\t\t\t<thead>\n\t\t<tr>\n\t\t\t<th id=\"pp-table-col-1\" scope=\"col\" data-tablesaw-sortable-col>\t\t\t\t\t\n\t\t\t\t\t<\/th><th id=\"pp-table-col-2\" scope=\"col\" data-tablesaw-sortable-col>\t\t\t\t\t\n\t\t\t\t\t<\/th><th id=\"pp-table-col-3\" scope=\"col\" data-tablesaw-sortable-col>\t\t\t\t\t\n\t\t\t\t\t<\/th>\t\t<\/tr>\n\t<\/thead>\n\t\t<tbody>\n\t\t<tr data-row-index=\"1\"><td>Monday<\/td><td>9:00 &#8211; 13:00<\/td><td>14:00 &#8211; 18:00<\/td><\/tr><tr data-row-index=\"2\"><td>Tuesday<\/td><td>9:00 &#8211; 13:00<\/td><td>14:00 &#8211; 18:00<\/td><\/tr><tr data-row-index=\"3\"><td>Wednesday<\/td><td>9:00 &#8211; 13:00<\/td><td>14:00 &#8211; 18:00<\/td><\/tr><tr data-row-index=\"4\"><td>Thursday<\/td><td>9:00 &#8211; 13:00<\/td><td>14:00 &#8211; 17:00<\/td><\/tr><tr data-row-index=\"5\"><td>Friday<\/td><td>Pouze po p\u0159edchoz\u00ed telefonick\u00e9 domluv\u011b<\/td><\/tr>\t<\/tbody>\n<\/table>\n\t\t\t<a href=\"#mapa\" target=\"_self\" rel=\"noopener\">\n\t\t\t\t\t\t\tMAP\n\t\t\t\t\t<\/a>\n<h2>\n\t\tWHERE TO FIND US?\n\t<\/h2>\n\t<iframe src=\"https:\/\/www.google.com\/maps\/embed\/v1\/place?q=Holandsk%C3%A1+17%2F756%2C+101+00+Praha+10-Vr%C5%A1ovice&#038;key=AIzaSyD09zQ9PNDNNy9TadMuzRV_UsPUoWKntt8\" aria-hidden=\"true\"><\/iframe>\n\t\t<h2>\n\t\t\tOUR SATISFIED CLIENTS\n\t\t<\/h2>\n\t\t\t<p>Discover how our clients perceive their experience from training in our driving school.<\/p>\t\t\n                        <img decoding=\"async\" src=\"https:\/\/www.autoskolakristan.cz\/wp-content\/uploads\/bb-plugin\/cache\/Dewi_testimonial-square.jpg\" alt=\"Dewi_testimonial\" itemprop=\"image\" title=\"Dewi_testimonial\"  \/>\n\t\t                    <h4>Dewi<\/h4>\n                \t\t        \t\t        \t<p>I was a bit afraid of a driving school, but autoskola Kristan taught me everything and now I&#8217;m a confident driver. I can fully recommend this driving school.<\/p>\n                        <img loading=\"lazy\" decoding=\"async\" src=\"https:\/\/www.autoskolakristan.cz\/wp-content\/uploads\/bb-plugin\/cache\/testimonial02-square.png\" alt=\"testimonial02\" itemprop=\"image\" height=\"333\" width=\"318\" title=\"testimonial02\"  \/>\n\t\t                    <h4>Kristi\u00e1n<\/h4>\n                \t\t        \t\t        \t<p>I was looking for driving school, where I can learn as much as possible a try the most challenging traffic situations. Driving school K\u0159\u0161\u0165an provided me excatly that experience, and and fully satisfied.<\/p>\n\t\t<h2>\n\t\t\tSHALL WE RIDE?\n\t\t<\/h2>\n\t\t\t<p>Get license and experience at the same time. Join hunderds of satisfied driver!<\/p>\t\t\n\t<a href=\"https:\/\/www.autoskolakristan.cz\/en\/praha\/online-prihlaska\/\" target=\"_self\" role=\"button\" aria-label=\"APPLY ONLINE\" rel=\"noopener\">\n\t\t\t\t\t\tAPPLY ONLINE\n\t\t\t<\/a>\n\t<p>Use our online form to apply yourself or to donate driving license to your close one.<\/p>","protected":false},"excerpt":{"rendered":"<p>ONLINE P\u0158IHL\u00c1\u0160KA KE KURZU PRAHA Nen\u00ed auto\u0161kola jako auto\u0161kola ONLINE P\u0158IHL\u00c1\u0160KA KE KURZU KONTAKT info@kristan.cz 777 651 077 271 724 820 Holandsk\u00e1 17, Praha 10, 10\u00a0000 OTEV\u00cdRAC\u00cd DOBA Pond\u011bl\u00ed 9:00 &#8211; 13:00 14:00 &#8211; 18:00 \u00dater\u00fd 9:00 &#8211; 13:00 14:00 &#8211; 18:00 St\u0159eda 9:00 &#8211; 13:00 14:00 &#8211; 18:00 \u010ctvrtek 9:00 &#8211; 13:00 14:00 &#8211;&hellip;<\/p>","protected":false},"author":3,"featured_media":0,"parent":1936,"menu_order":3,"comment_status":"closed","ping_status":"closed","template":"","meta":{"footnotes":""},"class_list":["post-2151","page","type-page","status-publish","hentry"],"_links":{"self":[{"href":"https:\/\/www.autoskolakristan.cz\/en\/wp-json\/wp\/v2\/pages\/2151","targetHints":{"allow":["GET"]}}],"collection":[{"href":"https:\/\/www.autoskolakristan.cz\/en\/wp-json\/wp\/v2\/pages"}],"about":[{"href":"https:\/\/www.autoskolakristan.cz\/en\/wp-json\/wp\/v2\/types\/page"}],"author":[{"embeddable":true,"href":"https:\/\/www.autoskolakristan.cz\/en\/wp-json\/wp\/v2\/users\/3"}],"replies":[{"embeddable":true,"href":"https:\/\/www.autoskolakristan.cz\/en\/wp-json\/wp\/v2\/comments?post=2151"}],"version-history":[{"count":5,"href":"https:\/\/www.autoskolakristan.cz\/en\/wp-json\/wp\/v2\/pages\/2151\/revisions"}],"predecessor-version":[{"id":2166,"href":"https:\/\/www.autoskolakristan.cz\/en\/wp-json\/wp\/v2\/pages\/2151\/revisions\/2166"}],"up":[{"embeddable":true,"href":"https:\/\/www.autoskolakristan.cz\/en\/wp-json\/wp\/v2\/pages\/1936"}],"wp:attachment":[{"href":"https:\/\/www.autoskolakristan.cz\/en\/wp-json\/wp\/v2\/media?parent=2151"}],"curies":[{"name":"wp","href":"https:\/\/api.w.org\/{rel}","templated":true}]}}