{"id":2230,"date":"2024-05-26T10:20:56","date_gmt":"2024-05-26T09:20:56","guid":{"rendered":"https:\/\/www.autoskolakristan.cz\/?page_id=2230"},"modified":"2025-10-30T13:44:48","modified_gmt":"2025-10-30T12:44:48","slug":"kontakt","status":"publish","type":"page","link":"https:\/\/www.autoskolakristan.cz\/en\/kladno\/kontakt\/","title":{"rendered":"Contact"},"content":{"rendered":"<h1>\n\t\t\tKONTAKTY AUTO\u0160KOLY K\u0158I\u0160\u0164AN\n\t\t\t\t\t\t\t\t\t\t\tKLADNO\n\t\t<\/h1>\n\t\t\t<p>Not all driving schools are created equal<\/p>\t\t\n<h4>\n\t\t\tContact\t<\/h4>\n\t\t<h3><a href=\"mailto:kladno@autoskolakristan.cz\"  target=\"_self\">\t\n\tkladno@autoskolakristan.cz<\/a><\/h3>\t\n\t\t<h3><a href=\"tel:+420604777700\"  target=\"_self\">\t\n\t604 777 700<\/a><\/h3>\t\n\t\t<h3>\t\n\tMaroldova 2115, Kladno 272 01<\/h3><p>Vchod z ulice \u010cs. Arm\u00e1dy<\/p>\n<h4>\n\t\t\tOFFICE HOURS\t<\/h4>\n<table  data-tablesaw-minimap>\n\t\t\t<thead>\n\t\t<tr>\n\t\t\t<th id=\"pp-table-col-1\" scope=\"col\" data-tablesaw-sortable-col>\t\t\t\t\t\n\t\t\t\t\t<\/th><th id=\"pp-table-col-2\" scope=\"col\" data-tablesaw-sortable-col>\t\t\t\t\t\n\t\t\t\t\t<\/th>\t\t<\/tr>\n\t<\/thead>\n\t\t<tbody>\n\t\t<tr data-row-index=\"1\"><td>Monday<\/td><td>Po p\u0159edchoz\u00ed telefonick\u00e9 domluv\u011b<\/td><\/tr><tr data-row-index=\"2\"><td>Tuesday<\/td><td>13:00 hod &#8211; 18:00 hod<\/td><\/tr><tr data-row-index=\"3\"><td>Wednesday<\/td><td>Po p\u0159edchoz\u00ed telefonick\u00e9 domluv\u011b<\/td><\/tr><tr data-row-index=\"4\"><td>Thursday<\/td><td>13:00 hod &#8211; 18:00 hod<\/td><\/tr><tr data-row-index=\"5\"><td>Friday<\/td><td>Po p\u0159edchoz\u00ed telefonick\u00e9 domluv\u011b<\/td><\/tr>\t<\/tbody>\n<\/table>\n\t\t\t<a href=\"#mapa\" target=\"_self\">\n\t\t\t\t\t\t\tMAP\n\t\t\t\t\t<\/a>\n<h2>\n\t\t\tWHERE TO FIND US?\t<\/h2>\n\t<iframe src=\"https:\/\/www.google.com\/maps\/embed\/v1\/place?q=Maroldova+2115%2C+Kladno+272+01&#038;key=AIzaSyD09zQ9PNDNNy9TadMuzRV_UsPUoWKntt8\" aria-hidden=\"true\"><\/iframe>\n                        <img decoding=\"async\" src=\"https:\/\/www.autoskolakristan.cz\/wp-content\/uploads\/bb-plugin\/cache\/Dewi_testimonial-square.jpg\" alt=\"Dewi_testimonial\" itemprop=\"image\" title=\"Dewi_testimonial\"  \/>\n\t\t                    <h4>Dewi<\/h4>\n                \t\t        \t\t        \t<p>I was a bit afraid of a driving school, but autoskola Kristan taught me everything and now I&#8217;m a confident driver. I can fully recommend this driving school.<\/p>\n                        <img loading=\"lazy\" decoding=\"async\" src=\"https:\/\/www.autoskolakristan.cz\/wp-content\/uploads\/bb-plugin\/cache\/testimonial02-square.png\" alt=\"testimonial02\" itemprop=\"image\" height=\"333\" width=\"318\" title=\"testimonial02\"  \/>\n\t\t                    <h4>Kristi\u00e1n<\/h4>\n                \t\t        \t\t        \t<p>I was looking for driving school, where I can learn as much as possible a try the most challenging traffic situations. Driving school K\u0159\u0161\u0165an provided me excatly that experience, and and fully satisfied.<\/p>\n\t\t<h2>\n\t\t\tOUR SATISFIED CLIENTS\n\t\t<\/h2>\n\t\t\t<p>Discover how our clients perceive their experience from training in our driving school.<\/p>\t\t\n\t\t<h2>\n\t\t\tSHALL WE RIDE?\n\t\t<\/h2>\n\t\t\t<p>Get license and experience at the same time. Join hunderds of satisfied driver!<\/p>\t\t\n\t<a href=\"\/en\/kladno\/online-prihlaska\/\" target=\"_self\" role=\"button\" aria-label=\"APPLY ONLINE\">\n\t\t\t\t\t\tAPPLY ONLINE\n\t\t\t<\/a>\n\t<p>Use our online form to apply yourself or to donate driving license to your close one.<\/p>","protected":false},"excerpt":{"rendered":"<p>KONTAKTY AUTO\u0160KOLY K\u0158I\u0160\u0164AN KLADNO Nen\u00ed auto\u0161kola jako auto\u0161kola KONTAKT kladno@autoskolakristan.cz 604 777 700 Maroldova 2115, Kladno 272 01 Vchod z ulice \u010cs. Arm\u00e1dy OTEV\u00cdRAC\u00cd DOBA Pond\u011bl\u00ed Po p\u0159edchoz\u00ed telefonick\u00e9 domluv\u011b \u00dater\u00fd 13:00 hod &#8211; 18:00 hod St\u0159eda Po p\u0159edchoz\u00ed telefonick\u00e9 domluv\u011b \u010ctvrtek 13:00 hod &#8211; 18:00 hod P\u00e1tek Po p\u0159edchoz\u00ed telefonick\u00e9 domluv\u011b MAPA KDE N\u00c1S&hellip;<\/p>","protected":false},"author":3,"featured_media":0,"parent":2198,"menu_order":4,"comment_status":"closed","ping_status":"closed","template":"","meta":{"footnotes":""},"class_list":["post-2230","page","type-page","status-publish","hentry"],"_links":{"self":[{"href":"https:\/\/www.autoskolakristan.cz\/en\/wp-json\/wp\/v2\/pages\/2230","targetHints":{"allow":["GET"]}}],"collection":[{"href":"https:\/\/www.autoskolakristan.cz\/en\/wp-json\/wp\/v2\/pages"}],"about":[{"href":"https:\/\/www.autoskolakristan.cz\/en\/wp-json\/wp\/v2\/types\/page"}],"author":[{"embeddable":true,"href":"https:\/\/www.autoskolakristan.cz\/en\/wp-json\/wp\/v2\/users\/3"}],"replies":[{"embeddable":true,"href":"https:\/\/www.autoskolakristan.cz\/en\/wp-json\/wp\/v2\/comments?post=2230"}],"version-history":[{"count":6,"href":"https:\/\/www.autoskolakristan.cz\/en\/wp-json\/wp\/v2\/pages\/2230\/revisions"}],"predecessor-version":[{"id":2356,"href":"https:\/\/www.autoskolakristan.cz\/en\/wp-json\/wp\/v2\/pages\/2230\/revisions\/2356"}],"up":[{"embeddable":true,"href":"https:\/\/www.autoskolakristan.cz\/en\/wp-json\/wp\/v2\/pages\/2198"}],"wp:attachment":[{"href":"https:\/\/www.autoskolakristan.cz\/en\/wp-json\/wp\/v2\/media?parent=2230"}],"curies":[{"name":"wp","href":"https:\/\/api.w.org\/{rel}","templated":true}]}}