{"id":2233,"date":"2024-05-26T10:23:09","date_gmt":"2024-05-26T09:23:09","guid":{"rendered":"https:\/\/www.autoskolakristan.cz\/?page_id=2233"},"modified":"2024-05-26T11:00:23","modified_gmt":"2024-05-26T10:00:23","slug":"motocykly","status":"publish","type":"page","link":"https:\/\/www.autoskolakristan.cz\/en\/kladno\/motocykly\/","title":{"rendered":"MOTORCYCLES"},"content":{"rendered":"<h1>\n\t\t\tMOTOCYKLY\n\t\t\t\t\t\t\t\t\t\t\tKLADNO\n\t\t<\/h1>\n\t\t\t<p>Not all driving schools are created equal<\/p>\t\t\n<h2>\n\t\tMOTOCYKL &#8211; \u0158IDI\u010cSK\u00dd PR\u016eKAZ\n\t<\/h2>\n\t<p>Choose your variant<\/p>\n\t\t<h3><a href=\"#prukaz-a\" target=\"_self\" rel=\"noopener\">GROUP <b>A<\/b><\/a><\/h3><p>FROM 24 YEARS<\/p>\n<p>For motorcycles with an output of over 35 kW<\/p>\n\t\t\t<a href=\"#prukaz-a\" target=\"_self\" rel=\"noopener\">\n\t\t\t\t\t\t\tCHOOSE <b>A<\/b>\n\t\t\t\t\t<\/a>\n\t\t<h3><a href=\"#prukaz-a2\" target=\"_self\" rel=\"noopener\">GROUP <b>A2<\/b><\/a><\/h3><p>FROM 18 YEARS<\/p>\n<p>For motorcycles up to 35 kW<\/p>\n\t\t\t<a href=\"#prukaz-a2\" target=\"_self\" rel=\"noopener\">\n\t\t\t\t\t\t\tCHOOSE <b>A2<\/b>\n\t\t\t\t\t<\/a>\n\t\t<h3><a href=\"#prukaz-a1\" target=\"_self\" rel=\"noopener\">GROUP <b>A1<\/b><\/a><\/h3><p>FROM 16 YEARS<\/p>\n<p>For motorcycles up to 125 ccm and 11 kW<\/p>\n\t\t\t<a href=\"#prukaz-a1\" target=\"_self\" rel=\"noopener\">\n\t\t\t\t\t\t\tCHOOSE <b>A1<\/b>\n\t\t\t\t\t<\/a>\n\t\t<h3><a href=\"#prukaz-am\" target=\"_self\" rel=\"noopener\">GROUP <b>AM<\/b><\/a><\/h3><p>FROM 15 YEARS<\/p>\n<p>For mopeds up to 50 ccm and 45 km\/h<\/p>\n\t\t\t<a href=\"#prukaz-am\" target=\"_self\" rel=\"noopener\">\n\t\t\t\t\t\t\tCHOOSE <b>AM<\/b>\n\t\t\t\t\t<\/a>\n<h2>\n\t\tMOTOCYKL &#8211; \u0158IDI\u010cSK\u00dd PR\u016eKAZ A\n\t<\/h2>\n\t<p>With an A license, you will be able to drive a motorcycle with an output of over 35 kW<\/p>\n\t\t<h3>YOU GET AUTHORIZATION TO<\/h3><p>1. motorcycles with or without a sidecar,<\/p>\n<p>2. three-wheel motor vehicles with a power exceeding 15 kW,<\/p>\n<p>3. also authorizes the driving of vehicles in categories A1 and A2,<\/p>\n<p>4. four-wheel vehicles with an engine power of up to 15 kW and an unladen weight of up to 400 kg.<\/p>\n\t<a href=\"\/en\/kladno\/online-prihlaska\/\" target=\"_self\" role=\"button\" aria-label=\"ORDER\" rel=\"noopener\">\n\t\t\t\t\t\tORDER\n\t\t\t<\/a>\n\t\t<h3>GRANTING CONDITIONS<\/h3><p>1. age 24,<\/p>\n<p>2. medical and professional competence,<\/p>\n<p>3. usual resident or student in the Czech Republic (at least 6 months),<\/p>\n<p>4. may not be prohibited from driving and may not have 12 points,<\/p>\n<p>5. not a holder of a valid driving license issued by another Member State,<\/p>\n<p>6. the Ministry shall grant an exemption from the age condition for holders of a motorized athlete's license, only for driving during a sports competition.<\/p>\n<h4>\n\t\tHOW DOES IT WORK?\n\t<\/h4>\n\t\t\t\tI DO NOT HAVE AUTHORIZATION A1 OR A2\n<h3>THEORY<\/h3>\n<p><strong>4<\/strong>\u00a0 hours: teaching regulations on vehicle operation<\/p>\n<p><strong>1<\/strong>\u00a0 hours: lessons on vehicle operation and maintenance<\/p>\n<p><strong>2<\/strong>\u00a0 hours: teaching driving theory and principles of safe driving<\/p>\n<p><strong>1<\/strong>\u00a0 hour: teaching medical training<\/p>\n<p><strong>1<\/strong>\u00a0 hour: repetition and examination<\/p>\n<h3>PRAXE<\/h3>\n<p><strong>13<\/strong>\u00a0 hours: driving training<\/p>\n<p><strong>1<\/strong>\u00a0 hour: practical maintenance training<\/p>\n<p><strong>4\u00a0<\/strong> hours: practical medical training<\/p>\n\t\t\t\tI HAVE AUTHORIZATION A1 OR A2 UNDER 2 YEARS\n<h3>THEORY<\/h3>\n<p><strong>2<\/strong> hours: teaching regulations on vehicle operation<\/p>\n<p><strong>1<\/strong> hours: lessons on vehicle operation and maintenance<\/p>\n<p><strong>1<\/strong> hours: teaching driving theory and principles of safe driving<\/p>\n<p><strong>1<\/strong>\u00a0hour: teaching medical training<\/p>\n<p><strong>1<\/strong>\u00a0hour: repetition and examination<\/p>\n<h3>PRAXE<\/h3>\n<p><strong>7<\/strong>\u00a0hours: driving training<\/p>\n<p><strong>1<\/strong> hour: practical maintenance training<\/p>\n<p><strong>2<\/strong>\u00a0hours: practical medical training<\/p>\n\t\t\t\tI HAVE AUTHORIZATION A2 FOR AT LEAST 2 YEARS\n<h3>YOUR THEORY IS COMPLETED<br \/>\n<\/h3>\nYou don't have a theory.\n<h3>PRACTICE ACCORDING TO THE AGREEMENT<br \/>\n<\/h3>\nM\u016f\u017ee se podrobit v\u00fdcviku v rozsahu, jak\u00fd si dohodne s auto\u0161kolou a slo\u017e\u00ed pouze tzv. dopl\u0148ovac\u00ed zkou\u0161ku, kter\u00e1 se provede ve stejn\u00e9m rozsahu a stejn\u00fdm zp\u016fsobem jako zkou\u0161ka z praktick\u00e9 j\u00edzdy podle \u00a7 42 z\u00e1kona \u010d. 247\/2000 Sb.\nPro v\u00fdcvik je nutn\u00fd platn\u00fd l\u00e9ka\u0159sk\u00fd posudek pro skupinu A!\n<h2>\n\t\tMOTOCYKL &#8211; \u0158IDI\u010cSK\u00dd PR\u016eKAZ A\n\t<\/h2>\n\t<p>With an A license, you will be able to drive a motorcycle with an output of over 35 kW<\/p>\n\t\t<h3>YOU GET AUTHORIZATION TO<\/h3><p>1. motorcycles with or without a sidecar,<\/p>\n<p>2. three-wheel motor vehicles with a power exceeding 15 kW,<\/p>\n<p>3. also authorizes the driving of vehicles in categories A1 and A2,<\/p>\n<p>4. four-wheel vehicles with an engine power of up to 15 kW and an unladen weight of up to 400 kg.<\/p>\n\t<a href=\"\/en\/kladno\/online-prihlaska\/\" target=\"_self\" role=\"button\" aria-label=\"ORDER\" rel=\"noopener\">\n\t\t\t\t\t\tORDER\n\t\t\t<\/a>\n\t\t<h3>GRANTING CONDITIONS<\/h3><p>1. age 24,<\/p>\n<p>2. medical and professional competence,<\/p>\n<p>3. usual resident or student in the Czech Republic (at least 6 months),<\/p>\n<p>4. may not be prohibited from driving and may not have 12 points,<\/p>\n<p>5. not a holder of a valid driving license issued by another Member State,<\/p>\n<p>6. the Ministry shall grant an exemption from the age condition for holders of a motorized athlete's license, only for driving during a sports competition.<\/p>\n<h4>\n\t\tHOW DOES IT WORK?\n\t<\/h4>\n\t\t\t\tI DO NOT HAVE AUTHORIZATION A1 OR A2\n<h3>THEORY<\/h3>\n<p><strong>4<\/strong>\u00a0 hours: teaching regulations on vehicle operation<\/p>\n<p><strong>1<\/strong>\u00a0 hours: lessons on vehicle operation and maintenance<\/p>\n<p><strong>2<\/strong>\u00a0 hours: teaching driving theory and principles of safe driving<\/p>\n<p><strong>1<\/strong>\u00a0 hour: teaching medical training<\/p>\n<p><strong>1<\/strong>\u00a0 hour: repetition and examination<\/p>\n<h3>PRAXE<\/h3>\n<p><strong>13<\/strong>\u00a0 hours: driving training<\/p>\n<p><strong>1<\/strong>\u00a0 hour: practical maintenance training<\/p>\n<p><strong>4\u00a0<\/strong> hours: practical medical training<\/p>\n\t\t\t\tI HAVE AUTHORIZATION A1 OR A2 UNDER 2 YEARS\n<h3>THEORY<\/h3>\n<p><strong>2<\/strong> hours: teaching regulations on vehicle operation<\/p>\n<p><strong>1<\/strong> hours: lessons on vehicle operation and maintenance<\/p>\n<p><strong>1<\/strong> hours: teaching driving theory and principles of safe driving<\/p>\n<p><strong>1<\/strong>\u00a0hour: teaching medical training<\/p>\n<p><strong>1<\/strong>\u00a0hour: repetition and examination<\/p>\n<h3>PRAXE<\/h3>\n<p><strong>7<\/strong>\u00a0hours: driving training<\/p>\n<p><strong>1<\/strong> hour: practical maintenance training<\/p>\n<p><strong>2<\/strong>\u00a0hours: practical medical training<\/p>\n\t\t\t\tI HAVE AUTHORIZATION A2 FOR AT LEAST 2 YEARS\n<h3>YOUR THEORY IS COMPLETED<br \/>\n<\/h3>\nYou don't have a theory.\n<h3>PRACTICE ACCORDING TO THE AGREEMENT<br \/>\n<\/h3>\nM\u016f\u017ee se podrobit v\u00fdcviku v rozsahu, jak\u00fd si dohodne s auto\u0161kolou a slo\u017e\u00ed pouze tzv. dopl\u0148ovac\u00ed zkou\u0161ku, kter\u00e1 se provede ve stejn\u00e9m rozsahu a stejn\u00fdm zp\u016fsobem jako zkou\u0161ka z praktick\u00e9 j\u00edzdy podle \u00a7 42 z\u00e1kona \u010d. 247\/2000 Sb.\nPro v\u00fdcvik je nutn\u00fd platn\u00fd l\u00e9ka\u0159sk\u00fd posudek pro skupinu A!\n<h2>\n\t\tMOTOCYKL &#8211; \u0158IDI\u010cSK\u00dd PR\u016eKAZ A2\n\t<\/h2>\n\t<p>With the A2 card you will be able to drive a motorcycle with an output of up to 35 kW<\/p>\n\t\t<h3>YOU GET AUTHORIZATION TO<\/h3><p>1. motorcycles with or without a sidecar, with an engine power not exceeding 35 kW and a power \/ weight ratio not exceeding 0,2 kW \/ kg, which have not been modified from a motorcycle with more than twice the power,<\/p>\n<p>2. also authorizes the driving of vehicles in categories A1<\/p>\n\t<a href=\"\/en\/kladno\/online-prihlaska\/\" target=\"_self\" role=\"button\" aria-label=\"ORDER\" rel=\"noopener\">\n\t\t\t\t\t\tORDER\n\t\t\t<\/a>\n\t\t<h3>GRANTING CONDITIONS<\/h3><p>1. age 18<\/p>\n<p>2. medical and professional competence,<\/p>\n<p>3. usual resident or student in the Czech Republic (at least 6 months),<\/p>\n<p>4. may not be prohibited from driving and may not have 12 points,<\/p>\n<p>5. not a holder of a valid driving license issued by another Member State,<\/p>\n<p>6. the Ministry shall grant an exemption from the age condition for holders of a motorized athlete's license, only for driving during a sports competition.<\/p>\n<h4>\n\t\tHOW DOES IT WORK?\n\t<\/h4>\n\t\t\t\tI DO NOT HAVE AUTHORIZATION A1\n<h3>THEORY<\/h3>\n<p><strong>4<\/strong>\u00a0 hours: teaching regulations on vehicle operation<\/p>\n<p><strong>1<\/strong>\u00a0 hours: lessons on vehicle operation and maintenance<\/p>\n<p><strong>2<\/strong>\u00a0 hours: teaching driving theory and principles of safe driving<\/p>\n<p><strong>1<\/strong>\u00a0 hour: teaching medical training<\/p>\n<p><strong>1<\/strong>\u00a0 hour: repetition and examination<\/p>\n<h3>PRAXE<\/h3>\n<p><strong>13<\/strong>\u00a0 hours: driving training<\/p>\n<p><strong>1<\/strong>\u00a0 hour: practical maintenance training<\/p>\n<p><strong>4\u00a0<\/strong> hours: practical medical training<\/p>\n\t\t\t\tI HAVE AUTHORIZATION A1 FOR UNDER 2 YEARS\n<h3>THEORY<\/h3>\n<p><strong>2<\/strong> hours: teaching regulations on vehicle operation<\/p>\n<p><strong>1<\/strong> hours: lessons on vehicle operation and maintenance<\/p>\n<p><strong>1<\/strong> hours: teaching driving theory and principles of safe driving<\/p>\n<p><strong>1<\/strong>\u00a0hour: teaching medical training<\/p>\n<p><strong>1<\/strong>\u00a0hour: repetition and examination<\/p>\n<h3>PRAXE<\/h3>\n<p><strong>7<\/strong>\u00a0hours: driving training<\/p>\n<p><strong>1<\/strong> hour: practical maintenance training<\/p>\n<p><strong>2<\/strong>\u00a0hours: practical medical training<\/p>\n\t\t\t\tI HAVE AUTHORIZATION A2 FOR AT LEAST 2 YEARS\n<h3>YOUR THEORY IS COMPLETED<br \/>\n<\/h3>\nYou don't have a theory.\n<h3>PRACTICE ACCORDING TO THE AGREEMENT<br \/>\n<\/h3>\nHe may undergo training to the extent agreed with the driving school and pass only the so-called supplementary test, which will be performed to the same extent and in the same way as the practical driving test according to \u00a7 42 of Act No. 247\/2000 Coll.\n<h2>\n\t\tMOTOCYKL &#8211; \u0158IDI\u010cSK\u00dd PR\u016eKAZ A1\n\t<\/h2>\n\t<p>With the A1 license, you will be able to drive a motorcycle with an output of up to 125 ccm and 11 kW<\/p>\n\t\t<h3>TRAINING<\/h3><p>The length of the training depends on the applicant's abilities (usually one month or two). Individual accelerated training can be completed in 16 days. One lesson lasts 45 minutes. The candidate orders the driving hours according to his \/ her time possibilities, he \/ she can complete a maximum of two practical hours a day. The training takes place on a Yamaha TW 125 motorcycle.<\/p>\n\t<a href=\"\/en\/kladno\/online-prihlaska\/\" target=\"_self\" role=\"button\" aria-label=\"ORDER\" rel=\"noopener\">\n\t\t\t\t\t\tORDER\n\t\t\t<\/a>\n\t\t<h3>GRANTING CONDITIONS<\/h3><p>1. age 16,<\/p>\n<p>2. medical competence,<\/p>\n<p>3. valid application for a driving license,<\/p>\n<p>4. at the age of 18, the written consent of the legal representative,<\/p>\n<p>5. usual residence or study in the Czech Republic (at least 6 months),<\/p>\n\t\t<h3>THEORY<\/h3><p><strong>4<\/strong>\u00a0 hours: teaching regulations on vehicle operation<\/p>\n<p><strong>1<\/strong>\u00a0 hours: lessons on vehicle operation and maintenance<\/p>\n<p><strong>2<\/strong>\u00a0 hours: teaching driving theory and principles of safe driving<\/p>\n<p><strong>1<\/strong>\u00a0 hour: teaching medical training<\/p>\n<p><strong>1<\/strong>\u00a0 hour: repetition and examination<\/p>\n\t\t<h3>PRAXE<\/h3><p><strong>13<\/strong>\u00a0 hours: driving training (3 etaps)<\/p>\n<p><strong>1<\/strong>\u00a0 hour: practical maintenance training<\/p>\n<p><strong>4\u00a0<\/strong> hours: practical medical training<\/p>\n<h2>\n\t\tMOPED &#8211; \u0158IDI\u010cSK\u00dd PR\u016eKAZ AM\n\t<\/h2>\n\t<p>With an AM card, you will be able to drive a moped or scooter with an output of up to\n50 ccm and 45 km\/h<\/p>\n\t\t<h3>TRAINING<\/h3><p>The length of the training depends on the applicant's abilities (usually one month or two). Individual accelerated training can be completed in 16 days. One lesson lasts 45 minutes. The candidate orders the driving hours according to his \/ her time possibilities, he \/ she can complete a maximum of two practical hours a day. The training takes place on a Yamaha TW 125 motorcycle.<\/p>\n\t<a href=\"\/en\/kladno\/online-prihlaska\/\" target=\"_self\" role=\"button\" aria-label=\"ORDER\" rel=\"noopener\">\n\t\t\t\t\t\tORDER\n\t\t\t<\/a>\n\t\t<h3>GRANTING CONDITIONS<\/h3><p>1. age 15,<\/p>\n<p>2. medical competence,<\/p>\n<p>3. valid application for a driving license,<\/p>\n<p>4. at the age of 18, the written consent of the legal representative,<\/p>\n\t\t<h3>THEORY<\/h3><p><strong>4<\/strong>\u00a0 hours: teaching regulations on vehicle operation<\/p>\n<p><strong>1<\/strong>\u00a0 hours: lessons on vehicle operation and maintenance<\/p>\n<p><strong>2<\/strong>\u00a0 hours: teaching driving theory and principles of safe driving<\/p>\n<p><strong>1<\/strong>\u00a0 hour: teaching medical training<\/p>\n<p><strong>1<\/strong>\u00a0 hour: repetition and examination<\/p>\n\t\t<h3>PRAXE<\/h3><p><strong>13<\/strong>\u00a0 hours: driving training (3 etaps)<\/p>\n<p><strong>1<\/strong>\u00a0 hour: practical maintenance training<\/p>\n<p><strong>4\u00a0<\/strong> hours: practical medical training<\/p>\n                        <img decoding=\"async\" src=\"https:\/\/www.autoskolakristan.cz\/wp-content\/uploads\/bb-plugin\/cache\/Dewi_testimonial-square.jpg\" alt=\"Dewi_testimonial\" itemprop=\"image\" title=\"Dewi_testimonial\"  \/>\n\t\t                    <h4>Dewi<\/h4>\n                \t\t        \t\t        \t<p>I was a bit afraid of a driving school, but autoskola Kristan taught me everything and now I&#8217;m a confident driver. I can fully recommend this driving school.<\/p>\n                        <img loading=\"lazy\" decoding=\"async\" src=\"https:\/\/www.autoskolakristan.cz\/wp-content\/uploads\/bb-plugin\/cache\/testimonial02-square.png\" alt=\"testimonial02\" itemprop=\"image\" height=\"333\" width=\"318\" title=\"testimonial02\"  \/>\n\t\t                    <h4>Kristi\u00e1n<\/h4>\n                \t\t        \t\t        \t<p>I was looking for driving school, where I can learn as much as possible a try the most challenging traffic situations. Driving school K\u0159\u0161\u0165an provided me excatly that experience, and and fully satisfied.<\/p>\n\t\t<h2>\n\t\t\tOUR SATISFIED CLIENTS\n\t\t<\/h2>\n\t\t\t<p>Discover how our clients perceive their experience from training in our driving school.<\/p>\t\t\n\t\t<h2>\n\t\t\tSHALL WE RIDE?\n\t\t<\/h2>\n\t\t\t<p>Get license and experience at the same time. Join hunderds of satisfied driver!<\/p>\t\t\n\t<a href=\"\/en\/kladno\/online-prihlaska\/\" target=\"_self\" role=\"button\" aria-label=\"APPLY ONLINE\" rel=\"noopener\">\n\t\t\t\t\t\tAPPLY ONLINE\n\t\t\t<\/a>\n\t<p>Use our online form to apply yourself or to donate driving license to your close one.<\/p>","protected":false},"excerpt":{"rendered":"<p>MOTOCYKLY KLADNO Nen\u00ed auto\u0161kola jako auto\u0161kola MOTOCYKL &#8211; \u0158IDI\u010cSK\u00dd PR\u016eKAZ Vyber si svou variantu SKUPINA A OD 24 LET Pro motocykly o v\u00fdkonu nad 35 kW VYBRAT A SKUPINA A2 OD 18 LET Pro motocykly o v\u00fdkonu od 25 kW do 35 kW VYBRAT A2 SKUPINA A1 OD 16 LET Pro motocykly do 125 ccm&hellip;<\/p>","protected":false},"author":3,"featured_media":0,"parent":2198,"menu_order":4,"comment_status":"closed","ping_status":"closed","template":"","meta":{"footnotes":""},"class_list":["post-2233","page","type-page","status-publish","hentry"],"_links":{"self":[{"href":"https:\/\/www.autoskolakristan.cz\/en\/wp-json\/wp\/v2\/pages\/2233","targetHints":{"allow":["GET"]}}],"collection":[{"href":"https:\/\/www.autoskolakristan.cz\/en\/wp-json\/wp\/v2\/pages"}],"about":[{"href":"https:\/\/www.autoskolakristan.cz\/en\/wp-json\/wp\/v2\/types\/page"}],"author":[{"embeddable":true,"href":"https:\/\/www.autoskolakristan.cz\/en\/wp-json\/wp\/v2\/users\/3"}],"replies":[{"embeddable":true,"href":"https:\/\/www.autoskolakristan.cz\/en\/wp-json\/wp\/v2\/comments?post=2233"}],"version-history":[{"count":4,"href":"https:\/\/www.autoskolakristan.cz\/en\/wp-json\/wp\/v2\/pages\/2233\/revisions"}],"predecessor-version":[{"id":2302,"href":"https:\/\/www.autoskolakristan.cz\/en\/wp-json\/wp\/v2\/pages\/2233\/revisions\/2302"}],"up":[{"embeddable":true,"href":"https:\/\/www.autoskolakristan.cz\/en\/wp-json\/wp\/v2\/pages\/2198"}],"wp:attachment":[{"href":"https:\/\/www.autoskolakristan.cz\/en\/wp-json\/wp\/v2\/media?parent=2233"}],"curies":[{"name":"wp","href":"https:\/\/api.w.org\/{rel}","templated":true}]}}