{"id":2242,"date":"2024-05-26T10:29:28","date_gmt":"2024-05-26T09:29:28","guid":{"rendered":"https:\/\/www.autoskolakristan.cz\/?page_id=2242"},"modified":"2024-05-26T11:02:23","modified_gmt":"2024-05-26T10:02:23","slug":"nakladni-automobil","status":"publish","type":"page","link":"https:\/\/www.autoskolakristan.cz\/en\/kladno\/nakladni-automobil\/","title":{"rendered":"TRUCK"},"content":{"rendered":"<h1>\n\t\t\tN\u00c1KLADN\u00cd AUTOMOBIL\n\t\t\t\t\t\t\t\t\t\t\tKLADNO\n\t\t<\/h1>\n\t\t\t<p>Not all driving schools are created equal<\/p>\t\t\n<h4>\n\t\tDRIVING LICENSE GROUP C\n\t<\/h4>\n<h2>\n\t\tTRUCK\n\t<\/h2>\n\t<p>A category C driving license entitles the holder to drive motor vehicles with a total mass exceeding 3500 kg, unless they are intended for the carriage of passengers.<\/p>\n<p>A trailer with a maximum permissible weight not exceeding 750 kg may be attached to this motor vehicle.<\/p>\n\t\t\t\t\t\t\t\t\t<img decoding=\"async\" src=\"http:\/\/www.autoskolakristan.cz\/wp-content\/uploads\/2021\/03\/nakladni.jpg\" alt=\"nakladni\" itemprop=\"image\" srcset=\"https:\/\/www.autoskolakristan.cz\/wp-content\/uploads\/2021\/03\/nakladni.jpg 601w, https:\/\/www.autoskolakristan.cz\/wp-content\/uploads\/2021\/03\/nakladni-300x194.jpg 300w, https:\/\/www.autoskolakristan.cz\/wp-content\/uploads\/2021\/03\/nakladni-16x10.jpg 16w\" sizes=\"(max-width: 601px) 100vw, 601px\" title=\"nakladni\" onerror=\"this.style.display='none'\"  \/>\n\t\t\t<a href=\"#vycvik-c\" target=\"_self\" rel=\"noopener\">\n\t\t\t\t\t\t\tWHAT DOES  THE TRAINING LOOK LIKE ?\n\t\t\t\t\t<\/a>\n<h2>\n\t\tN\u00c1KLADN\u00cd AUTOMOBIL &#8211; \u0158IDI\u010cSK\u00dd PR\u016eKAZ C\n\t<\/h2>\n\t<p>You will be able to drive vehicles weighing more than 3500 kg<\/p>\n\t\t<h3>WHY DRIVING SCHOOL K\u0158I\u0160\u0164AN ?<\/h3><p>1.individual approach<\/p>\n<p>2. quality vehicles,<\/p>\n<p>3. possibilities of consultation,<\/p>\n<p>4. over 25 years of tradition<\/p>\n\t\t<h3>GRANTING CONDITIONS<\/h3><p>1. age 21 (18 under the conditions below),<\/p>\n<p>2. valid medical examination<\/p>\n<p>3. the applicant holds a group B driving license,<\/p>\n<p>4. usual residence or study in the Czech Republic (at least 6 months),<\/p>\n\t<a href=\"\/en\/kladno\/online-prihlaska\/\" target=\"_self\" role=\"button\" aria-label=\"ORDER\" rel=\"noopener\">\n\t\t\t\t\t\tORDER\n\t\t\t<\/a>\n\t\t<h3>AGE EXCEPTION<\/h3><p><strong>A driving license for group C may also be granted to a person who has reached the age of 18, while the municipal authority of the municipality with extended powers will limit the driving license to the age of 21 only to drive vehicles:<\/strong><\/p>\n<p>1) Ministry of the Interior used by the police,<\/p>\n<p>2) Prison services of the Czech Republic,<\/p>\n<p>3) the Armed Forces of the Czech Republic,<\/p>\n<p>4) municipal police,<\/p>\n<p>5) the Fire Rescue Corps of the Czech Republic and fire protection units,<\/p>\n<p>6) customs authorities,<\/p>\n<p>7) during a test drive in connection with their repair or maintenance.<\/p>\n<h4>\n\t\tHOW DOES IT WORK?\n\t<\/h4>\n\t\t\t\tThe length of the training depends mainly on the applicant's abilities and, given that they are Group B holders, the training can be completed in a month, if the applicant adapts to the training and teaching regime. One lesson lasts 45 minutes. The candidate orders the driving hours according to his \/ her time possibilities, he \/ she can complete a maximum of two practical hours a day.\n<p><strong>18<\/strong>\u00a0hours: driving training ( 3 etaps )<\/p>\n<p><strong>4<\/strong>\u00a0hours:practical maintenance training<\/p>\n<p><strong>4<\/strong>\u00a0hours: practical medical training<\/p>\n<p>\u00a0<\/p>\n\t\t\t\t11 HOURS OF THEORY\n<p><strong>3<\/strong>\u00a0hour: teaching regulations on vehicle operation<\/p>\n<p><strong>3<\/strong>\u00a0hour: lessons on vehicle operation and maintenance<\/p>\n<p><strong>3<\/strong>\u00a0hours: teaching driving theory and principles of safe driving<\/p>\n<p><strong>1<\/strong>\u00a0hour: teaching medical training<\/p>\n<p><strong>1<\/strong>\u00a0hour: repetition and examination<\/p>\n<p>mo\u017enost konzultac\u00ed\u00a0&#8211; pravideln\u011b ka\u017ed\u00e9 \u00fater\u00fd 14\u00a0&#8211; 18\u00a0hod.<\/p>\n\t\t\t\tEXAM\n<p>The final exams are usually taken at the driving school's headquarters. The applicant must have a valid ID card, driver's license - if he holds a + municipal fee.<\/p>\n<p>The exams are divided into 3 parts:<\/p>\n<ul>\n<li>test of regulations on traffic on roads (1 test)<\/li>\n<li>practical driving test<\/li>\n<li>vehicle control and maintenance test (3 questions)<\/li>\n<\/ul>\n<h4>\n\t\tGREAT TRAINING MUST ENTERTAIN\n\t<\/h4>\n<h2>\n\t\tThis is what a great driving school looks like\n\t<\/h2>\n\t\t\t\t<a\n\t\t\thref=\"https:\/\/www.autoskolakristan.cz\/wp-content\/uploads\/2021\/03\/IMG_5249-1-1024x768.jpg\"\n\t\t\t\t\t\tdata-fancybox=\"images\" \n\t\t\ttitle=\"IMG_5249\" \n\t\t\t\t\t\tdata-description=\"\" \n\t\t\titemprop=\"contentUrl\">\n\t\t\t<img loading=\"lazy\" decoding=\"async\" src=\"https:\/\/www.autoskolakristan.cz\/wp-content\/uploads\/2021\/03\/IMG_5249-1-1024x768.jpg\" alt=\"\" data-no-lazy=\"1\" itemprop=\"thumbnail\" width=\"1024\" height=\"768\" \/>\n\t\t\t<!-- Overlay Wrapper -->\n\t\t\t <!-- Overlay Wrapper Closed -->\n\t\t\t\t<\/a>\n\t\t\t\t\t\t\t<meta itemprop=\"width\" content=\"1024\" \/>\n\t\t\t<meta itemprop=\"height\" content=\"768\" \/>\n\t\t\t\t<a\n\t\t\thref=\"https:\/\/www.autoskolakristan.cz\/wp-content\/uploads\/2021\/03\/IMG_4120-1-1024x768.jpg\"\n\t\t\t\t\t\tdata-fancybox=\"images\" \n\t\t\ttitle=\"IMG_4120\" \n\t\t\t\t\t\tdata-description=\"\" \n\t\t\titemprop=\"contentUrl\">\n\t\t\t<img loading=\"lazy\" decoding=\"async\" src=\"https:\/\/www.autoskolakristan.cz\/wp-content\/uploads\/2021\/03\/IMG_4120-1-1024x768.jpg\" alt=\"\" data-no-lazy=\"1\" itemprop=\"thumbnail\" width=\"1024\" height=\"768\" \/>\n\t\t\t<!-- Overlay Wrapper -->\n\t\t\t <!-- Overlay Wrapper Closed -->\n\t\t\t\t<\/a>\n\t\t\t\t\t\t\t<meta itemprop=\"width\" content=\"1024\" \/>\n\t\t\t<meta itemprop=\"height\" content=\"768\" \/>\n\t\t\t\t<a\n\t\t\thref=\"https:\/\/www.autoskolakristan.cz\/wp-content\/uploads\/2020\/07\/car02.jpg\"\n\t\t\t\t\t\tdata-fancybox=\"images\" \n\t\t\ttitle=\"car02\" \n\t\t\t\t\t\tdata-description=\"\" \n\t\t\titemprop=\"contentUrl\">\n\t\t\t<img loading=\"lazy\" decoding=\"async\" src=\"https:\/\/www.autoskolakristan.cz\/wp-content\/uploads\/2020\/07\/car02.jpg\" alt=\"\" data-no-lazy=\"1\" itemprop=\"thumbnail\" width=\"768\" height=\"576\" \/>\n\t\t\t<!-- Overlay Wrapper -->\n\t\t\t <!-- Overlay Wrapper Closed -->\n\t\t\t\t<\/a>\n\t\t\t\t\t\t\t<meta itemprop=\"width\" content=\"768\" \/>\n\t\t\t<meta itemprop=\"height\" content=\"576\" \/>\n\t\t\t\t<a\n\t\t\thref=\"https:\/\/www.autoskolakristan.cz\/wp-content\/uploads\/2021\/03\/IMG_4282-1024x768.jpg\"\n\t\t\t\t\t\tdata-fancybox=\"images\" \n\t\t\ttitle=\"IMG_4282\" \n\t\t\t\t\t\tdata-description=\"\" \n\t\t\titemprop=\"contentUrl\">\n\t\t\t<img loading=\"lazy\" decoding=\"async\" src=\"https:\/\/www.autoskolakristan.cz\/wp-content\/uploads\/2021\/03\/IMG_4282-1024x768.jpg\" alt=\"\" data-no-lazy=\"1\" itemprop=\"thumbnail\" width=\"1024\" height=\"768\" \/>\n\t\t\t<!-- Overlay Wrapper -->\n\t\t\t <!-- Overlay Wrapper Closed -->\n\t\t\t\t<\/a>\n\t\t\t\t\t\t\t<meta itemprop=\"width\" content=\"1024\" \/>\n\t\t\t<meta itemprop=\"height\" content=\"768\" \/>\n\t\t\t\t<a\n\t\t\thref=\"https:\/\/www.autoskolakristan.cz\/wp-content\/uploads\/2021\/03\/daniela_pouzit-1024x768.jpg\"\n\t\t\t\t\t\tdata-fancybox=\"images\" \n\t\t\ttitle=\"daniela_pouzit\" \n\t\t\t\t\t\tdata-description=\"\" \n\t\t\titemprop=\"contentUrl\">\n\t\t\t<img loading=\"lazy\" decoding=\"async\" src=\"https:\/\/www.autoskolakristan.cz\/wp-content\/uploads\/2021\/03\/daniela_pouzit-1024x768.jpg\" alt=\"\" data-no-lazy=\"1\" itemprop=\"thumbnail\" width=\"1024\" height=\"768\" \/>\n\t\t\t<!-- Overlay Wrapper -->\n\t\t\t <!-- Overlay Wrapper Closed -->\n\t\t\t\t<\/a>\n\t\t\t\t\t\t\t<meta itemprop=\"width\" content=\"1024\" \/>\n\t\t\t<meta itemprop=\"height\" content=\"768\" \/>\n\t\t\t\t<a\n\t\t\thref=\"https:\/\/www.autoskolakristan.cz\/wp-content\/uploads\/2021\/03\/IMG_5677-1024x768.jpg\"\n\t\t\t\t\t\tdata-fancybox=\"images\" \n\t\t\ttitle=\"IMG_5677\" \n\t\t\t\t\t\tdata-description=\"\" \n\t\t\titemprop=\"contentUrl\">\n\t\t\t<img loading=\"lazy\" decoding=\"async\" src=\"https:\/\/www.autoskolakristan.cz\/wp-content\/uploads\/2021\/03\/IMG_5677-1024x768.jpg\" alt=\"\" data-no-lazy=\"1\" itemprop=\"thumbnail\" width=\"1024\" height=\"768\" \/>\n\t\t\t<!-- Overlay Wrapper -->\n\t\t\t <!-- Overlay Wrapper Closed -->\n\t\t\t\t<\/a>\n\t\t\t\t\t\t\t<meta itemprop=\"width\" content=\"1024\" \/>\n\t\t\t<meta itemprop=\"height\" content=\"768\" \/>\n\t\t\t\t<a\n\t\t\thref=\"https:\/\/www.autoskolakristan.cz\/wp-content\/uploads\/2021\/03\/IMG_6369-1024x768.jpg\"\n\t\t\t\t\t\tdata-fancybox=\"images\" \n\t\t\ttitle=\"IMG_6369\" \n\t\t\t\t\t\tdata-description=\"\" \n\t\t\titemprop=\"contentUrl\">\n\t\t\t<img loading=\"lazy\" decoding=\"async\" src=\"https:\/\/www.autoskolakristan.cz\/wp-content\/uploads\/2021\/03\/IMG_6369-1024x768.jpg\" alt=\"\" data-no-lazy=\"1\" itemprop=\"thumbnail\" width=\"1024\" height=\"768\" \/>\n\t\t\t<!-- Overlay Wrapper -->\n\t\t\t <!-- Overlay Wrapper Closed -->\n\t\t\t\t<\/a>\n\t\t\t\t\t\t\t<meta itemprop=\"width\" content=\"1024\" \/>\n\t\t\t<meta itemprop=\"height\" content=\"768\" \/>\n\t\t\t\t<a\n\t\t\thref=\"https:\/\/www.autoskolakristan.cz\/wp-content\/uploads\/2021\/03\/IMG_4387-1024x768.jpg\"\n\t\t\t\t\t\tdata-fancybox=\"images\" \n\t\t\ttitle=\"IMG_4387\" \n\t\t\t\t\t\tdata-description=\"\" \n\t\t\titemprop=\"contentUrl\">\n\t\t\t<img loading=\"lazy\" decoding=\"async\" src=\"https:\/\/www.autoskolakristan.cz\/wp-content\/uploads\/2021\/03\/IMG_4387-1024x768.jpg\" alt=\"\" data-no-lazy=\"1\" itemprop=\"thumbnail\" width=\"1024\" height=\"768\" \/>\n\t\t\t<!-- Overlay Wrapper -->\n\t\t\t <!-- Overlay Wrapper Closed -->\n\t\t\t\t<\/a>\n\t\t\t\t\t\t\t<meta itemprop=\"width\" content=\"1024\" \/>\n\t\t\t<meta itemprop=\"height\" content=\"768\" \/>\n\t\t\t\t<a href=\"#\">More pictures<\/a>\n\t<a href=\"\/en\/kladno\/osobni-automobil\/\" target=\"_self\" role=\"button\" aria-label=\"CAR LICENSE\" rel=\"noopener\">\n\t\t\t\t\t\tCAR LICENSE\n\t\t\t\t\t<\/a>\n\t<a href=\"#kral-silnic\" target=\"_self\" role=\"button\" aria-label=\"OTHER LICENSES\" rel=\"noopener\">\n\t\t\t\t\t\tOTHER LICENSES\n\t\t\t\t\t<\/a>\n\t<p>With us, you will learn to control any car fully and receive the type B driving license, which allows you to drive passenger cars all around the world.<\/p>\n<p>We also provide training for motorcycles (A), trucks (C), buses (D), and trailers (E).<\/p>\n\t\t<h4>\n\t\t\tModal Box\n\t\t\t\t\t<\/h4>\n\t\t<h5>modal-<\/h5>\n\t\tClick here to edit the &#8222;modal-box&#8220; settings. This text is only for editing and will not appear after you publish the changes.\t\n\t\t\t\t\t\tPreview\n\t\t\tmodal-\n\t\t\t\t\t\t\t\t\t<img loading=\"lazy\" decoding=\"async\" src=\"https:\/\/www.autoskolakristan.cz\/wp-content\/uploads\/2021\/01\/kristan_logo_header.png\" alt=\"kristan_logo_header\" itemprop=\"image\" height=\"280\" width=\"280\" srcset=\"https:\/\/www.autoskolakristan.cz\/wp-content\/uploads\/2021\/01\/kristan_logo_header.png 280w, https:\/\/www.autoskolakristan.cz\/wp-content\/uploads\/2021\/01\/kristan_logo_header-150x150.png 150w, https:\/\/www.autoskolakristan.cz\/wp-content\/uploads\/2021\/01\/kristan_logo_header-12x12.png 12w\" sizes=\"auto, (max-width: 280px) 100vw, 280px\" title=\"kristan_logo_header\" onerror=\"this.style.display='none'\"  \/>\n\t\t<h1>\n\t\tDRIVING LICENCE FROM AGE OF 17!\n\t<\/h1>\n\t<p>Od ledna 2024 m\u016f\u017eete slo\u017eit z\u00e1v\u011bre\u010dnou zkou\u0161ku a z\u00edskat \u0159idi\u010dsk\u00e9 opr\u00e1vn\u011bn\u00ed ode dne dovr\u0161en\u00ed 17. roku v tzv. re\u017eimu L17. V\u00fdcvik prob\u00edh\u00e1 ve stejn\u00e9 podob\u011b a cen\u011b jako klasick\u00fd v\u00fdcvik pro skupinu B &#8211; osobn\u00ed automobil.<\/p>\n<p><strong>P\u0159ihlaste se na v\u00fdcvik je\u0161t\u011b dnes!<\/strong><\/p>\n<p>&nbsp;<\/p>\n<p>\u0158idi\u010di ve v\u011bku do 18 let mohou jezdit pouze pod dohledem mentora &#8211; zku\u0161en\u00e9ho \u0159idi\u010de.<\/p>\n<p>P\u0159ipravujeme standardizovan\u00e9 \u0161kolen\u00ed i individu\u00e1ln\u00ed v\u00fdcvik mentor\u016f. Zavolejte n\u00e1m a domluv\u00edme se na term\u00ednu.<\/p>\n\t\t\t\t\t\t\t\t<a href=\"\/en\/ridicsky-prukaz\/#cenik\" target=\"_self\" itemprop=\"url\" rel=\"noopener\">\n\t\t\t\t\t\t\t\t\t<img loading=\"lazy\" decoding=\"async\" src=\"https:\/\/www.autoskolakristan.cz\/wp-content\/uploads\/2023\/11\/l17.png\" alt=\"l17\" itemprop=\"image\" height=\"493\" width=\"495\" srcset=\"https:\/\/www.autoskolakristan.cz\/wp-content\/uploads\/2023\/11\/l17.png 495w, https:\/\/www.autoskolakristan.cz\/wp-content\/uploads\/2023\/11\/l17-300x300.png 300w, https:\/\/www.autoskolakristan.cz\/wp-content\/uploads\/2023\/11\/l17-150x150.png 150w, https:\/\/www.autoskolakristan.cz\/wp-content\/uploads\/2023\/11\/l17-12x12.png 12w\" sizes=\"auto, (max-width: 495px) 100vw, 495px\" title=\"l17\" onerror=\"this.style.display='none'\"  \/>\n\t\t\t\t\t\t\t\t\t\t\t\t\t<\/a>\n\t<a href=\"https:\/\/www.autoskolakristan.cz\/en\/praha\/darovat-autoskolu\/\" target=\"_self\" role=\"button\" aria-label=\"CAR LICENSE\" rel=\"noopener\">\n\t\t\t\t\t\tCAR LICENSE\n\t\t\t\t\t<\/a>\n\t<a href=\"https:\/\/www.autoskolakristan.cz\/en\/praha\/online-prihlaska\/\" target=\"_self\" role=\"button\" aria-label=\"ORDER\" rel=\"noopener\">\n\t\t\t\t\t\tORDER\n\t\t\t\t\t<\/a>\n                        <img decoding=\"async\" src=\"https:\/\/www.autoskolakristan.cz\/wp-content\/uploads\/bb-plugin\/cache\/Dewi_testimonial-square.jpg\" alt=\"Dewi_testimonial\" itemprop=\"image\" title=\"Dewi_testimonial\"  \/>\n\t\t                    <h4>Dewi<\/h4>\n                \t\t        \t\t        \t<p>I was a bit afraid of a driving school, but autoskola Kristan taught me everything and now I&#8217;m a confident driver. I can fully recommend this driving school.<\/p>\n                        <img loading=\"lazy\" decoding=\"async\" src=\"https:\/\/www.autoskolakristan.cz\/wp-content\/uploads\/bb-plugin\/cache\/testimonial02-square.png\" alt=\"testimonial02\" itemprop=\"image\" height=\"333\" width=\"318\" title=\"testimonial02\"  \/>\n\t\t                    <h4>Kristi\u00e1n<\/h4>\n                \t\t        \t\t        \t<p>I was looking for driving school, where I can learn as much as possible a try the most challenging traffic situations. Driving school K\u0159\u0161\u0165an provided me excatly that experience, and and fully satisfied.<\/p>\n\t\t<h2>\n\t\t\tOUR SATISFIED CLIENTS\n\t\t<\/h2>\n\t\t\t<p>Discover how our clients perceive their experience from training in our driving school.<\/p>\t\t\n\t\t<h2>\n\t\t\tSHALL WE RIDE?\n\t\t<\/h2>\n\t\t\t<p>Get license and experience at the same time. Join hunderds of satisfied driver!<\/p>\t\t\n\t<a href=\"\/en\/kladno\/online-prihlaska\/\" target=\"_self\" role=\"button\" aria-label=\"APPLY ONLINE\" rel=\"noopener\">\n\t\t\t\t\t\tAPPLY ONLINE\n\t\t\t<\/a>\n\t<p>Use our online form to apply yourself or to donate driving license to your close one.<\/p>","protected":false},"excerpt":{"rendered":"<p>N\u00c1KLADN\u00cd AUTOMOBIL KLADNO Nen\u00ed auto\u0161kola jako auto\u0161kola \u0158IDI\u010cSK\u00dd PR\u016eKAZ SKUPINY C N\u00e1kladn\u00ed automobil \u0158idi\u010dsk\u00fd pr\u016fkaz skupiny C oprav\u0148uje k \u0159\u00edzen\u00ed motorov\u00fdch vozidel o celkov\u00e9 hmotnosti p\u0159esahuj\u00edc\u00ed 3500 kg, pokud nejsou ur\u010dena k p\u0159eprav\u011b osob. K tomuto motorov\u00e9mu vozidlu sm\u00ed b\u00fdt p\u0159ipojeno p\u0159\u00edpojn\u00e9 vozidlo, jeho\u017e maxim\u00e1ln\u00ed p\u0159\u00edpustn\u00e1 hmotnost nep\u0159evy\u0161uje 750 kg. JAK VYPAD\u00c1 V\u00ddCVIK? N\u00c1KLADN\u00cd AUTOMOBIL&hellip;<\/p>","protected":false},"author":3,"featured_media":0,"parent":2198,"menu_order":7,"comment_status":"closed","ping_status":"closed","template":"","meta":{"footnotes":""},"class_list":["post-2242","page","type-page","status-publish","hentry"],"_links":{"self":[{"href":"https:\/\/www.autoskolakristan.cz\/en\/wp-json\/wp\/v2\/pages\/2242","targetHints":{"allow":["GET"]}}],"collection":[{"href":"https:\/\/www.autoskolakristan.cz\/en\/wp-json\/wp\/v2\/pages"}],"about":[{"href":"https:\/\/www.autoskolakristan.cz\/en\/wp-json\/wp\/v2\/types\/page"}],"author":[{"embeddable":true,"href":"https:\/\/www.autoskolakristan.cz\/en\/wp-json\/wp\/v2\/users\/3"}],"replies":[{"embeddable":true,"href":"https:\/\/www.autoskolakristan.cz\/en\/wp-json\/wp\/v2\/comments?post=2242"}],"version-history":[{"count":4,"href":"https:\/\/www.autoskolakristan.cz\/en\/wp-json\/wp\/v2\/pages\/2242\/revisions"}],"predecessor-version":[{"id":2304,"href":"https:\/\/www.autoskolakristan.cz\/en\/wp-json\/wp\/v2\/pages\/2242\/revisions\/2304"}],"up":[{"embeddable":true,"href":"https:\/\/www.autoskolakristan.cz\/en\/wp-json\/wp\/v2\/pages\/2198"}],"wp:attachment":[{"href":"https:\/\/www.autoskolakristan.cz\/en\/wp-json\/wp\/v2\/media?parent=2242"}],"curies":[{"name":"wp","href":"https:\/\/api.w.org\/{rel}","templated":true}]}}