{"id":691,"date":"2021-01-19T14:44:44","date_gmt":"2021-01-19T13:44:44","guid":{"rendered":"http:\/\/www.autoskolakristan.cz\/?page_id=691"},"modified":"2024-05-26T09:05:52","modified_gmt":"2024-05-26T08:05:52","slug":"rozcestnik","status":"publish","type":"page","link":"https:\/\/www.autoskolakristan.cz\/en\/","title":{"rendered":"Rozcestn\u00edk"},"content":{"rendered":"<h2>\n\t\tV\u00cdTEJ V AUTO\u0160KOLE K\u0158I\u0160\u0164AN\n\t<\/h2>\n<h2>\n\t\tVyber si, kde chce\u0161 \u0159\u00eddit\n\t<\/h2>\n<h2>\n\t\t<a href=\"https:\/\/www.autoskolakristan.cz\/en\/praha\/\" title=\"PRAGUE\" target=\"_self\" rel=\"noopener\">\n\t\tPRAGUE\n\t\t<\/a>\n\t<\/h2>\n\t\t\t\t\t\t\t\t<a href=\"https:\/\/www.autoskolakristan.cz\/en\/praha\/\" target=\"_self\" itemprop=\"url\" rel=\"noopener\">\n\t\t\t\t\t\t\t\t\t<img loading=\"lazy\" decoding=\"async\" src=\"https:\/\/www.autoskolakristan.cz\/wp-content\/uploads\/2021\/01\/kristan_logo_header.png\" alt=\"kristan_logo_header\" itemprop=\"image\" height=\"280\" width=\"280\" srcset=\"https:\/\/www.autoskolakristan.cz\/wp-content\/uploads\/2021\/01\/kristan_logo_header.png 280w, https:\/\/www.autoskolakristan.cz\/wp-content\/uploads\/2021\/01\/kristan_logo_header-150x150.png 150w, https:\/\/www.autoskolakristan.cz\/wp-content\/uploads\/2021\/01\/kristan_logo_header-12x12.png 12w\" sizes=\"auto, (max-width: 280px) 100vw, 280px\" title=\"kristan_logo_header\" onerror=\"this.style.display='none'\"  \/>\n\t\t\t\t\t\t\t\t\t\t\t\t\t<\/a>\n\t<a href=\"https:\/\/www.autoskolakristan.cz\/en\/praha\/\" target=\"_self\" role=\"button\" aria-label=\"VSTOUPIT\" rel=\"noopener\">\n\t\t\t\t\t\tVSTOUPIT\n\t\t\t\t\t<\/a>\n<h2>\n\t\t<a href=\"https:\/\/www.autoskolakristan.cz\/en\/kladno\/\" title=\"KLADNO\" target=\"_self\" rel=\"noopener\">\n\t\tKLADNO\n\t\t<\/a>\n\t<\/h2>\n\t\t\t\t\t\t\t\t<a href=\"https:\/\/www.autoskolakristan.cz\/en\/kladno\/\" target=\"_self\" itemprop=\"url\" rel=\"noopener\">\n\t\t\t\t\t\t\t\t\t<img loading=\"lazy\" decoding=\"async\" src=\"https:\/\/www.autoskolakristan.cz\/wp-content\/uploads\/bb-plugin\/cache\/Autoskola_Kristan_Stredni_Cechy-circle.png\" alt=\"Autoskola_Kristan_Stredni_Cechy\" itemprop=\"image\" height=\"567\" width=\"567\" title=\"Autoskola_Kristan_Stredni_Cechy\" onerror=\"this.style.display='none'\"  \/>\n\t\t\t\t\t\t\t\t\t\t\t\t\t<\/a>\n\t<a href=\"https:\/\/www.autoskolakristan.cz\/en\/kladno\/\" target=\"_self\" role=\"button\" aria-label=\"VSTOUPIT\" rel=\"noopener\">\n\t\t\t\t\t\tVSTOUPIT\n\t\t\t\t\t<\/a>","protected":false},"excerpt":{"rendered":"<p>V\u00cdTEJ V AUTO\u0160KOLE K\u0158I\u0160\u0164AN Vyber si, kde chce\u0161 \u0159\u00eddit PRAHA VSTOUPIT KLADNO VSTOUPIT<\/p>","protected":false},"author":3,"featured_media":0,"parent":0,"menu_order":0,"comment_status":"closed","ping_status":"closed","template":"","meta":{"footnotes":""},"class_list":["post-691","page","type-page","status-publish","hentry"],"_links":{"self":[{"href":"https:\/\/www.autoskolakristan.cz\/en\/wp-json\/wp\/v2\/pages\/691","targetHints":{"allow":["GET"]}}],"collection":[{"href":"https:\/\/www.autoskolakristan.cz\/en\/wp-json\/wp\/v2\/pages"}],"about":[{"href":"https:\/\/www.autoskolakristan.cz\/en\/wp-json\/wp\/v2\/types\/page"}],"author":[{"embeddable":true,"href":"https:\/\/www.autoskolakristan.cz\/en\/wp-json\/wp\/v2\/users\/3"}],"replies":[{"embeddable":true,"href":"https:\/\/www.autoskolakristan.cz\/en\/wp-json\/wp\/v2\/comments?post=691"}],"version-history":[{"count":2,"href":"https:\/\/www.autoskolakristan.cz\/en\/wp-json\/wp\/v2\/pages\/691\/revisions"}],"predecessor-version":[{"id":2197,"href":"https:\/\/www.autoskolakristan.cz\/en\/wp-json\/wp\/v2\/pages\/691\/revisions\/2197"}],"wp:attachment":[{"href":"https:\/\/www.autoskolakristan.cz\/en\/wp-json\/wp\/v2\/media?parent=691"}],"curies":[{"name":"wp","href":"https:\/\/api.w.org\/{rel}","templated":true}]}}